{"id":33102,"date":"2025-02-20T23:34:55","date_gmt":"2025-02-20T22:34:55","guid":{"rendered":"https:\/\/olemosaic.orbitalia.org\/producto\/bailaora-figura-de-resina-de-12-cm-negro-rojo-pintada-a-mano\/"},"modified":"2025-07-25T20:18:48","modified_gmt":"2025-07-25T18:18:48","slug":"danseuse-flamenco-figurine-resine-12-cm-noir-rouge-peinte-main","status":"publish","type":"product","link":"https:\/\/olemosaic.orbitalia.org\/fr\/produit\/danseuse-flamenco-figurine-resine-12-cm-noir-rouge-peinte-main\/","title":{"rendered":"Danseuse de Flamenco. Figurine en mosa\u00efque de 12 cm. Noir \/ rouge."},"content":{"rendered":"<p>Figurine en r\u00e9sine de danseuse de flamenco<\/p>\n<p>Cette \u00e9l\u00e9gante figurine en r\u00e9sine, de 12 cm de hauteur, capture l&rsquo;essence vibrante de l&rsquo;art flamenco espagnol, un authentique souvenir de S\u00e9ville. Peinte \u00e0 la main, elle se distingue par sa palette de couleurs noir et rouge, qui refl\u00e8te la passion et le dynamisme de cette tradition cultural. La danseuse porte une impressionnante robe \u00e0 volants d\u00e9cor\u00e9e de pois rouges, un symbole classique de la tenue flamenca, et sa posture \u00e9voque le mouvement et la gr\u00e2ce de la danse. Dans sa main, elle tient un \u00e9ventail color\u00e9, une touche distinctive et culturelle qui compl\u00e8te sa tenue, un d\u00e9tail essentiel du flamenco.<\/p>\n<p>Cette figurine n&rsquo;est pas seulement un objet d\u00e9coratif ; c&rsquo;est un rappel tangible du riche h\u00e9ritage culturel andalou. Id\u00e9ale pour ceux qui recherchent un souvenir authentique, cette pi\u00e8ce est parfaite pour \u00eatre expos\u00e9e dans n&rsquo;importe quel foyer, ajoutant une touche d&rsquo;Espagne \u00e0 la d\u00e9coration. Chez Ol\u00e9 Mosaic, nous nous sp\u00e9cialisons dans la distribution de souvenirs en gros, et cette figurine de danseuse est une excellente option pour les boutiques de cadeaux touristiques, offrant \u00e0 leurs clients un morceau de l&rsquo;\u00e2me de S\u00e9ville. De plus, en tant que grossistes d&rsquo;articles typiques, nous garantissons la qualit\u00e9 et l&rsquo;authenticit\u00e9 de chaque produit.<\/p>\n","protected":false},"excerpt":{"rendered":"<p>Figurine de 12 cm repr\u00e9sentant une \u00e9l\u00e9gante danseuse de flamenco, au design artisanal, peinte \u00e0 la main, dans les tons noir et rouge. D\u00e9cor\u00e9e d&rsquo;une robe \u00e0 volants et de pois rouges, cette figurine capture l&rsquo;essence de l&rsquo;art flamenco espagnol. Elle tient un \u00e9ventail aux couleurs vibrantes qui ajoute une touche culturelle distinctive. Id\u00e9ale comme souvenir de S\u00e9ville, cette \u0153uvre d&rsquo;art sera un \u00e9l\u00e9ment d\u00e9coratif attrayant dans n&rsquo;importe quel foyer.<\/p>\n","protected":false},"featured_media":7849,"template":"","meta":{"_acf_changed":false},"product_brand":[],"product_cat":[540],"product_tag":[],"class_list":{"0":"post-33102","1":"product","2":"type-product","3":"status-publish","4":"has-post-thumbnail","6":"product_cat-chiffres","7":"pa_motivo-danseurs","9":"first","10":"instock","11":"shipping-taxable","12":"product-type-simple"},"acf":[],"_links":{"self":[{"href":"https:\/\/olemosaic.orbitalia.org\/fr\/wp-json\/wp\/v2\/product\/33102","targetHints":{"allow":["GET"]}}],"collection":[{"href":"https:\/\/olemosaic.orbitalia.org\/fr\/wp-json\/wp\/v2\/product"}],"about":[{"href":"https:\/\/olemosaic.orbitalia.org\/fr\/wp-json\/wp\/v2\/types\/product"}],"wp:featuredmedia":[{"embeddable":true,"href":"https:\/\/olemosaic.orbitalia.org\/fr\/wp-json\/wp\/v2\/media\/7849"}],"wp:attachment":[{"href":"https:\/\/olemosaic.orbitalia.org\/fr\/wp-json\/wp\/v2\/media?parent=33102"}],"wp:term":[{"taxonomy":"product_brand","embeddable":true,"href":"https:\/\/olemosaic.orbitalia.org\/fr\/wp-json\/wp\/v2\/product_brand?post=33102"},{"taxonomy":"product_cat","embeddable":true,"href":"https:\/\/olemosaic.orbitalia.org\/fr\/wp-json\/wp\/v2\/product_cat?post=33102"},{"taxonomy":"product_tag","embeddable":true,"href":"https:\/\/olemosaic.orbitalia.org\/fr\/wp-json\/wp\/v2\/product_tag?post=33102"}],"curies":[{"name":"wp","href":"https:\/\/api.w.org\/{rel}","templated":true}]}}