{"id":33101,"date":"2025-02-20T23:34:55","date_gmt":"2025-02-20T22:34:55","guid":{"rendered":"https:\/\/olemosaic.orbitalia.org\/producto\/bailaora-figura-de-resina-de-17-cm-rojo-pintada-a-mano\/"},"modified":"2025-07-25T18:40:35","modified_gmt":"2025-07-25T16:40:35","slug":"danseuse-flamenco-figurine-resine-17-cm-rouge-peinte-main","status":"publish","type":"product","link":"https:\/\/olemosaic.orbitalia.org\/fr\/produit\/danseuse-flamenco-figurine-resine-17-cm-rouge-peinte-main\/","title":{"rendered":"Danseuse de Flamenco. Figurine en mosa\u00efque de 17 cm. Rouge."},"content":{"rendered":"<p>Figurine en r\u00e9sine de danseuse de flamenco de 17 cm<\/p>\n<p>D\u00e9couvrez notre \u00e9blouissante figurine en r\u00e9sine, qui capture l&rsquo;essence du flamenco andalou avec une danseuse dans une pose dynamique, tenant un \u00e9ventail avec \u00e9l\u00e9gance. D&rsquo;une hauteur de 17 cm, cette sculpture \u00e0 l&rsquo;effet peint \u00e0 la main est une repr\u00e9sentation vibrante de la tradition espagnole, se distinguant par sa robe rouge intense orn\u00e9e de d\u00e9tails en mosa\u00efque, apportant une touche de modernit\u00e9 \u00e0 un classique intemporel. Les tons blanc et noir de la figurine contrastent merveilleusement avec le rouge, ajoutant \u00e9l\u00e9gance et sophistication \u00e0 la composition.<\/p>\n<p>Le chignon et les d\u00e9tails d\u00e9licats des manches de la danseuse apportent une aura authentique et charmante qui \u00e9voque les performances passionn\u00e9es dans les tablaos de S\u00e9ville. Ce souvenir n&rsquo;est pas seulement une repr\u00e9sentation artistique, mais aussi un hommage \u00e0 la culture espagnole, parfait pour ceux qui cherchent \u00e0 ramener un morceau d&rsquo;Andalousie chez eux. C&rsquo;est un cadeau id\u00e9al pour les touristes souhaitant un souvenir typique de leur visite en Espagne, se distinguant comme une pi\u00e8ce authentique et significative. Chez Ol\u00e9 Mosaic, nous sommes des distributeurs de souvenirs qui garantissent l&rsquo;authenticit\u00e9 et la qualit\u00e9, offrant des produits qui c\u00e9l\u00e8brent le riche h\u00e9ritage culturel de l&rsquo;Espagne. Sans aucun doute, cette figurine de danseuse est une excellente option pour les boutiques de cadeaux touristiques cherchant \u00e0 proposer des articles repr\u00e9sentatifs et uniques.<\/p>\n","protected":false},"excerpt":{"rendered":"<p>Figurine de 17 cm repr\u00e9sentant une danseuse de flamenco dans une pose dynamique, avec un \u00e9ventail \u00e0 la main. Cette sculpture au design artisanal, peinte \u00e0 la main, se distingue par sa robe rouge vibrante avec des d\u00e9tails en mosa\u00efque et une riche d\u00e9coration en noir et blanc, \u00e9voquant la tradition andalouse. Les cheveux attach\u00e9s et les d\u00e9tails des manches apportent une touche authentique et \u00e9l\u00e9gante, id\u00e9ale pour les amoureux de la culture espagnole.<\/p>\n","protected":false},"featured_media":6121,"template":"","meta":{"_acf_changed":false},"product_brand":[],"product_cat":[540],"product_tag":[],"class_list":{"0":"post-33101","1":"product","2":"type-product","3":"status-publish","4":"has-post-thumbnail","6":"product_cat-chiffres","7":"pa_motivo-danseurs","9":"first","10":"instock","11":"shipping-taxable","12":"product-type-simple"},"acf":[],"_links":{"self":[{"href":"https:\/\/olemosaic.orbitalia.org\/fr\/wp-json\/wp\/v2\/product\/33101","targetHints":{"allow":["GET"]}}],"collection":[{"href":"https:\/\/olemosaic.orbitalia.org\/fr\/wp-json\/wp\/v2\/product"}],"about":[{"href":"https:\/\/olemosaic.orbitalia.org\/fr\/wp-json\/wp\/v2\/types\/product"}],"wp:featuredmedia":[{"embeddable":true,"href":"https:\/\/olemosaic.orbitalia.org\/fr\/wp-json\/wp\/v2\/media\/6121"}],"wp:attachment":[{"href":"https:\/\/olemosaic.orbitalia.org\/fr\/wp-json\/wp\/v2\/media?parent=33101"}],"wp:term":[{"taxonomy":"product_brand","embeddable":true,"href":"https:\/\/olemosaic.orbitalia.org\/fr\/wp-json\/wp\/v2\/product_brand?post=33101"},{"taxonomy":"product_cat","embeddable":true,"href":"https:\/\/olemosaic.orbitalia.org\/fr\/wp-json\/wp\/v2\/product_cat?post=33101"},{"taxonomy":"product_tag","embeddable":true,"href":"https:\/\/olemosaic.orbitalia.org\/fr\/wp-json\/wp\/v2\/product_tag?post=33101"}],"curies":[{"name":"wp","href":"https:\/\/api.w.org\/{rel}","templated":true}]}}