{"id":33075,"date":"2025-02-20T23:34:55","date_gmt":"2025-02-20T22:34:55","guid":{"rendered":"https:\/\/olemosaic.orbitalia.org\/producto\/bailaora-figura-de-resina-de-10-cm-rojo-pintada-a-mano\/"},"modified":"2025-07-25T19:17:35","modified_gmt":"2025-07-25T17:17:35","slug":"danseuse-flamenco-figurine-resine-10-cm-rouge-peinte-a-la-main","status":"publish","type":"product","link":"https:\/\/olemosaic.orbitalia.org\/fr\/produit\/danseuse-flamenco-figurine-resine-10-cm-rouge-peinte-a-la-main\/","title":{"rendered":"Danseuse de Flamenco. Figurine en mosa\u00efque de 10 cm. Rouge."},"content":{"rendered":"<p>Figurine de danseuse de flamenco en r\u00e9sine, 10 cm.<\/p>\n<p>Cette figurine voyante en r\u00e9sine repr\u00e9sente une danseuse de flamenco en plein mouvement, un symbole iconique de la culture andalouse qui capture l&rsquo;essence de cet art passionnant. D&rsquo;une hauteur de 10 cm, la figurine semble \u00eatre peinte \u00e0 la main, ce qui lui conf\u00e8re une finition unique et authentique. La danseuse porte un costume rouge vibrant, orn\u00e9 de petites mosa\u00efques \u00e9voquant la richesse de la tradition espagnole. La jupe, avec des volants \u00e0 la base, ajoute du dynamisme \u00e0 la pi\u00e8ce, simulant le flux et le mouvement de sa danse. Son geste \u00e9l\u00e9gant et son expression radieuse soulignent son \u00e9nergie contagieuse, tandis qu&rsquo;elle tient un \u00e9ventail d\u00e9licat qui apporte une touche d&rsquo;authenticit\u00e9 \u00e0 cette repr\u00e9sentation du folklore espagnol.<\/p>\n<p>Ce souvenir est plus qu&rsquo;un simple \u00e9l\u00e9ment d\u00e9coratif ; c&rsquo;est un rappel de la passion et de l&rsquo;art que le flamenco repr\u00e9sente en Andalousie. Id\u00e9al pour les touristes cherchant \u00e0 emporter un morceau de la culture espagnole, cette figurine de danseuse deviendra un objet pr\u00e9cieux qui \u00e9voquera les souvenirs de leur voyage. Chez Ol\u00e9 Mosaic, nous nous consacrons \u00e0 la distribution de souvenirs en gros, et cette figurine de danseuse est une s\u00e9lection parfaite pour les boutiques de cadeaux touristiques souhaitant offrir des souvenirs authentiques et repr\u00e9sentatifs de l&rsquo;Espagne. Avec chaque d\u00e9tail m\u00e9ticuleusement \u00e9labor\u00e9, cette figurine se positionne comme un excellent souvenir qui apporte joie et couleur \u00e0 n&rsquo;importe quel espace.<\/p>\n","protected":false},"excerpt":{"rendered":"<p>Figurine de 10 cm repr\u00e9sentant une danseuse de flamenco en plein mouvement, design artisanal, peinte \u00e0 la main. Avec un costume rouge vibrant orn\u00e9 de petites mosa\u00efques et des volants \u00e0 la base, la figurine capture l&rsquo;essence du folklore espagnol. La danseuse tient un \u00e9ventail \u00e9l\u00e9gant, ajoutant une touche d&rsquo;authenticit\u00e9 \u00e0 la sc\u00e8ne. Id\u00e9ale comme souvenir ou \u00e9l\u00e9ment d\u00e9coratif \u00e9voquant la culture andalouse et sa passion pour la danse.<\/p>\n","protected":false},"featured_media":6129,"template":"","meta":{"_acf_changed":false},"product_brand":[],"product_cat":[540],"product_tag":[],"class_list":{"0":"post-33075","1":"product","2":"type-product","3":"status-publish","4":"has-post-thumbnail","6":"product_cat-chiffres","7":"pa_motivo-danseurs","9":"first","10":"instock","11":"shipping-taxable","12":"product-type-simple"},"acf":[],"_links":{"self":[{"href":"https:\/\/olemosaic.orbitalia.org\/fr\/wp-json\/wp\/v2\/product\/33075","targetHints":{"allow":["GET"]}}],"collection":[{"href":"https:\/\/olemosaic.orbitalia.org\/fr\/wp-json\/wp\/v2\/product"}],"about":[{"href":"https:\/\/olemosaic.orbitalia.org\/fr\/wp-json\/wp\/v2\/types\/product"}],"wp:featuredmedia":[{"embeddable":true,"href":"https:\/\/olemosaic.orbitalia.org\/fr\/wp-json\/wp\/v2\/media\/6129"}],"wp:attachment":[{"href":"https:\/\/olemosaic.orbitalia.org\/fr\/wp-json\/wp\/v2\/media?parent=33075"}],"wp:term":[{"taxonomy":"product_brand","embeddable":true,"href":"https:\/\/olemosaic.orbitalia.org\/fr\/wp-json\/wp\/v2\/product_brand?post=33075"},{"taxonomy":"product_cat","embeddable":true,"href":"https:\/\/olemosaic.orbitalia.org\/fr\/wp-json\/wp\/v2\/product_cat?post=33075"},{"taxonomy":"product_tag","embeddable":true,"href":"https:\/\/olemosaic.orbitalia.org\/fr\/wp-json\/wp\/v2\/product_tag?post=33075"}],"curies":[{"name":"wp","href":"https:\/\/api.w.org\/{rel}","templated":true}]}}