{"id":33074,"date":"2025-02-20T23:34:55","date_gmt":"2025-02-20T22:34:55","guid":{"rendered":"https:\/\/olemosaic.orbitalia.org\/producto\/bailaora-figura-de-resina-de-8-cm-rojo-pintada-a-mano\/"},"modified":"2025-07-25T18:36:31","modified_gmt":"2025-07-25T16:36:31","slug":"danseuse-flamenco-figurine-resine-8-cm-rouge-peinte-a-la-main","status":"publish","type":"product","link":"https:\/\/olemosaic.orbitalia.org\/fr\/produit\/danseuse-flamenco-figurine-resine-8-cm-rouge-peinte-a-la-main\/","title":{"rendered":"Danseuse de Flamenco. Figurine en mosa\u00efque de 8 cm. Rouge."},"content":{"rendered":"<p>Figurine de danseuse de flamenco en r\u00e9sine<\/p>\n<p>Cette charmante figurine en r\u00e9sine de 8 cm repr\u00e9sente magistralement une danseuse de flamenco, peinte \u00e0 la main dans des tons rouges vibrants qui \u00e9voquent la passion et l&rsquo;art du folklore espagnol. Elle porte un magnifique costume \u00e0 volants orn\u00e9 de fleurs, qui rehausse le dynamisme de sa silhouette. D&rsquo;une main, elle tient un \u00e9ventail sugg\u00e9rant le mouvement, tandis que sa posture et son expression refl\u00e8tent l&rsquo;essence du flamenco, une danse riche en tradition et en \u00e9motion. L&rsquo;attention port\u00e9e aux d\u00e9tails est remarquable ; les bords ondul\u00e9s de sa robe et les nuances de son visage ajoutent de la profondeur et du caract\u00e8re, faisant de cette figurine une pi\u00e8ce vraiment unique.<\/p>\n<p>Ce souvenir n&rsquo;est pas seulement une repr\u00e9sentation du flamenco, il symbolise \u00e9galement la culture andalouse qui l&rsquo;accueille. Le flamenco, avec ses racines dans l&rsquo;histoire et les traditions espagnoles, est un h\u00e9ritage culturel qui r\u00e9sonne dans chaque recoin de l&rsquo;Andalousie. Cette figurine est id\u00e9ale comme souvenir pour ceux qui visitent la r\u00e9gion ou comme \u00e9l\u00e9ment d\u00e9coratif dans n&rsquo;importe quel espace, apportant une touche authentique et vibrante. Chez Ol\u00e9 Mosaic, nous sommes fiers de proposer des souvenirs de qualit\u00e9 qui capturent l&rsquo;essence de l&rsquo;Espagne, et cette figurine de danseuse est sans aucun doute un ajout id\u00e9al pour les boutiques de cadeaux touristiques \u00e0 la recherche de produits authentiques. En tant que grossistes de souvenirs, nous garantissons l&rsquo;originalit\u00e9 et le charme de chaque pi\u00e8ce, la rendant parfaite pour les amateurs de culture et d&rsquo;art espagnol.<\/p>\n","protected":false},"excerpt":{"rendered":"<p>Figurine de 8 cm repr\u00e9sentant une danseuse de flamenco, design artisanal, peinte \u00e0 la main, dans des tons rouges vibrants. Elle porte un superbe costume \u00e0 volants et fleurs, et tient un \u00e9ventail qui donne du dynamisme \u00e0 la pose. Les d\u00e9tails, soign\u00e9s au maximum, \u00e9voquent la tradition et l&rsquo;art du flamenco, capturant l&rsquo;essence de la culture espagnole. Id\u00e9ale comme souvenir ou pour d\u00e9corer des espaces avec une touche andalouse.<\/p>\n","protected":false},"featured_media":6133,"template":"","meta":{"_acf_changed":false},"product_brand":[],"product_cat":[540],"product_tag":[],"class_list":{"0":"post-33074","1":"product","2":"type-product","3":"status-publish","4":"has-post-thumbnail","6":"product_cat-chiffres","7":"pa_motivo-danseurs","9":"first","10":"instock","11":"shipping-taxable","12":"product-type-simple"},"acf":[],"_links":{"self":[{"href":"https:\/\/olemosaic.orbitalia.org\/fr\/wp-json\/wp\/v2\/product\/33074","targetHints":{"allow":["GET"]}}],"collection":[{"href":"https:\/\/olemosaic.orbitalia.org\/fr\/wp-json\/wp\/v2\/product"}],"about":[{"href":"https:\/\/olemosaic.orbitalia.org\/fr\/wp-json\/wp\/v2\/types\/product"}],"wp:featuredmedia":[{"embeddable":true,"href":"https:\/\/olemosaic.orbitalia.org\/fr\/wp-json\/wp\/v2\/media\/6133"}],"wp:attachment":[{"href":"https:\/\/olemosaic.orbitalia.org\/fr\/wp-json\/wp\/v2\/media?parent=33074"}],"wp:term":[{"taxonomy":"product_brand","embeddable":true,"href":"https:\/\/olemosaic.orbitalia.org\/fr\/wp-json\/wp\/v2\/product_brand?post=33074"},{"taxonomy":"product_cat","embeddable":true,"href":"https:\/\/olemosaic.orbitalia.org\/fr\/wp-json\/wp\/v2\/product_cat?post=33074"},{"taxonomy":"product_tag","embeddable":true,"href":"https:\/\/olemosaic.orbitalia.org\/fr\/wp-json\/wp\/v2\/product_tag?post=33074"}],"curies":[{"name":"wp","href":"https:\/\/api.w.org\/{rel}","templated":true}]}}