{"id":33072,"date":"2025-02-20T23:34:54","date_gmt":"2025-02-20T22:34:54","guid":{"rendered":"https:\/\/olemosaic.orbitalia.org\/producto\/bailaora-figura-de-resina-de-10-cm-negro-rojo-pintada-a-mano\/"},"modified":"2025-07-25T19:51:16","modified_gmt":"2025-07-25T17:51:16","slug":"danseuse-flamenco-figurine-resine-10-cm-noir-rouge-peinte-a-la-main","status":"publish","type":"product","link":"https:\/\/olemosaic.orbitalia.org\/fr\/produit\/danseuse-flamenco-figurine-resine-10-cm-noir-rouge-peinte-a-la-main\/","title":{"rendered":"Danseuse de Flamenco. Figurine en mosa\u00efque de 10 cm. Noir \/ rouge."},"content":{"rendered":"<p>Figurine de danseuse de flamenco en r\u00e9sine<\/p>\n<p>D\u00e9couvrez notre spectaculaire figurine en r\u00e9sine de 10 cm qui capture l&rsquo;essence du flamenco andalou dans chaque d\u00e9tail. Ce charmant souvenir repr\u00e9sente une \u00e9l\u00e9gante danseuse, peinte \u00e0 la main dans une combinaison vibrante de noir et de rouge, avec une robe \u00e0 volants \u00e9voquant la riche tradition andalouse. Des pois rouges ornent sa robe, cr\u00e9ant un contraste visuel qui souligne le dynamisme et le mouvement caract\u00e9ristiques du flamenco. Tenant un d\u00e9licat \u00e9ventail d\u00e9coratif, la danseuse semble prendre vie dans une pose imitant l&rsquo;art de cette c\u00e9l\u00e8bre danse espagnole. Son expression faciale refl\u00e8te la joie et la passion, apportant une touche authentique qui connecte profond\u00e9ment avec la culture espagnole.<\/p>\n<p>Ce souvenir est id\u00e9al pour ceux qui recherchent une pi\u00e8ce repr\u00e9sentative qui non seulement d\u00e9core leur maison, mais rend \u00e9galement hommage au folklore espagnol. La figurine est parfaite pour d\u00e9corer des \u00e9tag\u00e8res, des tables ou des vitrines, devenant un point focal qui inspire la conversation et l&rsquo;admiration. Chez Ol\u00e9 Mosaic, nous nous sp\u00e9cialisons dans la distribution de souvenirs en gros, offrant des produits authentiques qui c\u00e9l\u00e8brent l&rsquo;h\u00e9ritage culturel de l&rsquo;Espagne. Cet objet est une excellente option pour les boutiques de cadeaux touristiques souhaitant proposer des souvenirs mettant en valeur la beaut\u00e9 et la tradition de l&rsquo;art flamenco.<\/p>\n","protected":false},"excerpt":{"rendered":"<p>Figurine de 10 cm repr\u00e9sentant une \u00e9l\u00e9gante danseuse de flamenco, design artisanal, peinte \u00e0 la main, avec des d\u00e9tails en noir et rouge. Sa robe \u00e0 volants noirs \u00e0 pois rouges \u00e9voque la tradition andalouse. La figurine tient un \u00e9ventail d\u00e9coratif, capturant l&rsquo;essence de l&rsquo;art flamenco. Avec une expression vive et une pose dynamique, c&rsquo;est un souvenir frappant qui rend hommage au folklore espagnol, id\u00e9al pour d\u00e9corer n&rsquo;importe quel espace.<\/p>\n","protected":false},"featured_media":7850,"template":"","meta":{"_acf_changed":false},"product_brand":[],"product_cat":[540],"product_tag":[],"class_list":{"0":"post-33072","1":"product","2":"type-product","3":"status-publish","4":"has-post-thumbnail","6":"product_cat-chiffres","7":"pa_motivo-danseurs","9":"first","10":"instock","11":"shipping-taxable","12":"product-type-simple"},"acf":[],"_links":{"self":[{"href":"https:\/\/olemosaic.orbitalia.org\/fr\/wp-json\/wp\/v2\/product\/33072","targetHints":{"allow":["GET"]}}],"collection":[{"href":"https:\/\/olemosaic.orbitalia.org\/fr\/wp-json\/wp\/v2\/product"}],"about":[{"href":"https:\/\/olemosaic.orbitalia.org\/fr\/wp-json\/wp\/v2\/types\/product"}],"wp:featuredmedia":[{"embeddable":true,"href":"https:\/\/olemosaic.orbitalia.org\/fr\/wp-json\/wp\/v2\/media\/7850"}],"wp:attachment":[{"href":"https:\/\/olemosaic.orbitalia.org\/fr\/wp-json\/wp\/v2\/media?parent=33072"}],"wp:term":[{"taxonomy":"product_brand","embeddable":true,"href":"https:\/\/olemosaic.orbitalia.org\/fr\/wp-json\/wp\/v2\/product_brand?post=33072"},{"taxonomy":"product_cat","embeddable":true,"href":"https:\/\/olemosaic.orbitalia.org\/fr\/wp-json\/wp\/v2\/product_cat?post=33072"},{"taxonomy":"product_tag","embeddable":true,"href":"https:\/\/olemosaic.orbitalia.org\/fr\/wp-json\/wp\/v2\/product_tag?post=33072"}],"curies":[{"name":"wp","href":"https:\/\/api.w.org\/{rel}","templated":true}]}}