{"id":33071,"date":"2025-02-20T23:34:54","date_gmt":"2025-02-20T22:34:54","guid":{"rendered":"https:\/\/olemosaic.orbitalia.org\/producto\/pulpo-figura-de-resina-de-6-cm-pintada-a-mano\/"},"modified":"2025-07-25T19:50:00","modified_gmt":"2025-07-25T17:50:00","slug":"poulpe-figurine-resine-6-cm-peinte-a-la-main","status":"publish","type":"product","link":"https:\/\/olemosaic.orbitalia.org\/fr\/produit\/poulpe-figurine-resine-6-cm-peinte-a-la-main\/","title":{"rendered":"Poulpe. Figurine en mosa\u00efque de 6 cm."},"content":{"rendered":"<p>Figurine de poulpe en r\u00e9sine avec effet peint \u00e0 la main.<\/p>\n<p>Cette charmante figurine de poulpe, aux couleurs vives, refl\u00e8te le monde marin vibrant de la M\u00e9diterran\u00e9e. Elle est id\u00e9ale pour ceux qui recherchent un souvenir capturant l&rsquo;essence de la culture espagnole. D&rsquo;une hauteur de 6 cm, cette pi\u00e8ce en r\u00e9sine est m\u00e9ticuleusement peinte \u00e0 la main, se distinguant par ses teintes \u00e9clatantes de rose, jaune et bleu qui donnent vie au design. Chaque tentacule du poulpe pr\u00e9sente des d\u00e9tails et une texture soign\u00e9s, faisant de cet objet un v\u00e9ritable bijou visuel.<\/p>\n<p>Orn\u00e9e de mosa\u00efques color\u00e9es, cette figurine \u00e9voque la richesse des eaux qui bordent les c\u00f4tes espagnoles, mettant en valeur la tradition artisanale de la r\u00e9gion. Les mosa\u00efques, avec leurs combinaisons uniques, apportent une touche artistique et soulignent le lien culturel de l&rsquo;Espagne avec la mer, o\u00f9 le poulpe est un \u00e9l\u00e9ment iconique de la gastronomie et du folklore maritime.<\/p>\n<p>Parfaite comme souvenir, cette figurine est un excellent rappel de vacances inoubliables et une option tr\u00e8s appr\u00e9ci\u00e9e par les boutiques cherchant \u00e0 proposer des souvenirs de qualit\u00e9. Chez Ol\u00e9 Mosaic, nous nous consacrons \u00e0 la distribution de souvenirs en gros, garantissant l&rsquo;authenticit\u00e9 et le design artisanal de chaque pi\u00e8ce. Cette figurine de poulpe color\u00e9e est un choix exceptionnel pour les touristes souhaitant ramener chez eux un souvenir repr\u00e9sentatif et unique de leur exp\u00e9rience sur les c\u00f4tes espagnoles.<\/p>\n","protected":false},"excerpt":{"rendered":"<p>Figurine de poulpe de 6 cm, design artisanal, peinte \u00e0 la main, aux couleurs vibrantes. Cette charmante repr\u00e9sentation du c\u00e9l\u00e8bre mollusque se distingue par son design artisanal, orn\u00e9 de diverses mosa\u00efques \u00e9voquant la richesse de la M\u00e9diterran\u00e9e. Les tentacules du poulpe, riches en d\u00e9tails et en textures, se marient \u00e0 des tons brillants de rose, jaune et bleu, en faisant un souvenir color\u00e9 qui refl\u00e8te la culture maritime espagnole.<\/p>\n","protected":false},"featured_media":11073,"template":"","meta":{"_acf_changed":false},"product_brand":[],"product_cat":[540],"product_tag":[530],"class_list":{"0":"post-33071","1":"product","2":"type-product","3":"status-publish","4":"has-post-thumbnail","6":"product_cat-chiffres","7":"product_tag-animaux","8":"pa_motivo-poulpes","10":"first","11":"instock","12":"shipping-taxable","13":"product-type-simple"},"acf":[],"_links":{"self":[{"href":"https:\/\/olemosaic.orbitalia.org\/fr\/wp-json\/wp\/v2\/product\/33071","targetHints":{"allow":["GET"]}}],"collection":[{"href":"https:\/\/olemosaic.orbitalia.org\/fr\/wp-json\/wp\/v2\/product"}],"about":[{"href":"https:\/\/olemosaic.orbitalia.org\/fr\/wp-json\/wp\/v2\/types\/product"}],"wp:featuredmedia":[{"embeddable":true,"href":"https:\/\/olemosaic.orbitalia.org\/fr\/wp-json\/wp\/v2\/media\/11073"}],"wp:attachment":[{"href":"https:\/\/olemosaic.orbitalia.org\/fr\/wp-json\/wp\/v2\/media?parent=33071"}],"wp:term":[{"taxonomy":"product_brand","embeddable":true,"href":"https:\/\/olemosaic.orbitalia.org\/fr\/wp-json\/wp\/v2\/product_brand?post=33071"},{"taxonomy":"product_cat","embeddable":true,"href":"https:\/\/olemosaic.orbitalia.org\/fr\/wp-json\/wp\/v2\/product_cat?post=33071"},{"taxonomy":"product_tag","embeddable":true,"href":"https:\/\/olemosaic.orbitalia.org\/fr\/wp-json\/wp\/v2\/product_tag?post=33071"}],"curies":[{"name":"wp","href":"https:\/\/api.w.org\/{rel}","templated":true}]}}