{"id":33059,"date":"2025-02-20T23:34:54","date_gmt":"2025-02-20T22:34:54","guid":{"rendered":"https:\/\/olemosaic.orbitalia.org\/producto\/buho-figura-de-resina-de-6-cm-pintada-a-mano-2\/"},"modified":"2025-07-25T19:28:05","modified_gmt":"2025-07-25T17:28:05","slug":"hibou-figurine-resine-6-cm-peinte-main-2","status":"publish","type":"product","link":"https:\/\/olemosaic.orbitalia.org\/fr\/produit\/hibou-figurine-resine-6-cm-peinte-main-2\/","title":{"rendered":"Hibou. Figurine en mosa\u00efque de 6 cm. Effet visuel."},"content":{"rendered":"<p>Figurine de hibou en r\u00e9sine effet peint \u00e0 la main. Ce charmant hibou, de 6 cm de hauteur, est un joyau de l&rsquo;artisanat local qui captive par son design vibrant et son effet visuel color\u00e9. Chaque figurine, m\u00e9ticuleusement \u00e9labor\u00e9e avec un effet peint \u00e0 la main, pr\u00e9sente une combinaison complexe de couleurs telles que le rose, le bleu, le vert et le jaune, qui font ressortir son plumage et son expression sympathique. Les grands yeux du hibou, con\u00e7us avec beaucoup de d\u00e9tails, apportent vie et caract\u00e8re \u00e0 la pi\u00e8ce, en faisant un souvenir inoubliable de la tradition folklorique de la r\u00e9gion.<\/p>\n<p>Ce hibou n&rsquo;est pas seulement un objet d\u00e9coratif, mais il symbolise \u00e9galement la sagesse et la connexion avec la nature, des \u00e9l\u00e9ments profond\u00e9ment enracin\u00e9s dans la culture espagnole. Son design joyeux en fait un excellent souvenir qui repr\u00e9sente de mani\u00e8re significative l&rsquo;essence et le charme de sa localit\u00e9 d&rsquo;origine. Ol\u00e9 Mosaic est fier de proposer des souvenirs authentiques et de qualit\u00e9, comme cette figurine en r\u00e9sine, id\u00e9ale pour les touristes qui cherchent \u00e0 emporter un petit morceau de la culture et de la beaut\u00e9 de l&rsquo;Espagne sous forme d&rsquo;objet d\u00e9coratif. En tant que grossiste de figurines artisanales, nous garantissons que chaque pi\u00e8ce refl\u00e8te les traditions et le savoir-faire de l&rsquo;artisanat local, \u00e9tant parfaite pour les boutiques de cadeaux touristiques.<\/p>\n","protected":false},"excerpt":{"rendered":"<p>Figurine de hibou au design artisanal, peinte \u00e0 la main, de 6 cm de hauteur. Ce charmant hibou pr\u00e9sente un design vibrant avec une combinaison de couleurs vives comme le rose, le bleu, le vert et le jaune, cr\u00e9ant un effet visuel attrayant et amusant. Chaque d\u00e9tail est soigneusement \u00e9labor\u00e9, mettant en valeur ses grands yeux et son plumage color\u00e9, ce qui en fait un excellent souvenir repr\u00e9sentant l&rsquo;artisanat et le folklore typiques de la r\u00e9gion.<\/p>\n","protected":false},"featured_media":8297,"template":"","meta":{"_acf_changed":false},"product_brand":[],"product_cat":[540],"product_tag":[530],"class_list":{"0":"post-33059","1":"product","2":"type-product","3":"status-publish","4":"has-post-thumbnail","6":"product_cat-chiffres","7":"product_tag-animaux","8":"pa_motivo-hiboux","10":"first","11":"instock","12":"shipping-taxable","13":"product-type-simple"},"acf":[],"_links":{"self":[{"href":"https:\/\/olemosaic.orbitalia.org\/fr\/wp-json\/wp\/v2\/product\/33059","targetHints":{"allow":["GET"]}}],"collection":[{"href":"https:\/\/olemosaic.orbitalia.org\/fr\/wp-json\/wp\/v2\/product"}],"about":[{"href":"https:\/\/olemosaic.orbitalia.org\/fr\/wp-json\/wp\/v2\/types\/product"}],"wp:featuredmedia":[{"embeddable":true,"href":"https:\/\/olemosaic.orbitalia.org\/fr\/wp-json\/wp\/v2\/media\/8297"}],"wp:attachment":[{"href":"https:\/\/olemosaic.orbitalia.org\/fr\/wp-json\/wp\/v2\/media?parent=33059"}],"wp:term":[{"taxonomy":"product_brand","embeddable":true,"href":"https:\/\/olemosaic.orbitalia.org\/fr\/wp-json\/wp\/v2\/product_brand?post=33059"},{"taxonomy":"product_cat","embeddable":true,"href":"https:\/\/olemosaic.orbitalia.org\/fr\/wp-json\/wp\/v2\/product_cat?post=33059"},{"taxonomy":"product_tag","embeddable":true,"href":"https:\/\/olemosaic.orbitalia.org\/fr\/wp-json\/wp\/v2\/product_tag?post=33059"}],"curies":[{"name":"wp","href":"https:\/\/api.w.org\/{rel}","templated":true}]}}