{"id":33039,"date":"2025-02-20T22:34:53","date_gmt":"2025-02-20T22:34:53","guid":{"rendered":"https:\/\/olemosaic.orbitalia.org\/producto\/saleros-de-ceramica-flores-blanco\/"},"modified":"2025-07-25T18:47:00","modified_gmt":"2025-07-25T16:47:00","slug":"salieres-en-ceramique-fleurs-blanc","status":"publish","type":"product","link":"https:\/\/olemosaic.orbitalia.org\/fr\/produit\/salieres-en-ceramique-fleurs-blanc\/","title":{"rendered":"Sali\u00e8res en c\u00e9ramique. Fleurs. Blanc."},"content":{"rendered":"<p>Ces sali\u00e8res en c\u00e9ramique, avec leurs motifs floraux vibrants, sont un v\u00e9ritable hommage \u00e0 la richesse de l&rsquo;art c\u00e9ramique espagnol. Con\u00e7ues \u00e0 la mani\u00e8re d&rsquo;une mosa\u00efque, elles pr\u00e9sentent une finition blanche qui sert de toile \u00e0 une explosion de couleurs, avec des teintes incluant le jaune, le rouge, le bleu et le noir. Chaque sali\u00e8re est m\u00e9ticuleusement d\u00e9cor\u00e9e de fleurs complexes qui \u00e9voquent l&rsquo;esth\u00e9tique joyeuse du folklore espagnol, ce qui en fait un ajout charmant \u00e0 n&rsquo;importe quelle table.<\/p>\n<p>La technique de fabrication, qui inclut un \u00e9mail brillant, ne fait pas qu&#8217;embellir le design, elle rehausse \u00e9galement la luminosit\u00e9 et le coloris des fleurs, en faisant un souvenir distinctif de la tradition c\u00e9ramique d&rsquo;Espagne. Ces sali\u00e8res sont la repr\u00e9sentation parfaite de la culture et de la diversit\u00e9 artistique du pays, id\u00e9ales pour se souvenir du charme de la gastronomie espagnole \u00e0 chaque repas.<\/p>\n<p>Chez Ol\u00e9 Mosaic, nous nous sp\u00e9cialisons dans la distribution de souvenirs en gros, et ces sali\u00e8res sont une option exceptionnelle pour les boutiques de cadeaux touristiques \u00e0 la recherche d&rsquo;articles authentiques et repr\u00e9sentatifs. La fusion de l&rsquo;artisanat et du style fait de ces sali\u00e8res un cadeau parfait, tant pour les touristes qui souhaitent emporter un petit morceau de la culture espagnole que pour ceux qui veulent ajouter une touche de couleur \u00e0 leur foyer. Avec nos sali\u00e8res en c\u00e9ramique, chaque repas sera une c\u00e9l\u00e9bration de l&rsquo;h\u00e9ritage culturel et esth\u00e9tique de l&rsquo;Espagne.<\/p>\n","protected":false},"excerpt":{"rendered":"<p>Sali\u00e8res en c\u00e9ramique avec des motifs floraux vibrants de style mosa\u00efque. Ces sali\u00e8res se distinguent par leur finition blanche et la combinaison de couleurs \u00e9clatantes, comme le jaune, le rouge, le bleu et le noir. La technique de fabrication inclut un \u00e9mail brillant, qui rehausse le coloris des fleurs, id\u00e9ales pour donner une touche de joie \u00e0 n&rsquo;importe quelle table. Parfaites pour \u00e9voquer l&rsquo;essence de l&rsquo;art c\u00e9ramique traditionnel espagnol.<\/p>\n","protected":false},"featured_media":8895,"template":"","meta":{"_acf_changed":false},"product_brand":[],"product_cat":[817],"product_tag":[585],"class_list":{"0":"post-33039","1":"product","2":"type-product","3":"status-publish","4":"has-post-thumbnail","6":"product_cat-salieres","7":"product_tag-ceramique","8":"pa_motivo-fleurs","10":"first","11":"instock","12":"shipping-taxable","13":"product-type-simple"},"acf":[],"_links":{"self":[{"href":"https:\/\/olemosaic.orbitalia.org\/fr\/wp-json\/wp\/v2\/product\/33039","targetHints":{"allow":["GET"]}}],"collection":[{"href":"https:\/\/olemosaic.orbitalia.org\/fr\/wp-json\/wp\/v2\/product"}],"about":[{"href":"https:\/\/olemosaic.orbitalia.org\/fr\/wp-json\/wp\/v2\/types\/product"}],"wp:featuredmedia":[{"embeddable":true,"href":"https:\/\/olemosaic.orbitalia.org\/fr\/wp-json\/wp\/v2\/media\/8895"}],"wp:attachment":[{"href":"https:\/\/olemosaic.orbitalia.org\/fr\/wp-json\/wp\/v2\/media?parent=33039"}],"wp:term":[{"taxonomy":"product_brand","embeddable":true,"href":"https:\/\/olemosaic.orbitalia.org\/fr\/wp-json\/wp\/v2\/product_brand?post=33039"},{"taxonomy":"product_cat","embeddable":true,"href":"https:\/\/olemosaic.orbitalia.org\/fr\/wp-json\/wp\/v2\/product_cat?post=33039"},{"taxonomy":"product_tag","embeddable":true,"href":"https:\/\/olemosaic.orbitalia.org\/fr\/wp-json\/wp\/v2\/product_tag?post=33039"}],"curies":[{"name":"wp","href":"https:\/\/api.w.org\/{rel}","templated":true}]}}