{"id":33036,"date":"2025-02-20T23:34:52","date_gmt":"2025-02-20T22:34:52","guid":{"rendered":"https:\/\/olemosaic.orbitalia.org\/producto\/4-bols-de-coco-de-13-x-6-cm-flamenco-5\/"},"modified":"2025-07-25T19:54:23","modified_gmt":"2025-07-25T17:54:23","slug":"4-bols-en-noix-de-coco-de-13-x-6-cm-flamenco-motif-coeurs","status":"publish","type":"product","link":"https:\/\/olemosaic.orbitalia.org\/fr\/produit\/4-bols-en-noix-de-coco-de-13-x-6-cm-flamenco-motif-coeurs\/","title":{"rendered":"4 Bols en noix de coco de 13 x 6 cm. Flamenco. Motif c\u0153urs."},"content":{"rendered":"<p>Ces charmants bols en noix de coco de 13 x 6 cm repr\u00e9sentent une fusion parfaite entre art et tradition, id\u00e9aux pour ceux qui recherchent un souvenir authentique d&rsquo;Andalousie. Chaque lot comprend quatre bols uniques, m\u00e9ticuleusement d\u00e9cor\u00e9s de mosa\u00efques aux couleurs vibrantes qui \u00e9voquent la richesse du paysage andalou. Au centre de chaque bol, on trouve la repr\u00e9sentation de deux flamencos dans un c\u0153ur, entour\u00e9s de fleurs d\u00e9licates et de c\u0153urs dans des tons bleus, roses et oranges, qui apportent une esth\u00e9tique joyeuse et accueillante.<\/p>\n<p>Fabriqu\u00e9s avec des mat\u00e9riaux s\u00e9lectionn\u00e9s et durables, ces bols en noix de coco ne sont pas seulement fonctionnels pour servir des ap\u00e9ritifs ou comme \u00e9l\u00e9ments d\u00e9coratifs, mais ils refl\u00e8tent \u00e9galement le savoir-faire artisanal typique de la r\u00e9gion. Le choix de la noix de coco comme base ajoute non seulement une touche exotique, mais repr\u00e9sente aussi un engagement envers la nature. Ces souvenirs de cuisine sont une excellente option pour les touristes qui souhaitent emporter un souvenir de leur visite qui capture r\u00e9ellement l&rsquo;essence de l&rsquo;Andalousie.<\/p>\n<p>En tant qu&rsquo;experts de la distribution de produits en gros chez Ol\u00e9 Mosaic, nous proposons ces bols en noix de coco, id\u00e9aux pour les boutiques de cadeaux touristiques \u00e0 la recherche de marchandises authentiques et culturellement significatives. Avec leur design charmant et leur lien avec la culture locale, ces bols en noix de coco sont le cadeau parfait pour quiconque appr\u00e9cie l&rsquo;art et la tradition espagnols.<\/p>\n","protected":false},"excerpt":{"rendered":"<p>Bols en noix de coco de 13 x 6 cm d\u00e9cor\u00e9s de mosa\u00efques color\u00e9es inspir\u00e9es du paysage andalou. Chaque bol pr\u00e9sente un design unique mettant en valeur la figure de deux flamencos dans un c\u0153ur, entour\u00e9s de fleurs d\u00e9licates et de c\u0153urs aux teintes vibrantes comme le bleu, le rose et l&rsquo;orange. Fabriqu\u00e9s en noix de coco, ces bols sont id\u00e9aux pour la d\u00e9coration ou pour servir des ap\u00e9ritifs, ajoutant une touche d&rsquo;art et de culture espagnole \u00e0 n&rsquo;importe quelle table.<\/p>\n","protected":false},"featured_media":13826,"template":"","meta":{"_acf_changed":false},"product_brand":[],"product_cat":[521],"product_tag":[530],"class_list":{"0":"post-33036","1":"product","2":"type-product","3":"status-publish","4":"has-post-thumbnail","6":"product_cat-bols","7":"product_tag-animaux","8":"pa_motivo-flamants-roses","10":"first","11":"instock","12":"shipping-taxable","13":"product-type-simple"},"acf":[],"_links":{"self":[{"href":"https:\/\/olemosaic.orbitalia.org\/fr\/wp-json\/wp\/v2\/product\/33036","targetHints":{"allow":["GET"]}}],"collection":[{"href":"https:\/\/olemosaic.orbitalia.org\/fr\/wp-json\/wp\/v2\/product"}],"about":[{"href":"https:\/\/olemosaic.orbitalia.org\/fr\/wp-json\/wp\/v2\/types\/product"}],"wp:featuredmedia":[{"embeddable":true,"href":"https:\/\/olemosaic.orbitalia.org\/fr\/wp-json\/wp\/v2\/media\/13826"}],"wp:attachment":[{"href":"https:\/\/olemosaic.orbitalia.org\/fr\/wp-json\/wp\/v2\/media?parent=33036"}],"wp:term":[{"taxonomy":"product_brand","embeddable":true,"href":"https:\/\/olemosaic.orbitalia.org\/fr\/wp-json\/wp\/v2\/product_brand?post=33036"},{"taxonomy":"product_cat","embeddable":true,"href":"https:\/\/olemosaic.orbitalia.org\/fr\/wp-json\/wp\/v2\/product_cat?post=33036"},{"taxonomy":"product_tag","embeddable":true,"href":"https:\/\/olemosaic.orbitalia.org\/fr\/wp-json\/wp\/v2\/product_tag?post=33036"}],"curies":[{"name":"wp","href":"https:\/\/api.w.org\/{rel}","templated":true}]}}