{"id":33034,"date":"2025-02-20T23:34:52","date_gmt":"2025-02-20T22:34:52","guid":{"rendered":"https:\/\/olemosaic.orbitalia.org\/producto\/4-bols-de-coco-de-13-x-6-cm-tortuga-4\/"},"modified":"2025-07-25T20:24:01","modified_gmt":"2025-07-25T18:24:01","slug":"4-bols-en-noix-de-coco-de-13-x-6-cm-tortue-4","status":"publish","type":"product","link":"https:\/\/olemosaic.orbitalia.org\/fr\/produit\/4-bols-en-noix-de-coco-de-13-x-6-cm-tortue-4\/","title":{"rendered":"4 Bols en noix de coco de 13 x 6 cm. Tortue. Mosa\u00efque."},"content":{"rendered":"<p>Ces bols en noix de coco, de 13 cm de diam\u00e8tre et 6 cm de profondeur, sont des objets d\u00e9coratifs et fonctionnels qui capturent l&rsquo;essence de la c\u00f4te m\u00e9diterran\u00e9enne. Chaque bol est m\u00e9ticuleusement \u00e9labor\u00e9 de mani\u00e8re artisanale, avec une mosa\u00efque color\u00e9e dans des tons pastel doux de bleu, jaune et rose, qui \u00e9voquent l&rsquo;ambiance joyeuse et vibrante des plages. Au centre de chaque bol, une charmante illustration de tortue, symbole de la vie marine et de la nature, apporte une touche sp\u00e9ciale et significative \u00e0 chaque pi\u00e8ce.<\/p>\n<p>Le design unique de ces bols refl\u00e8te l&rsquo;art populaire et la tradition artisanale de la r\u00e9gion, en faisant un souvenir authentique et repr\u00e9sentatif de la c\u00f4te. La vari\u00e9t\u00e9 des designs garantit que chaque bol est une \u0153uvre d&rsquo;art individuelle, apportant un caract\u00e8re distinctif \u00e0 n&rsquo;importe quel environnement. Ces bols sont id\u00e9aux tant pour un usage quotidien que pour la d\u00e9coration, et constituent un excellent cadeau ou souvenir pour ceux qui souhaitent emporter un petit morceau de mer.<\/p>\n<p>Chez Ol\u00e9 Mosaic, nous sommes fiers de proposer des souvenirs de qualit\u00e9, et ces bols en noix de coco sont une option parfaite pour les boutiques de cadeaux touristiques \u00e0 la recherche de produits attrayants, authentiques et culturellement pertinents. En tant que grossistes de bols d\u00e9coratifs, nous garantissons que chaque produit combine un design attrayant avec une signification culturelle qui fera r\u00e9sonner l&rsquo;exp\u00e9rience de la c\u00f4te m\u00e9diterran\u00e9enne dans chaque foyer.<\/p>\n","protected":false},"excerpt":{"rendered":"<p>Bols en noix de coco de 13 x 6 cm d\u00e9cor\u00e9s de charmantes tortues et de motifs color\u00e9s, id\u00e9aux pour un usage d\u00e9coratif ou fonctionnel. Chaque bol pr\u00e9sente un design unique, avec des mosa\u00efques dans des tons pastel comme le bleu, le jaune et le rose, compl\u00e9t\u00e9es par des illustrations de tortues au centre. Faits \u00e0 la main, ces bols refl\u00e8tent l&rsquo;essence de l&rsquo;art populaire, apportant une touche de nature et de couleur \u00e0 n&rsquo;importe quel environnement. Parfaits comme souvenirs de la c\u00f4te.<\/p>\n","protected":false},"featured_media":10689,"template":"","meta":{"_acf_changed":false},"product_brand":[],"product_cat":[521],"product_tag":[530],"class_list":{"0":"post-33034","1":"product","2":"type-product","3":"status-publish","4":"has-post-thumbnail","6":"product_cat-bols","7":"product_tag-animaux","8":"pa_motivo-tortues","10":"first","11":"instock","12":"shipping-taxable","13":"product-type-simple"},"acf":[],"_links":{"self":[{"href":"https:\/\/olemosaic.orbitalia.org\/fr\/wp-json\/wp\/v2\/product\/33034","targetHints":{"allow":["GET"]}}],"collection":[{"href":"https:\/\/olemosaic.orbitalia.org\/fr\/wp-json\/wp\/v2\/product"}],"about":[{"href":"https:\/\/olemosaic.orbitalia.org\/fr\/wp-json\/wp\/v2\/types\/product"}],"wp:featuredmedia":[{"embeddable":true,"href":"https:\/\/olemosaic.orbitalia.org\/fr\/wp-json\/wp\/v2\/media\/10689"}],"wp:attachment":[{"href":"https:\/\/olemosaic.orbitalia.org\/fr\/wp-json\/wp\/v2\/media?parent=33034"}],"wp:term":[{"taxonomy":"product_brand","embeddable":true,"href":"https:\/\/olemosaic.orbitalia.org\/fr\/wp-json\/wp\/v2\/product_brand?post=33034"},{"taxonomy":"product_cat","embeddable":true,"href":"https:\/\/olemosaic.orbitalia.org\/fr\/wp-json\/wp\/v2\/product_cat?post=33034"},{"taxonomy":"product_tag","embeddable":true,"href":"https:\/\/olemosaic.orbitalia.org\/fr\/wp-json\/wp\/v2\/product_tag?post=33034"}],"curies":[{"name":"wp","href":"https:\/\/api.w.org\/{rel}","templated":true}]}}