{"id":33033,"date":"2025-02-20T23:34:52","date_gmt":"2025-02-20T22:34:52","guid":{"rendered":"https:\/\/olemosaic.orbitalia.org\/producto\/4-bols-de-coco-de-13-x-6-cm-isla-salamandra-fuerteventura\/"},"modified":"2025-07-25T19:05:51","modified_gmt":"2025-07-25T17:05:51","slug":"4-bols-en-noix-de-coco-de-13-x-6-cm-ile-salamandre-fuerteventura","status":"publish","type":"product","link":"https:\/\/olemosaic.orbitalia.org\/fr\/produit\/4-bols-en-noix-de-coco-de-13-x-6-cm-ile-salamandre-fuerteventura\/","title":{"rendered":"4 Bols en noix de coco de 13 x 6 cm. \u00cele + salamandre. Fuerteventura."},"content":{"rendered":"<p>Ces bols en noix de coco de 13 x 6 cm sont un magnifique t\u00e9moignage de l&rsquo;essence de Fuerteventura, l&rsquo;une des \u00eeles Canaries. Chaque pi\u00e8ce, \u00e9labor\u00e9e artisanalement, pr\u00e9sente un design vibrant et color\u00e9, orn\u00e9 de fragments dans des tons violets, roses et bleus qui \u00e9voquent la beaut\u00e9 paysag\u00e8re de l&rsquo;\u00eele. \u00c0 l&rsquo;int\u00e9rieur, les illustrations d\u00e9taill\u00e9es de la silhouette de Fuerteventura et d&rsquo;une charmante salamandre, soulign\u00e9es par d&rsquo;\u00e9l\u00e9gants d\u00e9tails marron, apportent une touche distinctive qui c\u00e9l\u00e8bre la richesse naturelle et culturelle de la r\u00e9gion.<\/p>\n<p>Ces bols peints \u00e0 la main ne sont pas seulement parfaits pour servir des ap\u00e9ritifs, ils fonctionnent \u00e9galement comme des pi\u00e8ces d\u00e9coratives exceptionnelles qui transportent l&rsquo;utilisateur vers les paysages idylliques de cette \u00eele. La salamandre, symbole local, et la repr\u00e9sentation de l&rsquo;\u00eele sont des \u00e9l\u00e9ments qui soulignent son authenticit\u00e9 en tant que souvenir.<\/p>\n<p>Ol\u00e9 Mosaic est fier de proposer ces souvenirs attrayants de Fuerteventura en gros, id\u00e9aux pour les boutiques de cadeaux touristiques \u00e0 la recherche de produits authentiques et de qualit\u00e9. Les bols en noix de coco ne capturent pas seulement l&rsquo;essence canarienne, ils constituent \u00e9galement un excellent souvenir de vacances inoubliables. Avec leur style unique et vibrant, ces bols sont le compl\u00e9ment parfait pour tout foyer souhaitant se souvenir de la beaut\u00e9 des \u00eeles Canaries.<\/p>\n","protected":false},"excerpt":{"rendered":"<p>Bols en noix de coco de 13 x 6 cm avec un design vibrant repr\u00e9sentant l&rsquo;\u00eele de Fuerteventura, d\u00e9cor\u00e9s de fragments color\u00e9s dans des tons violets, roses et bleus. L&rsquo;int\u00e9rieur pr\u00e9sente des illustrations de la silhouette de l&rsquo;\u00eele et d&rsquo;une salamandre, rehauss\u00e9es de d\u00e9tails marron. Ces bols peints \u00e0 la main sont id\u00e9aux pour servir des ap\u00e9ritifs ou simplement comme pi\u00e8ce d\u00e9corative \u00e9voquant le charme des \u00eeles Canaries.<\/p>\n","protected":false},"featured_media":12124,"template":"","meta":{"_acf_changed":false},"product_brand":[],"product_cat":[521],"product_tag":[530],"class_list":{"0":"post-33033","1":"product","2":"type-product","3":"status-publish","4":"has-post-thumbnail","6":"product_cat-bols","7":"product_tag-animaux","8":"pa_ciudad-fuerteventura","9":"pa_motivo-iles","10":"pa_pais-espana","12":"first","13":"instock","14":"shipping-taxable","15":"product-type-simple"},"acf":[],"_links":{"self":[{"href":"https:\/\/olemosaic.orbitalia.org\/fr\/wp-json\/wp\/v2\/product\/33033","targetHints":{"allow":["GET"]}}],"collection":[{"href":"https:\/\/olemosaic.orbitalia.org\/fr\/wp-json\/wp\/v2\/product"}],"about":[{"href":"https:\/\/olemosaic.orbitalia.org\/fr\/wp-json\/wp\/v2\/types\/product"}],"wp:featuredmedia":[{"embeddable":true,"href":"https:\/\/olemosaic.orbitalia.org\/fr\/wp-json\/wp\/v2\/media\/12124"}],"wp:attachment":[{"href":"https:\/\/olemosaic.orbitalia.org\/fr\/wp-json\/wp\/v2\/media?parent=33033"}],"wp:term":[{"taxonomy":"product_brand","embeddable":true,"href":"https:\/\/olemosaic.orbitalia.org\/fr\/wp-json\/wp\/v2\/product_brand?post=33033"},{"taxonomy":"product_cat","embeddable":true,"href":"https:\/\/olemosaic.orbitalia.org\/fr\/wp-json\/wp\/v2\/product_cat?post=33033"},{"taxonomy":"product_tag","embeddable":true,"href":"https:\/\/olemosaic.orbitalia.org\/fr\/wp-json\/wp\/v2\/product_tag?post=33033"}],"curies":[{"name":"wp","href":"https:\/\/api.w.org\/{rel}","templated":true}]}}