{"id":33009,"date":"2025-02-20T23:34:51","date_gmt":"2025-02-20T22:34:51","guid":{"rendered":"https:\/\/olemosaic.orbitalia.org\/producto\/plato-de-ceramica-de-15-cm-salamandra-y-flores-blanco\/"},"modified":"2025-07-25T19:27:10","modified_gmt":"2025-07-25T17:27:10","slug":"assiette-en-ceramique-de-15-cm-salamandre-et-fleurs-blanc","status":"publish","type":"product","link":"https:\/\/olemosaic.orbitalia.org\/fr\/produit\/assiette-en-ceramique-de-15-cm-salamandre-et-fleurs-blanc\/","title":{"rendered":"Assiette en c\u00e9ramique de 15 cm. Salamandre et fleurs. Blanc."},"content":{"rendered":"<p>Cette assiette en c\u00e9ramique vibrante de 15 cm est un v\u00e9ritable joyau de l&rsquo;art mu\u00f1ozien, id\u00e9ale pour ceux qui recherchent un souvenir authentique d&rsquo;Espagne. D\u00e9cor\u00e9e d&rsquo;un charmant design de salamandres et de fleurs, cette assiette se distingue par sa mosa\u00efque color\u00e9e, qui couvre une palette \u00e9blouissante de rouges, bleus, jaunes et verts sur fond blanc. Chaque d\u00e9tail est peint \u00e0 la main, refl\u00e9tant la riche tradition artisanale de la c\u00e9ramique espagnole, ce qui en fait une pi\u00e8ce unique et exclusive.<\/p>\n<p>La repr\u00e9sentation des salamandres, souvent associ\u00e9es \u00e0 la nature et \u00e0 la vie dans le folklore espagnol, ainsi que les fleurs joyeuses, ajoutent une touche de fra\u00eecheur et de vitalit\u00e9, faisant de cette assiette un accessoire parfait tant pour la d\u00e9coration que pour un usage quotidien. Son design joyeux et original compl\u00e9tera n&rsquo;importe quel espace et deviendra un \u00e9l\u00e9ment central dans n&rsquo;importe quel foyer.<\/p>\n<p>Cette assiette n&rsquo;est pas seulement un bel \u00e9l\u00e9ment d\u00e9coratif, mais aussi un souvenir repr\u00e9sentatif de la culture espagnole, ce qui en fait un excellent souvenir pour les touristes. Chez Ol\u00e9 Mosaic, nous sommes experts dans la distribution de souvenirs en gros, et nous proposons des produits comme cette assiette en c\u00e9ramique, qui se distinguent par leur authenticit\u00e9 et leur valeur culturelle. Parfaite pour les boutiques de cadeaux touristiques cherchant \u00e0 offrir art et tradition \u00e0 leurs clients, cette assiette en c\u00e9ramique est un symbole de l&rsquo;h\u00e9ritage artistique de l&rsquo;Espagne.<\/p>\n","protected":false},"excerpt":{"rendered":"<p>Assiette en c\u00e9ramique de 15 cm avec un design vibrant de salamandres et de fleurs. Cette assiette se distingue par sa mosa\u00efque color\u00e9e dans des tons rouges, bleus, jaunes et verts sur un fond blanc, cr\u00e9ant une composition joyeuse et unique. Peinte dans un style artisanal, elle refl\u00e8te la riche tradition artistique de la c\u00e9ramique espagnole, ce qui en fait un souvenir parfait de sa culture. Id\u00e9ale pour la d\u00e9coration ou un usage quotidien, elle compl\u00e9tera n&rsquo;importe quel espace avec une touche de couleur et d&rsquo;originalit\u00e9.<\/p>\n","protected":false},"featured_media":8351,"template":"","meta":{"_acf_changed":false},"product_brand":[],"product_cat":[656],"product_tag":[530,585],"class_list":{"0":"post-33009","1":"product","2":"type-product","3":"status-publish","4":"has-post-thumbnail","6":"product_cat-assiettes-decoratives","7":"product_tag-animaux","8":"product_tag-ceramique","9":"pa_motivo-salamandres","11":"first","12":"instock","13":"shipping-taxable","14":"product-type-simple"},"acf":[],"_links":{"self":[{"href":"https:\/\/olemosaic.orbitalia.org\/fr\/wp-json\/wp\/v2\/product\/33009","targetHints":{"allow":["GET"]}}],"collection":[{"href":"https:\/\/olemosaic.orbitalia.org\/fr\/wp-json\/wp\/v2\/product"}],"about":[{"href":"https:\/\/olemosaic.orbitalia.org\/fr\/wp-json\/wp\/v2\/types\/product"}],"wp:featuredmedia":[{"embeddable":true,"href":"https:\/\/olemosaic.orbitalia.org\/fr\/wp-json\/wp\/v2\/media\/8351"}],"wp:attachment":[{"href":"https:\/\/olemosaic.orbitalia.org\/fr\/wp-json\/wp\/v2\/media?parent=33009"}],"wp:term":[{"taxonomy":"product_brand","embeddable":true,"href":"https:\/\/olemosaic.orbitalia.org\/fr\/wp-json\/wp\/v2\/product_brand?post=33009"},{"taxonomy":"product_cat","embeddable":true,"href":"https:\/\/olemosaic.orbitalia.org\/fr\/wp-json\/wp\/v2\/product_cat?post=33009"},{"taxonomy":"product_tag","embeddable":true,"href":"https:\/\/olemosaic.orbitalia.org\/fr\/wp-json\/wp\/v2\/product_tag?post=33009"}],"curies":[{"name":"wp","href":"https:\/\/api.w.org\/{rel}","templated":true}]}}