{"id":32984,"date":"2025-02-20T23:34:50","date_gmt":"2025-02-20T22:34:50","guid":{"rendered":"https:\/\/olemosaic.orbitalia.org\/producto\/bol-de-coco-rojo-flamenco-4\/"},"modified":"2025-07-25T20:37:56","modified_gmt":"2025-07-25T18:37:56","slug":"bol-en-noix-de-coco-rouge-flamenco-rouge-et-noir","status":"publish","type":"product","link":"https:\/\/olemosaic.orbitalia.org\/fr\/produit\/bol-en-noix-de-coco-rouge-flamenco-rouge-et-noir\/","title":{"rendered":"Bol en noix de coco rouge. Flamenco. Rouge et noir."},"content":{"rendered":"<p>Ce bol vibrant en noix de coco rouge illustr\u00e9 de flamencos est un v\u00e9ritable joyau du folklore andalou, parfait pour ceux qui recherchent un souvenir repr\u00e9sentatif de l&rsquo;Andalousie. Avec un design \u00e9blouissant dans des tons rouges et noirs, ce bol se distingue par son magnifique motif central de flamencos, des oiseaux qui symbolisent la gr\u00e2ce et la beaut\u00e9 de la r\u00e9gion. Les d\u00e9tails en forme de c\u0153urs autour du bord apportent une touche romantique, \u00e9voquant l&rsquo;esprit chaleureux de la culture andalouse. Chaque bol est peint \u00e0 la main, ce qui garantit que chaque pi\u00e8ce est unique, refl\u00e9tant la riche tradition artisanale qui caract\u00e9rise cette terre.<\/p>\n<p>Ce bol en noix de coco n&rsquo;est pas seulement id\u00e9al pour servir des ap\u00e9ritifs ou comme pi\u00e8ce d\u00e9corative, mais il apporte \u00e9galement une touche de couleur et de culture \u00e0 n&rsquo;importe quel foyer. Son design attrayant et son authenticit\u00e9 en font un cadeau parfait pour les touristes qui souhaitent ramener un morceau d&rsquo;Andalousie. Chez Ol\u00e9 Mosaic, en tant que distributeurs de souvenirs de haute qualit\u00e9 et d&rsquo;authenticit\u00e9, nous savons que chaque souvenir doit \u00eatre sp\u00e9cial et significatif. Ce bol est une pi\u00e8ce unique qui se d\u00e9marque parmi les souvenirs d&rsquo;Andalousie, garantissant que vos clients trouvent une approche authentique et culturelle dans leur recherche de produits repr\u00e9sentatifs.<\/p>\n","protected":false},"excerpt":{"rendered":"<p>Bol en noix de coco rouge d\u00e9cor\u00e9 d&rsquo;une illustration de flamencos. Ce bol attrayant pr\u00e9sente un design vibrant dans des tons rouges et noirs, avec un joli motif de flamencos au centre, symbole du folklore andalou. Fini avec des d\u00e9tails en forme de c\u0153urs et un design artisanal, peint \u00e0 la main, ce bol est id\u00e9al pour ajouter une touche de couleur et de culture \u00e0 n&rsquo;importe quel foyer, \u00e9voquant l&rsquo;essence de l&rsquo;Andalousie \u00e0 chaque utilisation.<\/p>\n","protected":false},"featured_media":13459,"template":"","meta":{"_acf_changed":false},"product_brand":[],"product_cat":[521],"product_tag":[530],"class_list":{"0":"post-32984","1":"product","2":"type-product","3":"status-publish","4":"has-post-thumbnail","6":"product_cat-bols","7":"product_tag-animaux","8":"pa_motivo-flamants-roses","10":"first","11":"instock","12":"shipping-taxable","13":"product-type-simple"},"acf":[],"_links":{"self":[{"href":"https:\/\/olemosaic.orbitalia.org\/fr\/wp-json\/wp\/v2\/product\/32984","targetHints":{"allow":["GET"]}}],"collection":[{"href":"https:\/\/olemosaic.orbitalia.org\/fr\/wp-json\/wp\/v2\/product"}],"about":[{"href":"https:\/\/olemosaic.orbitalia.org\/fr\/wp-json\/wp\/v2\/types\/product"}],"wp:featuredmedia":[{"embeddable":true,"href":"https:\/\/olemosaic.orbitalia.org\/fr\/wp-json\/wp\/v2\/media\/13459"}],"wp:attachment":[{"href":"https:\/\/olemosaic.orbitalia.org\/fr\/wp-json\/wp\/v2\/media?parent=32984"}],"wp:term":[{"taxonomy":"product_brand","embeddable":true,"href":"https:\/\/olemosaic.orbitalia.org\/fr\/wp-json\/wp\/v2\/product_brand?post=32984"},{"taxonomy":"product_cat","embeddable":true,"href":"https:\/\/olemosaic.orbitalia.org\/fr\/wp-json\/wp\/v2\/product_cat?post=32984"},{"taxonomy":"product_tag","embeddable":true,"href":"https:\/\/olemosaic.orbitalia.org\/fr\/wp-json\/wp\/v2\/product_tag?post=32984"}],"curies":[{"name":"wp","href":"https:\/\/api.w.org\/{rel}","templated":true}]}}