{"id":32983,"date":"2025-02-20T22:34:50","date_gmt":"2025-02-20T22:34:50","guid":{"rendered":"https:\/\/olemosaic.orbitalia.org\/producto\/bol-de-ceramica-de-15-cm-salamandra-mallorca-beige\/"},"modified":"2025-07-25T18:54:20","modified_gmt":"2025-07-25T16:54:20","slug":"bol-en-ceramique-de-15-cm-salamandre-majorque-beige","status":"publish","type":"product","link":"https:\/\/olemosaic.orbitalia.org\/fr\/produit\/bol-en-ceramique-de-15-cm-salamandre-majorque-beige\/","title":{"rendered":"Bol en c\u00e9ramique de 15 cm. Salamandre. Majorque. Beige"},"content":{"rendered":"<p>Ce bol vibrant en c\u00e9ramique de 15 cm, d\u00e9cor\u00e9 de motifs de salamandres et de fleurs, est un authentique souvenir repr\u00e9sentatif de la magnifique \u00eele de Majorque. Son design color\u00e9 se distingue par un fond blanc qui sert de toile \u00e0 une joyeuse composition de salamandres dans des tons bleu, rouge et vert, entour\u00e9es de petites fleurs charmantes aux couleurs vibrantes qui \u00e9voquent la splendeur de la nature locale. L&rsquo;ext\u00e9rieur du bol pr\u00e9sente une couleur beige attrayante, contrast\u00e9e par un bord noir qui le rend id\u00e9al pour apporter une touche joyeuse et m\u00e9diterran\u00e9enne \u00e0 n&rsquo;importe quelle table ou cuisine, en faisant un objet d\u00e9coratif et fonctionnel.<\/p>\n<p>Ce bol n&rsquo;est pas seulement une pi\u00e8ce d&rsquo;artisanat unique, mais il repr\u00e9sente \u00e9galement la riche tradition culturelle de Majorque, o\u00f9 les techniques de c\u00e9ramique artisanale sont un h\u00e9ritage artistique transmis de g\u00e9n\u00e9ration en g\u00e9n\u00e9ration. La salamandre, symbole de vie et de vitalit\u00e9, prend vie dans cette pi\u00e8ce, en faisant un souvenir id\u00e9al pour ceux qui souhaitent ramener un morceau de l&rsquo;esprit bal\u00e9are dans leur foyer.<\/p>\n<p>Chez Ol\u00e9 Mosaic, nous sommes sp\u00e9cialistes de la distribution de souvenirs en gros, offrant des produits typiques qui refl\u00e8tent l&rsquo;authenticit\u00e9 et la valeur culturelle de l&rsquo;Espagne. Ce bol en c\u00e9ramique est une excellente option pour les boutiques de cadeaux touristiques \u00e0 la recherche d&rsquo;articles de qualit\u00e9 ayant une forte signification culturelle. Avec son design charmant et sa connexion avec la tradition majorquine, ce souvenir est un cadeau parfait pour les touristes qui souhaitent se souvenir de leur visite \u00e0 Majorque de mani\u00e8re sp\u00e9ciale.<\/p>\n","protected":false},"excerpt":{"rendered":"<p>Bol en c\u00e9ramique de 15 cm d\u00e9cor\u00e9 de motifs de salamandres et de fleurs, repr\u00e9sentatif de la tradition artisanale majorquine. Ce bol color\u00e9 pr\u00e9sente un fond blanc orn\u00e9 de salamandres dans des tons bleus, rouges et verts, entour\u00e9es de petites fleurs aux couleurs vibrantes. L&rsquo;ext\u00e9rieur, d&rsquo;une couleur beige attrayante avec un bord noir, est id\u00e9al pour donner une touche joyeuse \u00e0 n&rsquo;importe quelle table ou cuisine. Un souvenir charmant qui \u00e9voque l&rsquo;esprit m\u00e9diterran\u00e9en.<\/p>\n","protected":false},"featured_media":7723,"template":"","meta":{"_acf_changed":false},"product_brand":[],"product_cat":[521],"product_tag":[530,585],"class_list":{"0":"post-32983","1":"product","2":"type-product","3":"status-publish","4":"has-post-thumbnail","6":"product_cat-bols","7":"product_tag-animaux","8":"product_tag-ceramique","9":"pa_ciudad-mallorca","10":"pa_motivo-salamandres","11":"pa_pais-espana","13":"first","14":"instock","15":"shipping-taxable","16":"product-type-simple"},"acf":[],"_links":{"self":[{"href":"https:\/\/olemosaic.orbitalia.org\/fr\/wp-json\/wp\/v2\/product\/32983","targetHints":{"allow":["GET"]}}],"collection":[{"href":"https:\/\/olemosaic.orbitalia.org\/fr\/wp-json\/wp\/v2\/product"}],"about":[{"href":"https:\/\/olemosaic.orbitalia.org\/fr\/wp-json\/wp\/v2\/types\/product"}],"wp:featuredmedia":[{"embeddable":true,"href":"https:\/\/olemosaic.orbitalia.org\/fr\/wp-json\/wp\/v2\/media\/7723"}],"wp:attachment":[{"href":"https:\/\/olemosaic.orbitalia.org\/fr\/wp-json\/wp\/v2\/media?parent=32983"}],"wp:term":[{"taxonomy":"product_brand","embeddable":true,"href":"https:\/\/olemosaic.orbitalia.org\/fr\/wp-json\/wp\/v2\/product_brand?post=32983"},{"taxonomy":"product_cat","embeddable":true,"href":"https:\/\/olemosaic.orbitalia.org\/fr\/wp-json\/wp\/v2\/product_cat?post=32983"},{"taxonomy":"product_tag","embeddable":true,"href":"https:\/\/olemosaic.orbitalia.org\/fr\/wp-json\/wp\/v2\/product_tag?post=32983"}],"curies":[{"name":"wp","href":"https:\/\/api.w.org\/{rel}","templated":true}]}}