{"id":32981,"date":"2025-02-20T22:34:50","date_gmt":"2025-02-20T22:34:50","guid":{"rendered":"https:\/\/olemosaic.orbitalia.org\/producto\/vaso-de-chupito-de-vidrio-glaceado-panoramica-sevilla\/"},"modified":"2025-07-25T18:56:25","modified_gmt":"2025-07-25T16:56:25","slug":"verre-a-shot-en-verre-depoli-panoramique-seville","status":"publish","type":"product","link":"https:\/\/olemosaic.orbitalia.org\/fr\/produit\/verre-a-shot-en-verre-depoli-panoramique-seville\/","title":{"rendered":"Verre \u00e0 shot en verre d\u00e9poli. Panoramique. S\u00e9ville."},"content":{"rendered":"<p>Ce verre \u00e0 shot en verre d\u00e9poli offre un panorama vibrant de S\u00e9ville, devenant le souvenir id\u00e9al de cette ville andalouse embl\u00e9matique. Son design color\u00e9 repr\u00e9sente artistiquement des \u00e9l\u00e9ments architecturaux iconiques, tels que la majestueuse Giralda, pr\u00e9sent\u00e9s de mani\u00e8re stylis\u00e9e et pleine de vie. La finition mate du verre rehausse sa sophistication, tandis que les tons brillants et les d\u00e9tails m\u00e9ticuleusement \u00e9labor\u00e9s capturent l&rsquo;essence culturelle et la riche histoire de S\u00e9ville.<\/p>\n<p>Chaque verre pr\u00e9sente des illustrations complexes montrant l&rsquo;architecture distinctive de la ville, de ses toits en tuiles aux d\u00e9tails ornementaux. Ce souvenir n&rsquo;est pas seulement parfait pour savourer vos boissons pr\u00e9f\u00e9r\u00e9es, mais il se distingue \u00e9galement comme une d\u00e9claration du riche h\u00e9ritage andalou. Id\u00e9al pour les touristes \u00e0 la recherche d&rsquo;une fa\u00e7on unique de se souvenir de leur voyage, ce verre \u00e0 shot est plus qu&rsquo;un simple objet : c&rsquo;est une pi\u00e8ce d&rsquo;art qui c\u00e9l\u00e8bre le patrimoine s\u00e9villan.<\/p>\n<p>Chez Ol\u00e9 Mosaic, nous sommes sp\u00e9cialistes de la distribution de souvenirs en gros, offrant des produits authentiques qui refl\u00e8tent la culture espagnole. Ce verre \u00e0 shot en verre d\u00e9poli est id\u00e9al pour les boutiques de cadeaux touristiques souhaitant proposer des articles de qualit\u00e9 qui cr\u00e9ent un lien \u00e9motionnel avec leurs clients. Int\u00e9grez ce verre \u00e0 votre catalogue et offrez \u00e0 vos clients l&rsquo;opportunit\u00e9 de ramener chez eux un morceau de S\u00e9ville.<\/p>\n","protected":false},"excerpt":{"rendered":"<p>Verre \u00e0 shot en verre d\u00e9poli avec un panorama vibrant de S\u00e9ville. Ce verre se distingue par son design color\u00e9, pr\u00e9sentant des \u00e9l\u00e9ments architecturaux iconiques de la ville, comme la Giralda. D\u00e9cor\u00e9 d&rsquo;une finition mate, le verre combine des tons brillants et des d\u00e9tails artistiques qui capturent l&rsquo;essence de S\u00e9ville. Id\u00e9al pour savourer vos boissons pr\u00e9f\u00e9r\u00e9es, ce souvenir est parfait pour se rem\u00e9morer la riche culture andalouse.<\/p>\n","protected":false},"featured_media":7920,"template":"","meta":{"_acf_changed":false},"product_brand":[],"product_cat":[814],"product_tag":[],"class_list":{"0":"post-32981","1":"product","2":"type-product","3":"status-publish","4":"has-post-thumbnail","6":"product_cat-verres-a-shot","7":"pa_ciudad-sevilla","8":"pa_motivo-panoramas","9":"pa_pais-espana","11":"first","12":"instock","13":"shipping-taxable","14":"product-type-simple"},"acf":[],"_links":{"self":[{"href":"https:\/\/olemosaic.orbitalia.org\/fr\/wp-json\/wp\/v2\/product\/32981","targetHints":{"allow":["GET"]}}],"collection":[{"href":"https:\/\/olemosaic.orbitalia.org\/fr\/wp-json\/wp\/v2\/product"}],"about":[{"href":"https:\/\/olemosaic.orbitalia.org\/fr\/wp-json\/wp\/v2\/types\/product"}],"wp:featuredmedia":[{"embeddable":true,"href":"https:\/\/olemosaic.orbitalia.org\/fr\/wp-json\/wp\/v2\/media\/7920"}],"wp:attachment":[{"href":"https:\/\/olemosaic.orbitalia.org\/fr\/wp-json\/wp\/v2\/media?parent=32981"}],"wp:term":[{"taxonomy":"product_brand","embeddable":true,"href":"https:\/\/olemosaic.orbitalia.org\/fr\/wp-json\/wp\/v2\/product_brand?post=32981"},{"taxonomy":"product_cat","embeddable":true,"href":"https:\/\/olemosaic.orbitalia.org\/fr\/wp-json\/wp\/v2\/product_cat?post=32981"},{"taxonomy":"product_tag","embeddable":true,"href":"https:\/\/olemosaic.orbitalia.org\/fr\/wp-json\/wp\/v2\/product_tag?post=32981"}],"curies":[{"name":"wp","href":"https:\/\/api.w.org\/{rel}","templated":true}]}}