{"id":32960,"date":"2025-02-20T22:34:49","date_gmt":"2025-02-20T22:34:49","guid":{"rendered":"https:\/\/olemosaic.orbitalia.org\/producto\/vaso-de-chupito-de-vidrio-glaceado-panoramica-barcelona\/"},"modified":"2025-07-25T20:10:16","modified_gmt":"2025-07-25T18:10:16","slug":"verre-a-shot-en-verre-depoli-panoramique-barcelone","status":"publish","type":"product","link":"https:\/\/olemosaic.orbitalia.org\/fr\/produit\/verre-a-shot-en-verre-depoli-panoramique-barcelone\/","title":{"rendered":"Verre \u00e0 shot en verre d\u00e9poli. Panoramique. Barcelone."},"content":{"rendered":"<p>Ce verre \u00e0 shot en verre d\u00e9poli est un charmant souvenir de Barcelone, id\u00e9al pour d\u00e9guster vos boissons pr\u00e9f\u00e9r\u00e9es et vous rem\u00e9morer vos moments les plus m\u00e9morables dans la vibrante capitale catalane. Le design pr\u00e9sente un panorama de l&#8217;embl\u00e9matique monument \u00e0 Colomb, qui se dresse majestueusement dans le port de la ville, entour\u00e9 de palmiers \u00e9voquant le climat m\u00e9diterran\u00e9en. La technique de s\u00e9rigraphie utilis\u00e9e pour sa d\u00e9coration amplifie l&rsquo;expression artistique du verre, reproduisant des mosa\u00efques color\u00e9es qui semblent prendre vie sur la surface, cr\u00e9ant un effet visuel percutant.<\/p>\n<p>L&rsquo;inscription \u00ab\u00a0Barcelona\u00a0\u00bb en haut, ainsi que les d\u00e9tails montrant des mouettes sur le fond marin, ajoutent une touche d&rsquo;authenticit\u00e9 et d&rsquo;esprit local. Ce verre n&rsquo;est pas seulement fonctionnel, il sert \u00e9galement d&rsquo;excellent souvenir capturant l&rsquo;essence de la ville et sa riche culture. Avec sa structure en verre r\u00e9sistant, il est parfait pour les touristes cherchant \u00e0 ramener chez eux un fragment de la beaut\u00e9 de Barcelone.<\/p>\n<p>Chez Ol\u00e9 Mosaic, nous nous sp\u00e9cialisons dans la distribution de souvenirs en gros, et ce verre \u00e0 shot en verre d\u00e9poli se pr\u00e9sente comme une option id\u00e9ale pour les boutiques de cadeaux touristiques souhaitant offrir des produits embl\u00e9matiques et authentiques. Un souvenir de Barcelone qui non seulement embellit toute collection, mais assure \u00e9galement un morceau de la tradition et du folklore de cette belle ville.<\/p>\n","protected":false},"excerpt":{"rendered":"<p>Verre \u00e0 shot en verre d\u00e9poli avec un charmant panorama de Barcelone. Ce verre attrayant pr\u00e9sente une illustration vibrante du monument \u00e0 Colomb, entour\u00e9 de palmiers et avec la mer en arri\u00e8re-plan. Le design se distingue par sa technique de s\u00e9rigraphie, qui reproduit des mosa\u00efques color\u00e9es et des d\u00e9tails naturels, avec l&rsquo;inscription \u00ab\u00a0Barcelona\u00a0\u00bb en haut. Parfait pour se souvenir de vos moments dans la capitale catalane tout en d\u00e9gustant une boisson.<\/p>\n","protected":false},"featured_media":7912,"template":"","meta":{"_acf_changed":false},"product_brand":[],"product_cat":[814],"product_tag":[],"class_list":{"0":"post-32960","1":"product","2":"type-product","3":"status-publish","4":"has-post-thumbnail","6":"product_cat-verres-a-shot","7":"pa_ciudad-barcelona","8":"pa_motivo-panoramas","9":"pa_pais-espana","11":"first","12":"instock","13":"shipping-taxable","14":"product-type-simple"},"acf":[],"_links":{"self":[{"href":"https:\/\/olemosaic.orbitalia.org\/fr\/wp-json\/wp\/v2\/product\/32960","targetHints":{"allow":["GET"]}}],"collection":[{"href":"https:\/\/olemosaic.orbitalia.org\/fr\/wp-json\/wp\/v2\/product"}],"about":[{"href":"https:\/\/olemosaic.orbitalia.org\/fr\/wp-json\/wp\/v2\/types\/product"}],"wp:featuredmedia":[{"embeddable":true,"href":"https:\/\/olemosaic.orbitalia.org\/fr\/wp-json\/wp\/v2\/media\/7912"}],"wp:attachment":[{"href":"https:\/\/olemosaic.orbitalia.org\/fr\/wp-json\/wp\/v2\/media?parent=32960"}],"wp:term":[{"taxonomy":"product_brand","embeddable":true,"href":"https:\/\/olemosaic.orbitalia.org\/fr\/wp-json\/wp\/v2\/product_brand?post=32960"},{"taxonomy":"product_cat","embeddable":true,"href":"https:\/\/olemosaic.orbitalia.org\/fr\/wp-json\/wp\/v2\/product_cat?post=32960"},{"taxonomy":"product_tag","embeddable":true,"href":"https:\/\/olemosaic.orbitalia.org\/fr\/wp-json\/wp\/v2\/product_tag?post=32960"}],"curies":[{"name":"wp","href":"https:\/\/api.w.org\/{rel}","templated":true}]}}