{"id":32940,"date":"2025-02-20T22:34:48","date_gmt":"2025-02-20T22:34:48","guid":{"rendered":"https:\/\/olemosaic.orbitalia.org\/producto\/vaso-de-chupito-de-vidrio-panoramica-sevilla\/"},"modified":"2025-07-25T19:55:54","modified_gmt":"2025-07-25T17:55:54","slug":"verre-a-shot-en-verre-panoramique-seville","status":"publish","type":"product","link":"https:\/\/olemosaic.orbitalia.org\/fr\/produit\/verre-a-shot-en-verre-panoramique-seville\/","title":{"rendered":"Verre \u00e0 shot en verre. Panoramique. S\u00e9ville."},"content":{"rendered":"<p>Ce petit verre \u00e0 shot en verre est un charmant souvenir de S\u00e9ville, capturant l&rsquo;essence de cette vibrante ville andalouse \u00e0 travers un panorama color\u00e9. Avec une illustration d\u00e9taill\u00e9e, le verre pr\u00e9sente des monuments embl\u00e9matiques tels que la Giralda, qui se dresse majestueusement comme symbole de la ville, encadr\u00e9e par des \u00e9l\u00e9ments floraux d\u00e9coratifs qui apportent une touche joyeuse et festive. Les couleurs vibrantes dans les tons rouges, jaunes et verts contrastent parfaitement avec le fond transparent du verre, cr\u00e9ant une pi\u00e8ce visuellement percutante, id\u00e9ale pour toute collection. Sur la partie sup\u00e9rieure, le nom \u00ab\u00a0SEVILLA\u00a0\u00bb s&rsquo;affiche avec une typographie attrayante, ajoutant une touche distinctive qui fait de ce verre un souvenir authentique et m\u00e9morable.<\/p>\n<p>Ce petit verre \u00e0 shot n&rsquo;est pas seulement parfait pour savourer une boisson, mais il agit \u00e9galement comme un rappel du riche patrimoine culturel et architectural de S\u00e9ville, id\u00e9al pour les touristes cherchant \u00e0 emporter un petit morceau de cette ville merveilleuse. Chez Ol\u00e9 Mosaic, nous proposons ce verre inoubliable dans le cadre de notre gamme de souvenirs, garantissant que chaque pi\u00e8ce distribu\u00e9e respecte l&rsquo;authenticit\u00e9 et la beaut\u00e9 du patrimoine s\u00e9villan. C&rsquo;est sans aucun doute une excellente option pour les boutiques de cadeaux touristiques \u00e0 la recherche de souvenirs authentiques de S\u00e9ville.<\/p>\n","protected":false},"excerpt":{"rendered":"<p>Verre \u00e0 shot en verre avec un panorama color\u00e9 de S\u00e9ville. Le verre montre une illustration d\u00e9taill\u00e9e des monuments les plus embl\u00e9matiques de la ville, comme la Giralda, entour\u00e9s d&rsquo;\u00e9l\u00e9ments floraux d\u00e9coratifs. Les couleurs vibrantes dans les tons rouges, jaunes et verts ressortent sur le fond transparent, et le nom \u00ab\u00a0SEVILLA\u00a0\u00bb appara\u00eet avec une typographie attrayante. Parfait pour prendre un shot et emporter un souvenir de la beaut\u00e9 s\u00e9villane.<\/p>\n","protected":false},"featured_media":7505,"template":"","meta":{"_acf_changed":false},"product_brand":[],"product_cat":[814],"product_tag":[],"class_list":{"0":"post-32940","1":"product","2":"type-product","3":"status-publish","4":"has-post-thumbnail","6":"product_cat-verres-a-shot","7":"pa_ciudad-sevilla","8":"pa_motivo-panoramas","9":"pa_pais-espana","11":"first","12":"instock","13":"shipping-taxable","14":"product-type-simple"},"acf":[],"_links":{"self":[{"href":"https:\/\/olemosaic.orbitalia.org\/fr\/wp-json\/wp\/v2\/product\/32940","targetHints":{"allow":["GET"]}}],"collection":[{"href":"https:\/\/olemosaic.orbitalia.org\/fr\/wp-json\/wp\/v2\/product"}],"about":[{"href":"https:\/\/olemosaic.orbitalia.org\/fr\/wp-json\/wp\/v2\/types\/product"}],"wp:featuredmedia":[{"embeddable":true,"href":"https:\/\/olemosaic.orbitalia.org\/fr\/wp-json\/wp\/v2\/media\/7505"}],"wp:attachment":[{"href":"https:\/\/olemosaic.orbitalia.org\/fr\/wp-json\/wp\/v2\/media?parent=32940"}],"wp:term":[{"taxonomy":"product_brand","embeddable":true,"href":"https:\/\/olemosaic.orbitalia.org\/fr\/wp-json\/wp\/v2\/product_brand?post=32940"},{"taxonomy":"product_cat","embeddable":true,"href":"https:\/\/olemosaic.orbitalia.org\/fr\/wp-json\/wp\/v2\/product_cat?post=32940"},{"taxonomy":"product_tag","embeddable":true,"href":"https:\/\/olemosaic.orbitalia.org\/fr\/wp-json\/wp\/v2\/product_tag?post=32940"}],"curies":[{"name":"wp","href":"https:\/\/api.w.org\/{rel}","templated":true}]}}