{"id":32939,"date":"2025-02-20T23:34:48","date_gmt":"2025-02-20T22:34:48","guid":{"rendered":"https:\/\/olemosaic.orbitalia.org\/producto\/vaso-de-chupito-de-vidrio-bailaora-2\/"},"modified":"2025-07-25T18:35:41","modified_gmt":"2025-07-25T16:35:41","slug":"verre-a-shot-en-verre-danseuse-flamenco-2","status":"publish","type":"product","link":"https:\/\/olemosaic.orbitalia.org\/fr\/produit\/verre-a-shot-en-verre-danseuse-flamenco-2\/","title":{"rendered":"Verre \u00e0 shot en verre. Danseuse de flamenco. Art Flamenco."},"content":{"rendered":"<p>Ce verre \u00e0 shot en verre est un v\u00e9ritable hommage \u00e0 la vibrante culture andalouse, con\u00e7u pour capturer l&rsquo;essence du flamenco. D\u00e9cor\u00e9 d&rsquo;une repr\u00e9sentation dynamique de deux danseuses, ce verre peint \u00e0 la main se distingue par ses costumes color\u00e9s \u00e0 volants, o\u00f9 le rouge et le vert illuminent la sc\u00e8ne, \u00e9voquant l&rsquo;\u00e9nergie et la passion de l&rsquo;art flamenco. Les danseuses, en plein mouvement, tiennent des verres \u00e0 la main, symbolisant la c\u00e9l\u00e9bration et la joie, ce qui en fait un souvenir id\u00e9al pour ceux qui cherchent \u00e0 capturer l&rsquo;authentique exp\u00e9rience andalouse.<\/p>\n<p>Le verre pr\u00e9sente un design \u00e9l\u00e9gant, avec un fond doux qui fait ressortir les d\u00e9tails ornementaux ornant les figures, rehaussant son attrait visuel. Avec sa capacit\u00e9 parfaite pour un shot, il est non seulement fonctionnel, mais constitue \u00e9galement un \u00e9l\u00e9ment d\u00e9coratif spectaculaire qui peut embellir n&rsquo;importe quel espace. Ce souvenir est parfait pour les touristes souhaitant emporter un morceau d&rsquo;Andalousie, se rappelant la richesse culturelle de la r\u00e9gion \u00e0 chaque utilisation.<\/p>\n<p>Chez Ol\u00e9 Mosaic, nous sommes sp\u00e9cialistes de la distribution de souvenirs en gros, offrant des produits authentiques qui mettent en valeur la tradition espagnole, comme ce verre \u00e0 shot flamenco. Id\u00e9al pour les boutiques de cadeaux touristiques \u00e0 la recherche d&rsquo;articles de qualit\u00e9 et de pertinence culturelle, ce verre est une pi\u00e8ce qui ravira tout amateur de flamenco et de culture andalouse.<\/p>\n","protected":false},"excerpt":{"rendered":"<p>Verre \u00e0 shot en verre d\u00e9cor\u00e9 d&rsquo;une repr\u00e9sentation dynamique de deux danseuses de flamenco. Peint dans un style artisanal, ce verre attrayant se distingue par ses costumes color\u00e9s \u00e0 volants, sur un fond qui \u00e9voque l&rsquo;\u00e9nergie et la passion de l&rsquo;art flamenco. Les d\u00e9tails en rouge et vert, ainsi que les \u00e9l\u00e9ments ornementaux, apportent une touche vibrante, en faisant un souvenir parfait qui c\u00e9l\u00e8bre l&rsquo;essence de la culture andalouse. Id\u00e9al pour savourer vos boissons et comme objet d\u00e9coratif.<\/p>\n","protected":false},"featured_media":8803,"template":"","meta":{"_acf_changed":false},"product_brand":[],"product_cat":[814],"product_tag":[],"class_list":{"0":"post-32939","1":"product","2":"type-product","3":"status-publish","4":"has-post-thumbnail","6":"product_cat-verres-a-shot","7":"pa_motivo-danseurs","9":"first","10":"instock","11":"shipping-taxable","12":"product-type-simple"},"acf":[],"_links":{"self":[{"href":"https:\/\/olemosaic.orbitalia.org\/fr\/wp-json\/wp\/v2\/product\/32939","targetHints":{"allow":["GET"]}}],"collection":[{"href":"https:\/\/olemosaic.orbitalia.org\/fr\/wp-json\/wp\/v2\/product"}],"about":[{"href":"https:\/\/olemosaic.orbitalia.org\/fr\/wp-json\/wp\/v2\/types\/product"}],"wp:featuredmedia":[{"embeddable":true,"href":"https:\/\/olemosaic.orbitalia.org\/fr\/wp-json\/wp\/v2\/media\/8803"}],"wp:attachment":[{"href":"https:\/\/olemosaic.orbitalia.org\/fr\/wp-json\/wp\/v2\/media?parent=32939"}],"wp:term":[{"taxonomy":"product_brand","embeddable":true,"href":"https:\/\/olemosaic.orbitalia.org\/fr\/wp-json\/wp\/v2\/product_brand?post=32939"},{"taxonomy":"product_cat","embeddable":true,"href":"https:\/\/olemosaic.orbitalia.org\/fr\/wp-json\/wp\/v2\/product_cat?post=32939"},{"taxonomy":"product_tag","embeddable":true,"href":"https:\/\/olemosaic.orbitalia.org\/fr\/wp-json\/wp\/v2\/product_tag?post=32939"}],"curies":[{"name":"wp","href":"https:\/\/api.w.org\/{rel}","templated":true}]}}