{"id":32938,"date":"2025-02-20T23:34:48","date_gmt":"2025-02-20T22:34:48","guid":{"rendered":"https:\/\/olemosaic.orbitalia.org\/producto\/vaso-de-chupito-de-vidrio-bailaora-sevilla\/"},"modified":"2025-07-25T18:51:18","modified_gmt":"2025-07-25T16:51:18","slug":"verre-a-shot-en-verre-danseuse-flamenco-seville","status":"publish","type":"product","link":"https:\/\/olemosaic.orbitalia.org\/fr\/produit\/verre-a-shot-en-verre-danseuse-flamenco-seville\/","title":{"rendered":"Verre \u00e0 shot en verre. Danseuse de flamenco. S\u00e9ville."},"content":{"rendered":"<p>Ce verre \u00e0 shot en verre d\u00e9cor\u00e9 est une repr\u00e9sentation vibrante de la culture s\u00e9villane, id\u00e9al pour ceux qui recherchent un souvenir authentique et significatif. Avec un design color\u00e9, le verre pr\u00e9sente des images de danseuses de flamenco, v\u00eatues de costumes traditionnels \u00e0 volants dans des tons rouges et bleus, orn\u00e9s de fleurs qui ajoutent une touche de joie et de couleur. Le mot \u00ab\u00a0SEVILLA\u00a0\u00bb est \u00e9l\u00e9gamment imprim\u00e9 sur la partie sup\u00e9rieure, soulignant non seulement le nom de la ville, mais aussi la fiert\u00e9 culturelle qui l&rsquo;accompagne.<\/p>\n<p>Chaque verre est peint \u00e0 la main, ce qui garantit que chaque pi\u00e8ce est unique, et capture avec pr\u00e9cision la gr\u00e2ce et la passion du flamenco, partie int\u00e9grante de l&rsquo;identit\u00e9 s\u00e9villane. Les d\u00e9tails artistiques et les teintes brillantes font de ce verre un objet attrayant tant pour un usage personnel que pour la d\u00e9coration. C&rsquo;est une excellente option pour savourer un verre avec une touche r\u00e9gionale, transportant les utilisateurs dans les rues vibrantes de S\u00e9ville \u00e0 chaque gorg\u00e9e.<\/p>\n<p>Chez Ol\u00e9 Mosaic, en tant que grossiste de souvenirs de S\u00e9ville, ce verre \u00e0 shot ne repr\u00e9sente pas seulement la qualit\u00e9 et l&rsquo;artisanat, mais offre \u00e9galement un morceau de culture andalouse aux touristes souhaitant emporter un souvenir de leur voyage. C&rsquo;est un produit parfait pour les boutiques de cadeaux touristiques cherchant \u00e0 proposer des articles authentiques et d&rsquo;une grande valeur culturelle.<\/p>\n","protected":false},"excerpt":{"rendered":"<p>Verre \u00e0 shot en verre d\u00e9cor\u00e9 d&rsquo;images de danseuses de flamenco, repr\u00e9sentant l&rsquo;essence de S\u00e9ville. Ce verre attrayant pr\u00e9sente un design color\u00e9 avec des danseuses v\u00eatues de robes \u00e0 volants dans des tons rouges et bleus, orn\u00e9es de fleurs. Le mot \u00ab\u00a0SEVILLA\u00a0\u00bb est imprim\u00e9 sur la partie sup\u00e9rieure, compl\u00e9tant l&rsquo;art vibrant du design artisanal, peint \u00e0 la main, qui capture la culture andalouse. Id\u00e9al comme souvenir ou pour savourer un shot avec une touche r\u00e9gionale.<\/p>\n","protected":false},"featured_media":7506,"template":"","meta":{"_acf_changed":false},"product_brand":[],"product_cat":[814],"product_tag":[],"class_list":{"0":"post-32938","1":"product","2":"type-product","3":"status-publish","4":"has-post-thumbnail","6":"product_cat-verres-a-shot","7":"pa_ciudad-sevilla","8":"pa_motivo-danseurs","9":"pa_pais-espana","11":"first","12":"instock","13":"shipping-taxable","14":"product-type-simple"},"acf":[],"_links":{"self":[{"href":"https:\/\/olemosaic.orbitalia.org\/fr\/wp-json\/wp\/v2\/product\/32938","targetHints":{"allow":["GET"]}}],"collection":[{"href":"https:\/\/olemosaic.orbitalia.org\/fr\/wp-json\/wp\/v2\/product"}],"about":[{"href":"https:\/\/olemosaic.orbitalia.org\/fr\/wp-json\/wp\/v2\/types\/product"}],"wp:featuredmedia":[{"embeddable":true,"href":"https:\/\/olemosaic.orbitalia.org\/fr\/wp-json\/wp\/v2\/media\/7506"}],"wp:attachment":[{"href":"https:\/\/olemosaic.orbitalia.org\/fr\/wp-json\/wp\/v2\/media?parent=32938"}],"wp:term":[{"taxonomy":"product_brand","embeddable":true,"href":"https:\/\/olemosaic.orbitalia.org\/fr\/wp-json\/wp\/v2\/product_brand?post=32938"},{"taxonomy":"product_cat","embeddable":true,"href":"https:\/\/olemosaic.orbitalia.org\/fr\/wp-json\/wp\/v2\/product_cat?post=32938"},{"taxonomy":"product_tag","embeddable":true,"href":"https:\/\/olemosaic.orbitalia.org\/fr\/wp-json\/wp\/v2\/product_tag?post=32938"}],"curies":[{"name":"wp","href":"https:\/\/api.w.org\/{rel}","templated":true}]}}