{"id":32936,"date":"2025-02-20T23:34:47","date_gmt":"2025-02-20T22:34:47","guid":{"rendered":"https:\/\/olemosaic.orbitalia.org\/producto\/vaso-de-chupito-de-vidrio-salamandra-mallorca\/"},"modified":"2025-07-25T20:29:49","modified_gmt":"2025-07-25T18:29:49","slug":"verre-a-shot-en-verre-salamandre-majorque","status":"publish","type":"product","link":"https:\/\/olemosaic.orbitalia.org\/fr\/produit\/verre-a-shot-en-verre-salamandre-majorque\/","title":{"rendered":"Verre \u00e0 shot en verre. Salamandre. Majorque."},"content":{"rendered":"<p>Ce verre \u00e0 shot en verre, d\u00e9cor\u00e9 de salamandres vibrantes, est un v\u00e9ritable hommage \u00e0 la beaut\u00e9 de Majorque. Chaque verre pr\u00e9sente des illustrations \u00e0 effet peint \u00e0 la main qui capturent l&rsquo;essence de la faune locale, mettant en valeur des salamandres dans une joyeuse combinaison de couleurs telles que le bleu, le vert et le rouge. Les salamandres sont accompagn\u00e9es de charmantes fleurs multicolores, cr\u00e9ant un design ludique qui \u00e9voque les paysages m\u00e9diterran\u00e9ens et le folklore de l&rsquo;\u00eele. Sur la partie sup\u00e9rieure, le mot \u00ab\u00a0MALLORCA\u00a0\u00bb s&rsquo;affiche avec \u00e9l\u00e9gance, rappelant aux touristes la beaut\u00e9 de la destination qu&rsquo;ils tiennent entre leurs mains.<\/p>\n<p>Ce verre n&rsquo;est pas seulement un objet fonctionnel pour savourer des boissons, mais aussi une pi\u00e8ce d&rsquo;art qui repr\u00e9sente un souvenir authentique de la riche culture de Majorque. Id\u00e9al pour ceux qui recherchent des souvenirs de qualit\u00e9, ce verre \u00e0 shot est le compl\u00e9ment parfait pour toute c\u00e9l\u00e9bration, \u00e9voquant des moments sp\u00e9ciaux et des exp\u00e9riences uniques v\u00e9cues sur l&rsquo;\u00eele.<\/p>\n<p>Chez Ol\u00e9 Mosaic, nous sommes fiers d&rsquo;\u00eatre des distributeurs de souvenirs en gros, offrant des produits authentiques qui capturent l&rsquo;essence de chaque r\u00e9gion. Ce verre \u00e0 shot salamandre est une excellente option pour les boutiques de cadeaux touristiques qui cherchent \u00e0 inclure des articles se distinguant par leur signification culturelle et leur attrait visuel, devenant ainsi un classique parmi les souvenirs de Majorque.<\/p>\n","protected":false},"excerpt":{"rendered":"<p>Verre \u00e0 shot en verre d\u00e9cor\u00e9 de motifs color\u00e9s de salamandres, inspir\u00e9 du style embl\u00e9matique de Majorque. Ce verre attrayant pr\u00e9sente des illustrations \u00e0 effet peint \u00e0 la main de salamandres dans des tons vibrants de bleu, vert et rouge, accompagn\u00e9es de fleurs et du mot \u00ab\u00a0MALLORCA\u00a0\u00bb. Son design joyeux et artistique refl\u00e8te le folklore local, en faisant un souvenir parfait pour savourer les saveurs de l&rsquo;\u00eele et id\u00e9al pour comm\u00e9morer des moments sp\u00e9ciaux.<\/p>\n","protected":false},"featured_media":7498,"template":"","meta":{"_acf_changed":false},"product_brand":[],"product_cat":[814],"product_tag":[530],"class_list":{"0":"post-32936","1":"product","2":"type-product","3":"status-publish","4":"has-post-thumbnail","6":"product_cat-verres-a-shot","7":"product_tag-animaux","8":"pa_ciudad-mallorca","9":"pa_motivo-salamandres","10":"pa_pais-espana","12":"first","13":"instock","14":"shipping-taxable","15":"product-type-simple"},"acf":[],"_links":{"self":[{"href":"https:\/\/olemosaic.orbitalia.org\/fr\/wp-json\/wp\/v2\/product\/32936","targetHints":{"allow":["GET"]}}],"collection":[{"href":"https:\/\/olemosaic.orbitalia.org\/fr\/wp-json\/wp\/v2\/product"}],"about":[{"href":"https:\/\/olemosaic.orbitalia.org\/fr\/wp-json\/wp\/v2\/types\/product"}],"wp:featuredmedia":[{"embeddable":true,"href":"https:\/\/olemosaic.orbitalia.org\/fr\/wp-json\/wp\/v2\/media\/7498"}],"wp:attachment":[{"href":"https:\/\/olemosaic.orbitalia.org\/fr\/wp-json\/wp\/v2\/media?parent=32936"}],"wp:term":[{"taxonomy":"product_brand","embeddable":true,"href":"https:\/\/olemosaic.orbitalia.org\/fr\/wp-json\/wp\/v2\/product_brand?post=32936"},{"taxonomy":"product_cat","embeddable":true,"href":"https:\/\/olemosaic.orbitalia.org\/fr\/wp-json\/wp\/v2\/product_cat?post=32936"},{"taxonomy":"product_tag","embeddable":true,"href":"https:\/\/olemosaic.orbitalia.org\/fr\/wp-json\/wp\/v2\/product_tag?post=32936"}],"curies":[{"name":"wp","href":"https:\/\/api.w.org\/{rel}","templated":true}]}}