{"id":32905,"date":"2025-02-20T22:34:46","date_gmt":"2025-02-20T22:34:46","guid":{"rendered":"https:\/\/olemosaic.orbitalia.org\/producto\/vaso-de-chupito-de-vidrio-panoramica-barcelona\/"},"modified":"2025-07-25T20:39:19","modified_gmt":"2025-07-25T18:39:19","slug":"verre-a-shot-en-verre-panoramique-barcelone","status":"publish","type":"product","link":"https:\/\/olemosaic.orbitalia.org\/fr\/produit\/verre-a-shot-en-verre-panoramique-barcelone\/","title":{"rendered":"Verre \u00e0 shot en verre. Panoramique. Barcelone."},"content":{"rendered":"<p>Ce verre \u00e0 shot en verre avec le panorama de Barcelone est un souvenir vibrant et authentique, id\u00e9al pour ceux qui souhaitent emporter avec eux l&rsquo;essence de cette ville charmante. Son design captivant pr\u00e9sente une repr\u00e9sentation color\u00e9e d&rsquo;\u00e9l\u00e9ments iconiques, comme le Monument \u00e0 Colomb, qui se dresse comme un symbole de l&rsquo;esprit explorateur de Barcelone, entour\u00e9 de palmiers d\u00e9coratifs qui \u00e9voquent l&rsquo;ambiance m\u00e9diterran\u00e9enne. Avec une finition d\u00e9taill\u00e9e, le verre met en valeur les mosa\u00efques caract\u00e9ristiques de Gaud\u00ed, capturant la cr\u00e9ativit\u00e9 et l&rsquo;art qui d\u00e9finissent la m\u00e9tropole. Chaque angle de ce verre offre une vue diff\u00e9rente, o\u00f9 les couleurs vives soulignent les formes sinueuses et les motifs typiques de l&rsquo;\u0153uvre de Gaud\u00ed.<\/p>\n<p>Fabriqu\u00e9 en verre r\u00e9sistant, ce verre n&rsquo;est pas seulement id\u00e9al pour d\u00e9guster un shot, mais il sert \u00e9galement d&rsquo;objet d\u00e9coratif spectaculaire. Parfait pour toute collection de souvenirs de Barcelone, c&rsquo;est un cadeau id\u00e9al pour les touristes qui recherchent un souvenir authentique et repr\u00e9sentatif de la ville. Chez Ol\u00e9 Mosaic, en tant que distributeurs de souvenirs en gros, nous proposons ce verre comme une excellente option pour les boutiques de cadeaux touristiques, garantissant que chaque pi\u00e8ce combine qualit\u00e9, art et signification culturelle en un seul article, ce qui en fait un incontournable pour ceux qui visitent Barcelone.<\/p>\n","protected":false},"excerpt":{"rendered":"<p>Verre \u00e0 shot en cristal avec un panorama color\u00e9 de Barcelone. Ce design vibrant pr\u00e9sente des \u00e9l\u00e9ments iconiques comme le Monument \u00e0 Colomb et des palmiers d\u00e9coratifs, le tout dans un style rappelant les mosa\u00efques de Gaud\u00ed. Le verre, en cristal r\u00e9sistant, se distingue par sa finition d\u00e9taill\u00e9e et ses couleurs vives, qui capturent l&rsquo;essence de la ville. Id\u00e9al pour d\u00e9guster un shot tout en se rem\u00e9morant les charmes de Barcelone.<\/p>\n","protected":false},"featured_media":7495,"template":"","meta":{"_acf_changed":false},"product_brand":[],"product_cat":[814],"product_tag":[],"class_list":{"0":"post-32905","1":"product","2":"type-product","3":"status-publish","4":"has-post-thumbnail","6":"product_cat-verres-a-shot","7":"pa_ciudad-barcelona","8":"pa_motivo-panoramas","9":"pa_pais-espana","11":"first","12":"instock","13":"shipping-taxable","14":"product-type-simple"},"acf":[],"_links":{"self":[{"href":"https:\/\/olemosaic.orbitalia.org\/fr\/wp-json\/wp\/v2\/product\/32905","targetHints":{"allow":["GET"]}}],"collection":[{"href":"https:\/\/olemosaic.orbitalia.org\/fr\/wp-json\/wp\/v2\/product"}],"about":[{"href":"https:\/\/olemosaic.orbitalia.org\/fr\/wp-json\/wp\/v2\/types\/product"}],"wp:featuredmedia":[{"embeddable":true,"href":"https:\/\/olemosaic.orbitalia.org\/fr\/wp-json\/wp\/v2\/media\/7495"}],"wp:attachment":[{"href":"https:\/\/olemosaic.orbitalia.org\/fr\/wp-json\/wp\/v2\/media?parent=32905"}],"wp:term":[{"taxonomy":"product_brand","embeddable":true,"href":"https:\/\/olemosaic.orbitalia.org\/fr\/wp-json\/wp\/v2\/product_brand?post=32905"},{"taxonomy":"product_cat","embeddable":true,"href":"https:\/\/olemosaic.orbitalia.org\/fr\/wp-json\/wp\/v2\/product_cat?post=32905"},{"taxonomy":"product_tag","embeddable":true,"href":"https:\/\/olemosaic.orbitalia.org\/fr\/wp-json\/wp\/v2\/product_tag?post=32905"}],"curies":[{"name":"wp","href":"https:\/\/api.w.org\/{rel}","templated":true}]}}