{"id":32904,"date":"2025-02-20T22:34:46","date_gmt":"2025-02-20T22:34:46","guid":{"rendered":"https:\/\/olemosaic.orbitalia.org\/producto\/vaso-de-chupito-de-vidrio-panoramica-madrid\/"},"modified":"2025-07-25T20:42:06","modified_gmt":"2025-07-25T18:42:06","slug":"verre-a-shot-en-verre-panoramique-madrid","status":"publish","type":"product","link":"https:\/\/olemosaic.orbitalia.org\/fr\/produit\/verre-a-shot-en-verre-panoramique-madrid\/","title":{"rendered":"Verre \u00e0 shot en verre. Panoramique. Madrid."},"content":{"rendered":"<p>Ce verre \u00e0 shot en cristal, avec ses panoramas color\u00e9s de Madrid, est le souvenir essentiel pour quiconque souhaite emporter un petit morceau de la vibrante capitale espagnole chez soi. Ce verre attrayant se distingue par son design artistique, qui repr\u00e9sente certains des monuments les plus embl\u00e9matiques de Madrid, comme l&rsquo;iconique Porte d&rsquo;Alcal\u00e1, entour\u00e9e de teintes vives et frappantes qui \u00e9voquent l&rsquo;\u00e9nergie de la ville. Avec une finition qui simule des mosa\u00efques dans des tons orange, bleu et vert, chaque verre est une \u0153uvre d&rsquo;art qui apporte une touche de couleur et d&rsquo;originalit\u00e9.<\/p>\n<p>Le verre comprend le texte \u00ab\u00a0MADRID\u00a0\u00bb, renfor\u00e7ant son caract\u00e8re touristique et anecdotique. Id\u00e9al pour d\u00e9guster un shot, ce verre n&rsquo;est pas seulement un ustensile fonctionnel, mais une fa\u00e7on de c\u00e9l\u00e9brer la riche culture de la ville. Un objet qui ne peut manquer sur la table de tout amoureux de Madrid, qui voudra s&rsquo;en souvenir \u00e0 chaque utilisation.<\/p>\n<p>Chez Ol\u00e9 Mosaic, nous connaissons l&rsquo;importance de proposer des souvenirs authentiques qui refl\u00e8tent l&rsquo;identit\u00e9 culturelle de leur origine. Ce verre \u00e0 shot en cristal est une excellente option pour les boutiques de cadeaux touristiques qui recherchent des produits de qualit\u00e9, repr\u00e9sentatifs de Madrid et de son essence. En tant que grossistes de souvenirs, nous garantissons que chaque produit poss\u00e8de l&rsquo;authenticit\u00e9 et le charme n\u00e9cessaires pour capter l&rsquo;attention des touristes et des locaux.<\/p>\n","protected":false},"excerpt":{"rendered":"<p>Verre \u00e0 shot en verre avec des panoramas color\u00e9s de Madrid. Ce verre attrayant pr\u00e9sente un design artistique qui met en valeur divers monuments de la ville, comme l&#8217;embl\u00e9matique Porte d&rsquo;Alcal\u00e1 et d&rsquo;autres \u00e9l\u00e9ments iconiques. D\u00e9cor\u00e9 d&rsquo;une finition qui simule des mosa\u00efques dans des tons vifs d&rsquo;orange, de bleu et de vert, le verre est id\u00e9al pour d\u00e9guster un shot tout en \u00e9voquant la beaut\u00e9 de Madrid. Comprend le texte \u00ab\u00a0MADRID\u00a0\u00bb, ajoutant une touche distinctive et touristique.<\/p>\n","protected":false},"featured_media":7503,"template":"","meta":{"_acf_changed":false},"product_brand":[],"product_cat":[814],"product_tag":[],"class_list":{"0":"post-32904","1":"product","2":"type-product","3":"status-publish","4":"has-post-thumbnail","6":"product_cat-verres-a-shot","7":"pa_ciudad-madrid","8":"pa_motivo-panoramas","9":"pa_pais-espana","11":"first","12":"instock","13":"shipping-taxable","14":"product-type-simple"},"acf":[],"_links":{"self":[{"href":"https:\/\/olemosaic.orbitalia.org\/fr\/wp-json\/wp\/v2\/product\/32904","targetHints":{"allow":["GET"]}}],"collection":[{"href":"https:\/\/olemosaic.orbitalia.org\/fr\/wp-json\/wp\/v2\/product"}],"about":[{"href":"https:\/\/olemosaic.orbitalia.org\/fr\/wp-json\/wp\/v2\/types\/product"}],"wp:featuredmedia":[{"embeddable":true,"href":"https:\/\/olemosaic.orbitalia.org\/fr\/wp-json\/wp\/v2\/media\/7503"}],"wp:attachment":[{"href":"https:\/\/olemosaic.orbitalia.org\/fr\/wp-json\/wp\/v2\/media?parent=32904"}],"wp:term":[{"taxonomy":"product_brand","embeddable":true,"href":"https:\/\/olemosaic.orbitalia.org\/fr\/wp-json\/wp\/v2\/product_brand?post=32904"},{"taxonomy":"product_cat","embeddable":true,"href":"https:\/\/olemosaic.orbitalia.org\/fr\/wp-json\/wp\/v2\/product_cat?post=32904"},{"taxonomy":"product_tag","embeddable":true,"href":"https:\/\/olemosaic.orbitalia.org\/fr\/wp-json\/wp\/v2\/product_tag?post=32904"}],"curies":[{"name":"wp","href":"https:\/\/api.w.org\/{rel}","templated":true}]}}