{"id":32895,"date":"2025-02-20T23:34:46","date_gmt":"2025-02-20T22:34:46","guid":{"rendered":"https:\/\/olemosaic.orbitalia.org\/producto\/vaso-de-chupito-de-ceramica-alicatado-blanco-6\/"},"modified":"2025-07-25T20:01:56","modified_gmt":"2025-07-25T18:01:56","slug":"verre-a-shot-en-ceramique-alicatado-blanc-6","status":"publish","type":"product","link":"https:\/\/olemosaic.orbitalia.org\/fr\/produit\/verre-a-shot-en-ceramique-alicatado-blanc-6\/","title":{"rendered":"Verre \u00e0 shot en c\u00e9ramique. Alicatado. Azulejos. Fond blanc."},"content":{"rendered":"<p>Ce verre \u00e0 shot en c\u00e9ramique, au design \u00e9l\u00e9gant inspir\u00e9 des azulejos, est la repr\u00e9sentation parfaite de la riche tradition d\u00e9corative espagnole. Son fond blanc resplendit de motifs g\u00e9om\u00e9triques vibrants dans des couleurs telles que le bleu, le vert, l&rsquo;orange et le rouge, \u00e9voquant l&rsquo;essence de l&rsquo;art arabesque qui a influenc\u00e9 la culture espagnole, particuli\u00e8rement dans des r\u00e9gions comme l&rsquo;Andalousie. La pi\u00e8ce se distingue par sa bande de triangles sur la partie sup\u00e9rieure, qui apporte un contraste visuel enrichissant. L&rsquo;int\u00e9rieur du verre brille d&rsquo;un ton rouge chaleureux, offrant une exp\u00e9rience de couleur suppl\u00e9mentaire qui invite \u00e0 savourer chaque gorg\u00e9e.<\/p>\n<p>Ce verre \u00e0 shot n&rsquo;est pas seulement fonctionnel, c&rsquo;est aussi un souvenir exquis qui capture l&rsquo;essence de la tradition artisanale espagnole. Parfait pour partager des moments avec des amis ou en famille, il ajoute une touche culturelle et festive \u00e0 toute occasion. Son authenticit\u00e9 et sa pertinence culturelle en font un souvenir id\u00e9al pour les touristes qui souhaitent ramener un morceau d&rsquo;Espagne chez eux.<\/p>\n<p>Chez Ol\u00e9 Mosaic, nous nous sp\u00e9cialisons dans la distribution de souvenirs en gros, proposant des articles comme ce verre en c\u00e9ramique authentique qui c\u00e9l\u00e8bre l&rsquo;h\u00e9ritage d\u00e9coratif de l&rsquo;Espagne. Ce verre \u00e0 shot en gros est une excellente option pour les boutiques de cadeaux touristiques \u00e0 la recherche de produits uniques et charg\u00e9s d&rsquo;histoire. Avec chaque verre, on partage non seulement une boisson, mais aussi un lien avec la riche culture espagnole.<\/p>\n","protected":false},"excerpt":{"rendered":"<p>Verre \u00e0 shot en c\u00e9ramique avec un design \u00e9l\u00e9gant d&rsquo;azulejos, caract\u00e9ristique de la riche tradition d\u00e9corative espagnole. Il pr\u00e9sente un fond blanc orn\u00e9 de motifs g\u00e9om\u00e9triques aux couleurs vibrantes comme le bleu, le vert, l&rsquo;orange et le rouge, \u00e9voquant l&rsquo;essence de l&rsquo;art arabesque. La partie sup\u00e9rieure arbore une bande de triangles aux couleurs contrast\u00e9es, tandis que l&rsquo;int\u00e9rieur du verre se distingue par un ton rouge. Parfait pour savourer un verre, ajoutant une touche culturelle \u00e0 toute occasion.<\/p>\n","protected":false},"featured_media":8450,"template":"","meta":{"_acf_changed":false},"product_brand":[],"product_cat":[814],"product_tag":[585],"class_list":{"0":"post-32895","1":"product","2":"type-product","3":"status-publish","4":"has-post-thumbnail","6":"product_cat-verres-a-shot","7":"product_tag-ceramique","8":"pa_motivo-carrelage","10":"first","11":"instock","12":"shipping-taxable","13":"product-type-simple"},"acf":[],"_links":{"self":[{"href":"https:\/\/olemosaic.orbitalia.org\/fr\/wp-json\/wp\/v2\/product\/32895","targetHints":{"allow":["GET"]}}],"collection":[{"href":"https:\/\/olemosaic.orbitalia.org\/fr\/wp-json\/wp\/v2\/product"}],"about":[{"href":"https:\/\/olemosaic.orbitalia.org\/fr\/wp-json\/wp\/v2\/types\/product"}],"wp:featuredmedia":[{"embeddable":true,"href":"https:\/\/olemosaic.orbitalia.org\/fr\/wp-json\/wp\/v2\/media\/8450"}],"wp:attachment":[{"href":"https:\/\/olemosaic.orbitalia.org\/fr\/wp-json\/wp\/v2\/media?parent=32895"}],"wp:term":[{"taxonomy":"product_brand","embeddable":true,"href":"https:\/\/olemosaic.orbitalia.org\/fr\/wp-json\/wp\/v2\/product_brand?post=32895"},{"taxonomy":"product_cat","embeddable":true,"href":"https:\/\/olemosaic.orbitalia.org\/fr\/wp-json\/wp\/v2\/product_cat?post=32895"},{"taxonomy":"product_tag","embeddable":true,"href":"https:\/\/olemosaic.orbitalia.org\/fr\/wp-json\/wp\/v2\/product_tag?post=32895"}],"curies":[{"name":"wp","href":"https:\/\/api.w.org\/{rel}","templated":true}]}}