{"id":32892,"date":"2025-02-20T22:34:45","date_gmt":"2025-02-20T22:34:45","guid":{"rendered":"https:\/\/olemosaic.orbitalia.org\/producto\/vaso-de-chupito-de-ceramica-mijas-blanco\/"},"modified":"2025-07-25T20:02:19","modified_gmt":"2025-07-25T18:02:19","slug":"verre-a-shot-en-ceramique-mijas-blanc","status":"publish","type":"product","link":"https:\/\/olemosaic.orbitalia.org\/fr\/produit\/verre-a-shot-en-ceramique-mijas-blanc\/","title":{"rendered":"Verre \u00e0 shot en c\u00e9ramique. Mijas. Blanc."},"content":{"rendered":"<p>Ce petit verre \u00e0 shot en c\u00e9ramique est une merveille inspir\u00e9e des rues pittoresques de Mijas, l&rsquo;un des plus beaux villages de la Costa del Sol. Avec un design vibrant et color\u00e9, le verre combine la c\u00e9ramique blanche avec un int\u00e9rieur rouge intense, cr\u00e9ant un contraste visuel captivant qui refl\u00e8te l&rsquo;essence du folklore andalou. D\u00e9cor\u00e9 d&rsquo;illustrations d\u00e9taill\u00e9es comprenant l&#8217;embl\u00e9matique Plaza de Toros et les maisons blanchies \u00e0 la chaux typiques du village, ce verre capture l&rsquo;architecture caract\u00e9ristique de Mijas, mettant \u00e9galement en valeur les palmiers qui embellissent son environnement.<\/p>\n<p>Chaque rotation du verre r\u00e9v\u00e8le un motif diff\u00e9rent, ce qui en fait un objet d\u00e9coratif id\u00e9al et un souvenir pratique. C&rsquo;est un hommage \u00e0 la riche histoire culturelle de la r\u00e9gion, o\u00f9 la tradition taurine et le paysage andalou fusionnent de mani\u00e8re sublime. Ce verre \u00e0 shot n&rsquo;est pas seulement parfait pour servir de la liqueur, c&rsquo;est aussi un rappel tangible de la beaut\u00e9 de Mijas que les touristes voudront ramener chez eux. Chez Ol\u00e9 Mosaic, nous sommes de fiers distributeurs de souvenirs repr\u00e9sentant l&rsquo;authentique culture espagnole. Ce verre est une excellente option pour les boutiques de cadeaux touristiques \u00e0 la recherche de produits uniques de haute qualit\u00e9. En tant que grossistes en c\u00e9ramique, nous garantissons que chaque pi\u00e8ce refl\u00e8te l&rsquo;art et l&rsquo;authenticit\u00e9 de son origine.<\/p>\n","protected":false},"excerpt":{"rendered":"<p>Verre \u00e0 shot en c\u00e9ramique, inspir\u00e9 des rues pittoresques de Mijas. Ce verre color\u00e9 pr\u00e9sente un design d\u00e9taill\u00e9 avec des \u00e9l\u00e9ments de la Plaza de Toros et de l&rsquo;architecture typique du village, mettant en valeur les palmiers et les maisons blanchies \u00e0 la chaux. Son int\u00e9rieur rouge contraste avec l&rsquo;ext\u00e9rieur en c\u00e9ramique blanche d\u00e9cor\u00e9 d&rsquo;une mosa\u00efque vibrante, faisant de chaque gorg\u00e9e une repr\u00e9sentation claire du folklore andalou. Id\u00e9al comme souvenir ou cadeau.<\/p>\n","protected":false},"featured_media":10008,"template":"","meta":{"_acf_changed":false},"product_brand":[],"product_cat":[814],"product_tag":[530,585],"class_list":{"0":"post-32892","1":"product","2":"type-product","3":"status-publish","4":"has-post-thumbnail","6":"product_cat-verres-a-shot","7":"product_tag-animaux","8":"product_tag-ceramique","9":"pa_ciudad-mijas","10":"pa_pais-espana","12":"first","13":"instock","14":"shipping-taxable","15":"product-type-simple"},"acf":[],"_links":{"self":[{"href":"https:\/\/olemosaic.orbitalia.org\/fr\/wp-json\/wp\/v2\/product\/32892","targetHints":{"allow":["GET"]}}],"collection":[{"href":"https:\/\/olemosaic.orbitalia.org\/fr\/wp-json\/wp\/v2\/product"}],"about":[{"href":"https:\/\/olemosaic.orbitalia.org\/fr\/wp-json\/wp\/v2\/types\/product"}],"wp:featuredmedia":[{"embeddable":true,"href":"https:\/\/olemosaic.orbitalia.org\/fr\/wp-json\/wp\/v2\/media\/10008"}],"wp:attachment":[{"href":"https:\/\/olemosaic.orbitalia.org\/fr\/wp-json\/wp\/v2\/media?parent=32892"}],"wp:term":[{"taxonomy":"product_brand","embeddable":true,"href":"https:\/\/olemosaic.orbitalia.org\/fr\/wp-json\/wp\/v2\/product_brand?post=32892"},{"taxonomy":"product_cat","embeddable":true,"href":"https:\/\/olemosaic.orbitalia.org\/fr\/wp-json\/wp\/v2\/product_cat?post=32892"},{"taxonomy":"product_tag","embeddable":true,"href":"https:\/\/olemosaic.orbitalia.org\/fr\/wp-json\/wp\/v2\/product_tag?post=32892"}],"curies":[{"name":"wp","href":"https:\/\/api.w.org\/{rel}","templated":true}]}}