{"id":32891,"date":"2025-02-20T23:34:45","date_gmt":"2025-02-20T22:34:45","guid":{"rendered":"https:\/\/olemosaic.orbitalia.org\/producto\/vaso-de-chupito-de-ceramica-alicatado-blanco-5\/"},"modified":"2025-07-25T20:05:19","modified_gmt":"2025-07-25T18:05:19","slug":"verre-a-shot-en-ceramique-alicatado-blanc-5","status":"publish","type":"product","link":"https:\/\/olemosaic.orbitalia.org\/fr\/produit\/verre-a-shot-en-ceramique-alicatado-blanc-5\/","title":{"rendered":"Verre \u00e0 shot en c\u00e9ramique. Alicatado. Orange. Fond blanc."},"content":{"rendered":"<p>Ce verre \u00e0 shot en c\u00e9ramique est une magnifique repr\u00e9sentation de l&rsquo;art de l&rsquo;alicatado espagnol, un classique du riche h\u00e9ritage culturel de l&rsquo;Espagne. Son design tr\u00e8s sp\u00e9cial en blanc fait ressortir l&rsquo;int\u00e9rieur vibrant de couleur orange, cr\u00e9ant un contraste visuel attrayant et contemporain. D\u00e9cor\u00e9 de formes g\u00e9om\u00e9triques complexes dans une palette de couleurs comprenant le rouge, le bleu, le noir et le vert, ce verre \u00e9voque la diversit\u00e9 et la beaut\u00e9 de l&rsquo;architecture m\u00e9diterran\u00e9enne, ce qui en fait un \u00e9l\u00e9ment d\u00e9coratif id\u00e9al pour toute c\u00e9l\u00e9bration ou \u00e9v\u00e9nement.<\/p>\n<p>Les formes g\u00e9om\u00e9triques, soigneusement con\u00e7ues et dispos\u00e9es, refl\u00e8tent la tradition de l&rsquo;azulejo qui a orn\u00e9 les fa\u00e7ades de nombreux b\u00e2timents historiques en Espagne, et chaque trait parle d&rsquo;une culture riche en histoire et en couleurs. Ce verre n&rsquo;est pas seulement fonctionnel, il agit \u00e9galement comme un souvenir authentique, parfait pour ceux qui cherchent \u00e0 ramener chez eux une partie de la culture espagnole.<\/p>\n<p>Chez Ol\u00e9 Mosaic, nous nous sp\u00e9cialisons dans la distribution en gros de souvenirs qui capturent l&rsquo;essence de chaque r\u00e9gion. Ce verre \u00e0 shot en c\u00e9ramique est une excellente option pour les boutiques de cadeaux touristiques souhaitant proposer des produits uniques et de qualit\u00e9. Avec son design attrayant et sa pertinence culturelle, il devient un article qui ravira les touristes et les collectionneurs, s&rsquo;affirmant comme un indispensable dans toute collection de souvenirs d&rsquo;Espagne.<\/p>\n","protected":false},"excerpt":{"rendered":"<p>Verre \u00e0 shot en c\u00e9ramique inspir\u00e9 de l&rsquo;alicatado traditionnel espagnol, avec une finition blanche et un int\u00e9rieur orange vibrant. Ce verre pr\u00e9sente un design tr\u00e8s sp\u00e9cial avec des formes g\u00e9om\u00e9triques en rouge, bleu, noir et vert, \u00e9voquant le riche h\u00e9ritage culturel de l&rsquo;Espagne. Id\u00e9al pour les \u00e9v\u00e9nements et les c\u00e9l\u00e9brations, il combine fonctionnalit\u00e9 et style artistique attrayant qui \u00e9voque l&rsquo;essence de l&rsquo;architecture m\u00e9diterran\u00e9enne.<\/p>\n","protected":false},"featured_media":8447,"template":"","meta":{"_acf_changed":false},"product_brand":[],"product_cat":[814],"product_tag":[585],"class_list":{"0":"post-32891","1":"product","2":"type-product","3":"status-publish","4":"has-post-thumbnail","6":"product_cat-verres-a-shot","7":"product_tag-ceramique","8":"pa_motivo-carrelage","10":"first","11":"instock","12":"shipping-taxable","13":"product-type-simple"},"acf":[],"_links":{"self":[{"href":"https:\/\/olemosaic.orbitalia.org\/fr\/wp-json\/wp\/v2\/product\/32891","targetHints":{"allow":["GET"]}}],"collection":[{"href":"https:\/\/olemosaic.orbitalia.org\/fr\/wp-json\/wp\/v2\/product"}],"about":[{"href":"https:\/\/olemosaic.orbitalia.org\/fr\/wp-json\/wp\/v2\/types\/product"}],"wp:featuredmedia":[{"embeddable":true,"href":"https:\/\/olemosaic.orbitalia.org\/fr\/wp-json\/wp\/v2\/media\/8447"}],"wp:attachment":[{"href":"https:\/\/olemosaic.orbitalia.org\/fr\/wp-json\/wp\/v2\/media?parent=32891"}],"wp:term":[{"taxonomy":"product_brand","embeddable":true,"href":"https:\/\/olemosaic.orbitalia.org\/fr\/wp-json\/wp\/v2\/product_brand?post=32891"},{"taxonomy":"product_cat","embeddable":true,"href":"https:\/\/olemosaic.orbitalia.org\/fr\/wp-json\/wp\/v2\/product_cat?post=32891"},{"taxonomy":"product_tag","embeddable":true,"href":"https:\/\/olemosaic.orbitalia.org\/fr\/wp-json\/wp\/v2\/product_tag?post=32891"}],"curies":[{"name":"wp","href":"https:\/\/api.w.org\/{rel}","templated":true}]}}