{"id":32880,"date":"2025-02-20T22:34:45","date_gmt":"2025-02-20T22:34:45","guid":{"rendered":"https:\/\/olemosaic.orbitalia.org\/producto\/vaso-de-chupito-de-ceramica-gallos-blanco\/"},"modified":"2025-07-25T20:17:58","modified_gmt":"2025-07-25T18:17:58","slug":"verre-a-shot-en-ceramique-coqs-blanc","status":"publish","type":"product","link":"https:\/\/olemosaic.orbitalia.org\/fr\/produit\/verre-a-shot-en-ceramique-coqs-blanc\/","title":{"rendered":"Verre \u00e0 shot en c\u00e9ramique. Coqs. Blanc."},"content":{"rendered":"<p>Ce verre \u00e0 shot en c\u00e9ramique est une belle repr\u00e9sentation de la tradition culturelle espagnole. Son design vibrant de coqs ajoute une touche festive \u00e0 toute c\u00e9l\u00e9bration. Avec sa base blanche, le verre se distingue par un coq d\u00e9cor\u00e9 de couleurs vives, principalement le rouge et le noir, compl\u00e9t\u00e9 par des d\u00e9tails de c\u0153urs frappants et un fond joyeux, rempli de motifs floraux dans des tons bleus et jaunes. L&rsquo;int\u00e9rieur color\u00e9 et la finition brillante le rendent attrayant \u00e0 l&rsquo;\u0153il, en plus d&rsquo;\u00eatre un \u00e9l\u00e9ment fonctionnel pour d\u00e9guster des shots entre amis et en famille.<\/p>\n<p>Ce verre \u00e0 shot n&rsquo;est pas seulement un ustensile amusant pour vos c\u00e9l\u00e9brations, mais aussi un souvenir parfait qui \u00e9voque le folklore espagnol, repr\u00e9sentant l&rsquo;une des figures plus embl\u00e9matiques de la culture populaire. L&rsquo;image du coq est associ\u00e9e \u00e0 la joie et \u00e0 la chance, ce qui fait de cet objet un souvenir symbolique et id\u00e9al pour ceux qui cherchent \u00e0 capturer l&rsquo;essence de l&rsquo;Espagne dans leur foyer.<\/p>\n<p>Chez Ol\u00e9 Mosaic, nous sommes sp\u00e9cialistes de la distribution de souvenirs en gros, et ce verre \u00e0 shot en c\u00e9ramique est une excellente option pour les boutiques de cadeaux touristiques cherchant \u00e0 ajouter des produits authentiques et pleins de sens \u00e0 leur catalogue. Sa pertinence culturelle et son attrait visuel en font un choix optimal pour les touristes souhaitant emporter un morceau de l&rsquo;esprit festif de l&rsquo;Espagne.<\/p>\n","protected":false},"excerpt":{"rendered":"<p>Verre \u00e0 shot en c\u00e9ramique avec un design vibrant de coqs, id\u00e9al pour apporter une touche festive \u00e0 toute c\u00e9l\u00e9bration. Ce verre se distingue par sa base blanche d\u00e9cor\u00e9e de motifs floraux et d&rsquo;un coq aux couleurs vives, mettant en avant le rouge et le noir, avec des d\u00e9tails de c\u0153urs et un fond joyeux. Avec une finition brillante et un int\u00e9rieur color\u00e9, c&rsquo;est un souvenir parfait qui \u00e9voque la tradition et la culture espagnole, id\u00e9al pour d\u00e9guster des shots ou comme pi\u00e8ce d\u00e9corative.<\/p>\n","protected":false},"featured_media":8925,"template":"","meta":{"_acf_changed":false},"product_brand":[],"product_cat":[814],"product_tag":[530,585],"class_list":{"0":"post-32880","1":"product","2":"type-product","3":"status-publish","4":"has-post-thumbnail","6":"product_cat-verres-a-shot","7":"product_tag-animaux","8":"product_tag-ceramique","9":"pa_motivo-coqs","11":"first","12":"instock","13":"shipping-taxable","14":"product-type-simple"},"acf":[],"_links":{"self":[{"href":"https:\/\/olemosaic.orbitalia.org\/fr\/wp-json\/wp\/v2\/product\/32880","targetHints":{"allow":["GET"]}}],"collection":[{"href":"https:\/\/olemosaic.orbitalia.org\/fr\/wp-json\/wp\/v2\/product"}],"about":[{"href":"https:\/\/olemosaic.orbitalia.org\/fr\/wp-json\/wp\/v2\/types\/product"}],"wp:featuredmedia":[{"embeddable":true,"href":"https:\/\/olemosaic.orbitalia.org\/fr\/wp-json\/wp\/v2\/media\/8925"}],"wp:attachment":[{"href":"https:\/\/olemosaic.orbitalia.org\/fr\/wp-json\/wp\/v2\/media?parent=32880"}],"wp:term":[{"taxonomy":"product_brand","embeddable":true,"href":"https:\/\/olemosaic.orbitalia.org\/fr\/wp-json\/wp\/v2\/product_brand?post=32880"},{"taxonomy":"product_cat","embeddable":true,"href":"https:\/\/olemosaic.orbitalia.org\/fr\/wp-json\/wp\/v2\/product_cat?post=32880"},{"taxonomy":"product_tag","embeddable":true,"href":"https:\/\/olemosaic.orbitalia.org\/fr\/wp-json\/wp\/v2\/product_tag?post=32880"}],"curies":[{"name":"wp","href":"https:\/\/api.w.org\/{rel}","templated":true}]}}