{"id":32878,"date":"2025-02-20T23:34:44","date_gmt":"2025-02-20T22:34:44","guid":{"rendered":"https:\/\/olemosaic.orbitalia.org\/producto\/vaso-de-chupito-de-ceramica-bailaora-beige-2\/"},"modified":"2025-07-25T19:03:36","modified_gmt":"2025-07-25T17:03:36","slug":"verre-a-shot-en-ceramique-danseuse-flamenco-beige-2","status":"publish","type":"product","link":"https:\/\/olemosaic.orbitalia.org\/fr\/produit\/verre-a-shot-en-ceramique-danseuse-flamenco-beige-2\/","title":{"rendered":"Verre \u00e0 shot en c\u00e9ramique. Danseuse de flamenco. Beige. Espagne."},"content":{"rendered":"<p>Ce petit verre \u00e0 shot en c\u00e9ramique est un v\u00e9ritable joyau du folklore espagnol, id\u00e9al pour ceux qui recherchent un souvenir repr\u00e9sentatif de leur visite en Espagne. D\u00e9cor\u00e9 d&rsquo;une danseuse de flamenco vibrante v\u00eatue d&rsquo;un costume rouge et blanc captivant, ce verre capture l&rsquo;essence du flamenco dans chaque d\u00e9tail. Le contraste avec le fond beige fait ressortir la figure dynamique de la danseuse qui, en plein mouvement, \u00e9mane joie et vivacit\u00e9, faisant de ce verre non seulement un objet fonctionnel, mais aussi une pi\u00e8ce d\u00e9corative pleine de couleur et d&rsquo;\u00e9nergie.<\/p>\n<p>La danseuse, avec sa robe \u00e0 volants caract\u00e9ristique, est accompagn\u00e9e d&rsquo;un fond festif et du mot \u00ab ESPA\u00d1A \u00bb en lettres color\u00e9es, \u00e9voquant la passion et l&rsquo;art qui caract\u00e9risent la culture espagnole. Chaque gorg\u00e9e dans ce petit verre \u00e0 shot devient une c\u00e9l\u00e9bration de la tradition flamenca, en faisant une excellente option pour savourer vos boissons et partager des moments inoubliables avec vos amis et votre famille.<\/p>\n<p>Chez Ol\u00e9 Mosaic, en tant que distributeurs de souvenirs en c\u00e9ramique, nous proposons des produits authentiques qui refl\u00e8tent la culture de l&rsquo;Espagne, et ce petit verre \u00e0 shot en est un excellent exemple. Parfait pour les boutiques de cadeaux touristiques, ce verre n&rsquo;est pas seulement un souvenir de votre voyage, mais une pi\u00e8ce qui permet de partager le riche h\u00e9ritage culturel espagnol avec tous.<\/p>\n","protected":false},"excerpt":{"rendered":"<p>Verre \u00e0 shot en c\u00e9ramique d\u00e9cor\u00e9 d&rsquo;une danseuse de flamenco v\u00eatue d&rsquo;un costume rouge et blanc vibrant, repr\u00e9sentant l&rsquo;esprit du flamenco. Avec un fond beige et des d\u00e9tails rouges, ce verre arbore le mot \u00ab\u00a0ESPA\u00d1A\u00a0\u00bb en couleurs, ajoutant une touche culturelle et festive. Id\u00e9al pour savourer vos boissons, c&rsquo;est une pi\u00e8ce authentique qui capture l&rsquo;essence du folklore espagnol \u00e0 chaque gorg\u00e9e.<\/p>\n","protected":false},"featured_media":7051,"template":"","meta":{"_acf_changed":false},"product_brand":[],"product_cat":[814],"product_tag":[585],"class_list":{"0":"post-32878","1":"product","2":"type-product","3":"status-publish","4":"has-post-thumbnail","6":"product_cat-verres-a-shot","7":"product_tag-ceramique","8":"pa_motivo-danseurs","10":"first","11":"instock","12":"shipping-taxable","13":"product-type-simple"},"acf":[],"_links":{"self":[{"href":"https:\/\/olemosaic.orbitalia.org\/fr\/wp-json\/wp\/v2\/product\/32878","targetHints":{"allow":["GET"]}}],"collection":[{"href":"https:\/\/olemosaic.orbitalia.org\/fr\/wp-json\/wp\/v2\/product"}],"about":[{"href":"https:\/\/olemosaic.orbitalia.org\/fr\/wp-json\/wp\/v2\/types\/product"}],"wp:featuredmedia":[{"embeddable":true,"href":"https:\/\/olemosaic.orbitalia.org\/fr\/wp-json\/wp\/v2\/media\/7051"}],"wp:attachment":[{"href":"https:\/\/olemosaic.orbitalia.org\/fr\/wp-json\/wp\/v2\/media?parent=32878"}],"wp:term":[{"taxonomy":"product_brand","embeddable":true,"href":"https:\/\/olemosaic.orbitalia.org\/fr\/wp-json\/wp\/v2\/product_brand?post=32878"},{"taxonomy":"product_cat","embeddable":true,"href":"https:\/\/olemosaic.orbitalia.org\/fr\/wp-json\/wp\/v2\/product_cat?post=32878"},{"taxonomy":"product_tag","embeddable":true,"href":"https:\/\/olemosaic.orbitalia.org\/fr\/wp-json\/wp\/v2\/product_tag?post=32878"}],"curies":[{"name":"wp","href":"https:\/\/api.w.org\/{rel}","templated":true}]}}