{"id":32864,"date":"2025-02-20T23:34:44","date_gmt":"2025-02-20T22:34:44","guid":{"rendered":"https:\/\/olemosaic.orbitalia.org\/producto\/vaso-de-chupito-de-ceramica-panoramica-madrid-beige\/"},"modified":"2025-07-25T20:08:27","modified_gmt":"2025-07-25T18:08:27","slug":"verre-a-shot-en-ceramique-panoramique-madrid-beige","status":"publish","type":"product","link":"https:\/\/olemosaic.orbitalia.org\/fr\/produit\/verre-a-shot-en-ceramique-panoramique-madrid-beige\/","title":{"rendered":"Verre \u00e0 shot en c\u00e9ramique. Panoramique. Madrid. Beige."},"content":{"rendered":"<p>Ce verre \u00e0 shot en c\u00e9ramique est un authentique souvenir de Madrid, con\u00e7u pour capturer l&rsquo;essence et les ic\u00f4nes de la capitale espagnole dans un format \u00e9l\u00e9gant. Avec une vue panoramique vibrante dans les tons beiges et diverses couleurs, le verre pr\u00e9sente des illustrations de l&#8217;embl\u00e9matique Ours et l&rsquo;Arbousier (Oso y el Madro\u00f1o), ainsi que de l&rsquo;historique Puerta del Sol, le tout repr\u00e9sent\u00e9 avec un style de mosa\u00efque peint \u00e0 la main qui souligne la ma\u00eetrise artisanale. Chaque d\u00e9tail artistique a \u00e9t\u00e9 m\u00e9ticuleusement soign\u00e9, y compris son bord noir caract\u00e9ristique, qui ajoute une touche contemporaine au design.<\/p>\n<p>Ce verre n&rsquo;est pas seulement fonctionnel, il agit \u00e9galement comme un objet d\u00e9coratif, un rappel de la riche culture et de la vie vibrante de Madrid. Parfait pour les touristes qui souhaitent emporter un morceau de la ville, ce verre \u00e0 shot repr\u00e9sente la plus pure tradition des souvenirs de la r\u00e9gion. Les symboles repr\u00e9sent\u00e9s, comme l&rsquo;Ours et l&rsquo;Arbousier, sont une ic\u00f4ne de la ville, c\u00e9l\u00e9brant son patrimoine et son histoire.<\/p>\n<p>Chez Ol\u00e9 Mosaic, nous sommes experts dans la distribution de souvenirs en gros, et ce verre est une excellente option pour les boutiques de cadeaux touristiques \u00e0 la recherche de produits authentiques et attrayants. En tant que grossistes en c\u00e9ramique, nous garantissons la qualit\u00e9 et l&rsquo;authenticit\u00e9 de chaque pi\u00e8ce, ce qui fait de ce verre \u00e0 shot un choix id\u00e9al pour ceux qui recherchent des souvenirs inoubliables de Madrid.<\/p>\n","protected":false},"excerpt":{"rendered":"<p>Verre \u00e0 shot en c\u00e9ramique avec une vue panoramique vibrante de Madrid dans les tons beiges et diverses couleurs. Ce verre \u00e9l\u00e9gant pr\u00e9sente des illustrations du c\u00e9l\u00e8bre Ours et l&rsquo;Arbousier, ainsi que de l&#8217;embl\u00e9matique Puerta del Sol, repr\u00e9sent\u00e9s avec un style mosa\u00efque au design artisanal, peint \u00e0 la main. Avec des d\u00e9tails artistiques et un bord noir, c&rsquo;est une pi\u00e8ce fonctionnelle et d\u00e9corative qui capture l&rsquo;essence de la capitale espagnole, parfaite pour les souvenirs et les collections.<\/p>\n","protected":false},"featured_media":7359,"template":"","meta":{"_acf_changed":false},"product_brand":[],"product_cat":[814],"product_tag":[585],"class_list":{"0":"post-32864","1":"product","2":"type-product","3":"status-publish","4":"has-post-thumbnail","6":"product_cat-verres-a-shot","7":"product_tag-ceramique","8":"pa_ciudad-madrid","9":"pa_motivo-panoramas","10":"pa_pais-espana","12":"first","13":"instock","14":"shipping-taxable","15":"product-type-simple"},"acf":[],"_links":{"self":[{"href":"https:\/\/olemosaic.orbitalia.org\/fr\/wp-json\/wp\/v2\/product\/32864","targetHints":{"allow":["GET"]}}],"collection":[{"href":"https:\/\/olemosaic.orbitalia.org\/fr\/wp-json\/wp\/v2\/product"}],"about":[{"href":"https:\/\/olemosaic.orbitalia.org\/fr\/wp-json\/wp\/v2\/types\/product"}],"wp:featuredmedia":[{"embeddable":true,"href":"https:\/\/olemosaic.orbitalia.org\/fr\/wp-json\/wp\/v2\/media\/7359"}],"wp:attachment":[{"href":"https:\/\/olemosaic.orbitalia.org\/fr\/wp-json\/wp\/v2\/media?parent=32864"}],"wp:term":[{"taxonomy":"product_brand","embeddable":true,"href":"https:\/\/olemosaic.orbitalia.org\/fr\/wp-json\/wp\/v2\/product_brand?post=32864"},{"taxonomy":"product_cat","embeddable":true,"href":"https:\/\/olemosaic.orbitalia.org\/fr\/wp-json\/wp\/v2\/product_cat?post=32864"},{"taxonomy":"product_tag","embeddable":true,"href":"https:\/\/olemosaic.orbitalia.org\/fr\/wp-json\/wp\/v2\/product_tag?post=32864"}],"curies":[{"name":"wp","href":"https:\/\/api.w.org\/{rel}","templated":true}]}}