{"id":32862,"date":"2025-02-20T22:34:43","date_gmt":"2025-02-20T22:34:43","guid":{"rendered":"https:\/\/olemosaic.orbitalia.org\/producto\/vaso-de-chupito-de-ceramica-bailaora-beige\/"},"modified":"2025-07-25T20:31:00","modified_gmt":"2025-07-25T18:31:00","slug":"verre-a-shot-en-ceramique-danseuse-flamenco-beige","status":"publish","type":"product","link":"https:\/\/olemosaic.orbitalia.org\/fr\/produit\/verre-a-shot-en-ceramique-danseuse-flamenco-beige\/","title":{"rendered":"Verre \u00e0 shot en c\u00e9ramique. Danseuse de flamenco. Beige."},"content":{"rendered":"<p>Ce petit verre \u00e0 shot en c\u00e9ramique est un v\u00e9ritable hommage \u00e0 la culture espagnole, id\u00e9al pour apporter un morceau de tradition dans votre maison. D\u00e9cor\u00e9 d&rsquo;une illustration vibrante d&rsquo;une danseuse de flamenco (bailaora), le design se distingue par son fond beige qui contraste de mani\u00e8re spectaculaire avec les d\u00e9tails color\u00e9s repr\u00e9sentant un costume de flamenco traditionnel, apportant un air festif et joyeux. La danseuse, avec son mouvement \u00e9nergique, capture l&rsquo;essence du flamenco, l&rsquo;un des symboles les plus repr\u00e9sentatifs de l&rsquo;identit\u00e9 espagnole. Le mot \u00ab\u00a0ESPA\u00d1A\u00a0\u00bb appara\u00eet en lettres brillantes, renfor\u00e7ant la connexion culturelle et la fiert\u00e9 de l&rsquo;h\u00e9ritage espagnol.<\/p>\n<p>La finition \u00e9maill\u00e9e du verre lui conf\u00e8re non seulement un \u00e9clat attrayant, mais en fait \u00e9galement une pi\u00e8ce pratique et d\u00e9corative, parfaite pour toute occasion festive. Ce petit verre \u00e0 shot ne sert pas seulement \u00e0 d\u00e9guster vos boissons, mais agit \u00e9galement comme un souvenir \u00e9vocateur qui vous transporte vers des moments m\u00e9morables v\u00e9cus dans la p\u00e9ninsule. Chez Ol\u00e9 Mosaic, nous sommes fiers d&rsquo;offrir des souvenirs authentiques qui capturent l&rsquo;essence culturelle de l&rsquo;Espagne. Ce verre \u00e0 shot en c\u00e9ramique est un choix id\u00e9al pour les boutiques de cadeaux touristiques \u00e0 la recherche de produits attrayants et repr\u00e9sentatifs. En tant que grossistes en c\u00e9ramique, nous garantissons la qualit\u00e9 et l&rsquo;originalit\u00e9 de chacune de nos pi\u00e8ces.<\/p>\n","protected":false},"excerpt":{"rendered":"<p>Verre \u00e0 shot en c\u00e9ramique d\u00e9cor\u00e9 d&rsquo;une illustration vibrante d&rsquo;une danseuse de flamenco, id\u00e9al pour apporter un petit morceau de la culture espagnole dans votre maison. Ce design exclusif pr\u00e9sente un fond beige, avec des d\u00e9tails aux couleurs vives repr\u00e9sentant un costume de flamenco traditionnel, compl\u00e9t\u00e9 par le mot \u00ab\u00a0ESPA\u00d1A\u00a0\u00bb. Sa finition \u00e9maill\u00e9e lui donne un \u00e9clat attrayant, parfait pour toute occasion festive ou comme souvenir d\u00e9coratif.<\/p>\n","protected":false},"featured_media":7027,"template":"","meta":{"_acf_changed":false},"product_brand":[],"product_cat":[814],"product_tag":[585],"class_list":{"0":"post-32862","1":"product","2":"type-product","3":"status-publish","4":"has-post-thumbnail","6":"product_cat-verres-a-shot","7":"product_tag-ceramique","8":"pa_motivo-danseurs","10":"first","11":"instock","12":"shipping-taxable","13":"product-type-simple"},"acf":[],"_links":{"self":[{"href":"https:\/\/olemosaic.orbitalia.org\/fr\/wp-json\/wp\/v2\/product\/32862","targetHints":{"allow":["GET"]}}],"collection":[{"href":"https:\/\/olemosaic.orbitalia.org\/fr\/wp-json\/wp\/v2\/product"}],"about":[{"href":"https:\/\/olemosaic.orbitalia.org\/fr\/wp-json\/wp\/v2\/types\/product"}],"wp:featuredmedia":[{"embeddable":true,"href":"https:\/\/olemosaic.orbitalia.org\/fr\/wp-json\/wp\/v2\/media\/7027"}],"wp:attachment":[{"href":"https:\/\/olemosaic.orbitalia.org\/fr\/wp-json\/wp\/v2\/media?parent=32862"}],"wp:term":[{"taxonomy":"product_brand","embeddable":true,"href":"https:\/\/olemosaic.orbitalia.org\/fr\/wp-json\/wp\/v2\/product_brand?post=32862"},{"taxonomy":"product_cat","embeddable":true,"href":"https:\/\/olemosaic.orbitalia.org\/fr\/wp-json\/wp\/v2\/product_cat?post=32862"},{"taxonomy":"product_tag","embeddable":true,"href":"https:\/\/olemosaic.orbitalia.org\/fr\/wp-json\/wp\/v2\/product_tag?post=32862"}],"curies":[{"name":"wp","href":"https:\/\/api.w.org\/{rel}","templated":true}]}}