{"id":32795,"date":"2025-02-20T22:34:39","date_gmt":"2025-02-20T22:34:39","guid":{"rendered":"https:\/\/olemosaic.orbitalia.org\/producto\/vaso-de-chupito-de-ceramica-madrid-blanco\/"},"modified":"2025-07-25T18:49:29","modified_gmt":"2025-07-25T16:49:29","slug":"verre-a-shot-en-ceramique-madrid-blanc","status":"publish","type":"product","link":"https:\/\/olemosaic.orbitalia.org\/fr\/produit\/verre-a-shot-en-ceramique-madrid-blanc\/","title":{"rendered":"Verre \u00e0 shot en c\u00e9ramique. Madrid. Blanc."},"content":{"rendered":"<p>Ce verre \u00e0 shot en c\u00e9ramique color\u00e9e est un souvenir exceptionnel qui encapsule l&rsquo;essence vibrante de Madrid. Avec une finition blanche qui rehausse son caract\u00e8re unique, l&rsquo;int\u00e9rieur rouge brillant apporte une touche de chaleur et un contraste attrayant. Le design pr\u00e9sente des illustrations d\u00e9taill\u00e9es d&rsquo;ic\u00f4nes embl\u00e9matiques de la capitale espagnole, comme la c\u00e9l\u00e8bre Puerta del Sol, entour\u00e9e d&rsquo;\u00e9l\u00e9ments naturels et architecturaux color\u00e9s, ce qui fait de ce verre une repr\u00e9sentation visuelle de la vie madril\u00e8ne.<\/p>\n<p>Chaque d\u00e9tail de la c\u00e9ramique a \u00e9t\u00e9 m\u00e9ticuleusement peint \u00e0 la main, garantissant qu&rsquo;il n&rsquo;y a pas deux verres identiques, ce qui amplifie son authenticit\u00e9 en tant que souvenir de cette ville historique. Les couleurs vibrantes et l&rsquo;utilisation de techniques artisanales soulignent la riche culture et le mode de vie de Madrid, en faisant un article \u00e0 la fois fonctionnel et d\u00e9coratif.<\/p>\n<p>Ce verre \u00e0 shot est un cadeau id\u00e9al pour les touristes \u00e0 la recherche d&rsquo;un souvenir repr\u00e9sentatif, car il ne capture pas seulement la beaut\u00e9 de la ville, mais sert \u00e9galement de rappel tangible de leur visite. Chez Ol\u00e9 Mosaic, nous nous sp\u00e9cialisons dans la distribution de souvenirs en gros, \u00e9tant une r\u00e9f\u00e9rence pour les articles authentiques refl\u00e9tant l&rsquo;h\u00e9ritage culturel de l&rsquo;Espagne. Ce verre est une option brillante pour les boutiques de cadeaux touristiques souhaitant proposer des produits de qualit\u00e9 et de pertinence culturelle.<\/p>\n","protected":false},"excerpt":{"rendered":"<p>Verre \u00e0 shot en c\u00e9ramique avec un design color\u00e9 repr\u00e9sentant des ic\u00f4nes embl\u00e9matiques de Madrid. Ce verre attrayant, avec une finition blanche et un int\u00e9rieur rouge brillant, pr\u00e9sente des illustrations d\u00e9taill\u00e9es de la Puerta del Sol et d&rsquo;autres monuments madril\u00e8nes, entour\u00e9s d&rsquo;\u00e9l\u00e9ments naturels et architecturaux. L&rsquo;utilisation de couleurs vibrantes et de techniques de peinture \u00e0 la main souligne la culture et le mode de vie de la capitale espagnole, en faisant un souvenir parfait et fonctionnel.<\/p>\n","protected":false},"featured_media":9948,"template":"","meta":{"_acf_changed":false},"product_brand":[],"product_cat":[814],"product_tag":[585],"class_list":{"0":"post-32795","1":"product","2":"type-product","3":"status-publish","4":"has-post-thumbnail","6":"product_cat-verres-a-shot","7":"product_tag-ceramique","8":"pa_ciudad-madrid","9":"pa_pais-espana","11":"first","12":"instock","13":"shipping-taxable","14":"product-type-simple"},"acf":[],"_links":{"self":[{"href":"https:\/\/olemosaic.orbitalia.org\/fr\/wp-json\/wp\/v2\/product\/32795","targetHints":{"allow":["GET"]}}],"collection":[{"href":"https:\/\/olemosaic.orbitalia.org\/fr\/wp-json\/wp\/v2\/product"}],"about":[{"href":"https:\/\/olemosaic.orbitalia.org\/fr\/wp-json\/wp\/v2\/types\/product"}],"wp:featuredmedia":[{"embeddable":true,"href":"https:\/\/olemosaic.orbitalia.org\/fr\/wp-json\/wp\/v2\/media\/9948"}],"wp:attachment":[{"href":"https:\/\/olemosaic.orbitalia.org\/fr\/wp-json\/wp\/v2\/media?parent=32795"}],"wp:term":[{"taxonomy":"product_brand","embeddable":true,"href":"https:\/\/olemosaic.orbitalia.org\/fr\/wp-json\/wp\/v2\/product_brand?post=32795"},{"taxonomy":"product_cat","embeddable":true,"href":"https:\/\/olemosaic.orbitalia.org\/fr\/wp-json\/wp\/v2\/product_cat?post=32795"},{"taxonomy":"product_tag","embeddable":true,"href":"https:\/\/olemosaic.orbitalia.org\/fr\/wp-json\/wp\/v2\/product_tag?post=32795"}],"curies":[{"name":"wp","href":"https:\/\/api.w.org\/{rel}","templated":true}]}}