{"id":32777,"date":"2025-02-20T23:34:38","date_gmt":"2025-02-20T22:34:38","guid":{"rendered":"https:\/\/olemosaic.orbitalia.org\/producto\/vaso-de-ceramica-salamandra-y-flores-blanco\/"},"modified":"2025-07-25T18:43:10","modified_gmt":"2025-07-25T16:43:10","slug":"verre-en-ceramique-salamandre-et-fleurs-blanc","status":"publish","type":"product","link":"https:\/\/olemosaic.orbitalia.org\/fr\/produit\/verre-en-ceramique-salamandre-et-fleurs-blanc\/","title":{"rendered":"Verre en c\u00e9ramique. Salamandre et fleurs. Blanc."},"content":{"rendered":"<p>Ce verre en c\u00e9ramique se distingue par son design vibrant, qui int\u00e8gre des salamandres et des fleurs, \u00e9voquant l&rsquo;essence de l&rsquo;art et de la nature espagnols. Avec une finition en mosa\u00efque, ce r\u00e9cipient pr\u00e9sente une base blanche qui met en valeur ses illustrations d\u00e9taill\u00e9es aux tons multicolores, jouant avec une palette rappelant la chaleur du soleil espagnol. La partie sup\u00e9rieure, d&rsquo;un bleu attrayant, compl\u00e8te les couleurs vives des salamandres, cr\u00e9ant un contraste frappant qui ne passe pas inaper\u00e7u. Chaque verre est peint \u00e0 la main, ce qui en fait non seulement un objet fonctionnel, mais aussi une \u0153uvre d&rsquo;art refl\u00e9tant le savoir-faire des artisans locaux.<\/p>\n<p>La salamandre, symbole de renouveau et de transformation dans diverses cultures, ainsi que les fleurs stylis\u00e9es, repr\u00e9sentent le lien profond de la c\u00e9ramique espagnole avec la nature et le folklore du pays. Ce verre est un souvenir unique qui encapsule le riche h\u00e9ritage culturel espagnol, offrant aux touristes un morceau authentique de leur voyage en Espagne. C&rsquo;est une excellente option pour ceux qui recherchent des souvenirs en c\u00e9ramique \u00e0 la fois pratiques et charg\u00e9s d&rsquo;histoire et de beaut\u00e9.<\/p>\n<p>Chez Ol\u00e9 Mosaic, nous distribuons de la c\u00e9ramique artisanale en gros, et ce verre est un excellent ajout pour les boutiques de cadeaux touristiques souhaitant proposer des produits authentiques et visuellement captivants. Avec ce verre aux salamandres et fleurs, les touristes pourront emporter un souvenir c\u00e9l\u00e9brant la richesse culturelle de l&rsquo;Espagne.<\/p>\n","protected":false},"excerpt":{"rendered":"<p>Verre en c\u00e9ramique dans les tons blancs, orn\u00e9 d&rsquo;un design vibrant de salamandres et de fleurs. Ce r\u00e9cipient pr\u00e9sente une finition en mosa\u00efque, r\u00e9alis\u00e9e gr\u00e2ce \u00e0 une technique de conception artisanale, peinte \u00e0 la main, qui souligne son coloris et ses d\u00e9tails. La partie sup\u00e9rieure est d&rsquo;un bleu attrayant, compl\u00e9tant les illustrations de salamandres multicolores et de fleurs stylis\u00e9es. Id\u00e9al pour les amateurs de c\u00e9ramique artisanale et un souvenir charmant de la culture espagnole.<\/p>\n","protected":false},"featured_media":8341,"template":"","meta":{"_acf_changed":false},"product_brand":[],"product_cat":[819],"product_tag":[530,585],"class_list":{"0":"post-32777","1":"product","2":"type-product","3":"status-publish","4":"has-post-thumbnail","6":"product_cat-verres","7":"product_tag-animaux","8":"product_tag-ceramique","9":"pa_motivo-salamandres","11":"first","12":"instock","13":"shipping-taxable","14":"product-type-simple"},"acf":[],"_links":{"self":[{"href":"https:\/\/olemosaic.orbitalia.org\/fr\/wp-json\/wp\/v2\/product\/32777","targetHints":{"allow":["GET"]}}],"collection":[{"href":"https:\/\/olemosaic.orbitalia.org\/fr\/wp-json\/wp\/v2\/product"}],"about":[{"href":"https:\/\/olemosaic.orbitalia.org\/fr\/wp-json\/wp\/v2\/types\/product"}],"wp:featuredmedia":[{"embeddable":true,"href":"https:\/\/olemosaic.orbitalia.org\/fr\/wp-json\/wp\/v2\/media\/8341"}],"wp:attachment":[{"href":"https:\/\/olemosaic.orbitalia.org\/fr\/wp-json\/wp\/v2\/media?parent=32777"}],"wp:term":[{"taxonomy":"product_brand","embeddable":true,"href":"https:\/\/olemosaic.orbitalia.org\/fr\/wp-json\/wp\/v2\/product_brand?post=32777"},{"taxonomy":"product_cat","embeddable":true,"href":"https:\/\/olemosaic.orbitalia.org\/fr\/wp-json\/wp\/v2\/product_cat?post=32777"},{"taxonomy":"product_tag","embeddable":true,"href":"https:\/\/olemosaic.orbitalia.org\/fr\/wp-json\/wp\/v2\/product_tag?post=32777"}],"curies":[{"name":"wp","href":"https:\/\/api.w.org\/{rel}","templated":true}]}}