{"id":32759,"date":"2025-02-20T22:34:38","date_gmt":"2025-02-20T22:34:38","guid":{"rendered":"https:\/\/olemosaic.orbitalia.org\/producto\/vaso-de-ceramica-flores-blanco\/"},"modified":"2025-07-25T20:04:47","modified_gmt":"2025-07-25T18:04:47","slug":"gobelet-en-ceramique-fleurs-blanc","status":"publish","type":"product","link":"https:\/\/olemosaic.orbitalia.org\/fr\/produit\/gobelet-en-ceramique-fleurs-blanc\/","title":{"rendered":"Gobelet en c\u00e9ramique. Fleurs. Blanc."},"content":{"rendered":"<p>Ce gobelet en c\u00e9ramique d\u00e9cor\u00e9 est un v\u00e9ritable joyau de l&rsquo;art m\u00e9diterran\u00e9en, parfait pour ceux qui recherchent un souvenir vibrant et fonctionnel de l&rsquo;Espagne. Avec un design inspir\u00e9 des mosa\u00efques traditionnelles de la r\u00e9gion, le gobelet pr\u00e9sente un fond blanc qui met en valeur un festival de couleurs, avec des tons brillants de rouge, jaune, bleu et vert, \u00e9voquant les carreaux de fa\u00efence caract\u00e9ristiques qui ornent les places et les b\u00e2timents embl\u00e9matiques. Le couvercle bleu ajoute une touche contemporaine et pratique, garantissant que vos boissons, qu&rsquo;elles soient froides ou chaudes, restent dans des conditions parfaites.<\/p>\n<p>L&rsquo;illustration florale, avec ses contours d\u00e9taill\u00e9s et ses couleurs vari\u00e9es, apporte non seulement un air joyeux \u00e0 n&rsquo;importe quelle table, mais se connecte \u00e9galement culturellement \u00e0 la riche tradition de la c\u00e9ramique d\u00e9corative espagnole. Ce gobelet n&rsquo;est pas seulement un ustensile, mais un t\u00e9moignage de la ma\u00eetrise artisanale et de l&rsquo;esprit festif des coutumes espagnoles. Con\u00e7u pour \u00eatre fonctionnel et esth\u00e9tiquement plaisant, c&rsquo;est le souvenir parfait pour les touristes \u00e0 la recherche d&rsquo;un rappel authentique de leur exp\u00e9rience. Chez Ol\u00e9 Mosaic, nous sommes fiers de proposer des produits en c\u00e9ramique uniques en gros qui refl\u00e8tent la culture espagnole, et ce gobelet est le choix id\u00e9al pour les boutiques de cadeaux touristiques souhaitant offrir qualit\u00e9 et charme \u00e0 leurs clients.<\/p>\n","protected":false},"excerpt":{"rendered":"<p>Gobelet en c\u00e9ramique d\u00e9cor\u00e9 d&rsquo;un motif floral vibrant de style mosa\u00efque. Ce gobelet attrayant, blanc avec un couvercle bleu, affiche un festival de couleurs comprenant le rouge, le jaune, le bleu et le vert, \u00e9voquant l&rsquo;esprit des carreaux typiques des r\u00e9gions m\u00e9diterran\u00e9ennes. Id\u00e9al pour les boissons froides ou chaudes, il allie fonctionnalit\u00e9 et esth\u00e9tique, et est parfait pour ajouter une touche joyeuse \u00e0 n&rsquo;importe quelle table.<\/p>\n","protected":false},"featured_media":9014,"template":"","meta":{"_acf_changed":false},"product_brand":[],"product_cat":[819],"product_tag":[585],"class_list":{"0":"post-32759","1":"product","2":"type-product","3":"status-publish","4":"has-post-thumbnail","6":"product_cat-verres","7":"product_tag-ceramique","8":"pa_motivo-fleurs","10":"first","11":"instock","12":"shipping-taxable","13":"product-type-simple"},"acf":[],"_links":{"self":[{"href":"https:\/\/olemosaic.orbitalia.org\/fr\/wp-json\/wp\/v2\/product\/32759","targetHints":{"allow":["GET"]}}],"collection":[{"href":"https:\/\/olemosaic.orbitalia.org\/fr\/wp-json\/wp\/v2\/product"}],"about":[{"href":"https:\/\/olemosaic.orbitalia.org\/fr\/wp-json\/wp\/v2\/types\/product"}],"wp:featuredmedia":[{"embeddable":true,"href":"https:\/\/olemosaic.orbitalia.org\/fr\/wp-json\/wp\/v2\/media\/9014"}],"wp:attachment":[{"href":"https:\/\/olemosaic.orbitalia.org\/fr\/wp-json\/wp\/v2\/media?parent=32759"}],"wp:term":[{"taxonomy":"product_brand","embeddable":true,"href":"https:\/\/olemosaic.orbitalia.org\/fr\/wp-json\/wp\/v2\/product_brand?post=32759"},{"taxonomy":"product_cat","embeddable":true,"href":"https:\/\/olemosaic.orbitalia.org\/fr\/wp-json\/wp\/v2\/product_cat?post=32759"},{"taxonomy":"product_tag","embeddable":true,"href":"https:\/\/olemosaic.orbitalia.org\/fr\/wp-json\/wp\/v2\/product_tag?post=32759"}],"curies":[{"name":"wp","href":"https:\/\/api.w.org\/{rel}","templated":true}]}}