{"id":32758,"date":"2025-02-20T22:34:38","date_gmt":"2025-02-20T22:34:38","guid":{"rendered":"https:\/\/olemosaic.orbitalia.org\/producto\/vaso-de-ceramica-barcelona-blanco\/"},"modified":"2025-07-25T19:55:24","modified_gmt":"2025-07-25T17:55:24","slug":"gobelet-en-ceramique-barcelone-blanc","status":"publish","type":"product","link":"https:\/\/olemosaic.orbitalia.org\/fr\/produit\/gobelet-en-ceramique-barcelone-blanc\/","title":{"rendered":"Gobelet en c\u00e9ramique. Barcelone. Blanc."},"content":{"rendered":"<p>Ce gobelet en c\u00e9ramique d\u00e9cor\u00e9 est un souvenir attrayant de Barcelone qui capture l&rsquo;essence vibrante de cette ville iconique. Avec un design qui \u00e9voque le style caract\u00e9ristique du trencad\u00eds, le gobelet pr\u00e9sente une illustration color\u00e9e de la c\u00e9l\u00e8bre Sagrada Familia et du monument \u00e0 Colomb, repr\u00e9sent\u00e9s dans des tons brillants de bleu, rouge, jaune et vert qui refl\u00e8tent l&rsquo;\u00e9nergie et la diversit\u00e9 culturelle de Barcelone. Le d\u00e9tail visuel du gobelet est impressionnant, montrant la majest\u00e9 de la Sagrada Familia avec ses tours et ses formes uniques, aux c\u00f4t\u00e9s de la repr\u00e9sentation color\u00e9e du monument \u00e0 Colomb, le tout encadr\u00e9 par un ciel bleu qui souligne encore plus ses attributs artistiques.<\/p>\n<p>Le couvercle rouge pratique ajoute un \u00e9l\u00e9ment fonctionnel au design, permettant de transporter vos boissons pr\u00e9f\u00e9r\u00e9es de mani\u00e8re confortable et s\u00fbre, ce qui fait de ce gobelet un accessoire id\u00e9al pour savourer un caf\u00e9, un th\u00e9 ou toute boisson rafra\u00eechissante tout en parcourant la ville, ou comme souvenir sp\u00e9cial \u00e0 la maison. Ce gobelet n&rsquo;est pas seulement un objet d&rsquo;usage quotidien, mais aussi un symbole du patrimoine architectural et artistique de Barcelone, ce qui en fait un cadeau repr\u00e9sentatif qui connecte les touristes \u00e0 la riche culture locale. Chez Ol\u00e9 Mosaic, nous proposons ce souvenir et d&rsquo;autres souvenirs en c\u00e9ramique repr\u00e9sentatifs, parfaits pour les boutiques de cadeaux touristiques \u00e0 la recherche de produits authentiques, color\u00e9s et de qualit\u00e9.<\/p>\n","protected":false},"excerpt":{"rendered":"<p>Gobelet en c\u00e9ramique d\u00e9cor\u00e9 d&rsquo;une repr\u00e9sentation vibrante de Barcelone, id\u00e9al pour vos boissons pr\u00e9f\u00e9r\u00e9es. Le gobelet arbore une illustration color\u00e9e de la ville, incluant la Sagrada Familia et le monument \u00e0 Colomb, avec des couleurs \u00e9clatantes et un design inspir\u00e9 du style trencad\u00eds. Avec son couvercle rouge pratique, il allie fonctionnalit\u00e9 et art, et constitue le souvenir parfait pour se rem\u00e9morer l&rsquo;essence de cette ville iconique.<\/p>\n","protected":false},"featured_media":12089,"template":"","meta":{"_acf_changed":false},"product_brand":[],"product_cat":[819],"product_tag":[585],"class_list":{"0":"post-32758","1":"product","2":"type-product","3":"status-publish","4":"has-post-thumbnail","6":"product_cat-verres","7":"product_tag-ceramique","8":"pa_ciudad-barcelona","9":"pa_pais-espana","11":"first","12":"instock","13":"shipping-taxable","14":"product-type-simple"},"acf":[],"_links":{"self":[{"href":"https:\/\/olemosaic.orbitalia.org\/fr\/wp-json\/wp\/v2\/product\/32758","targetHints":{"allow":["GET"]}}],"collection":[{"href":"https:\/\/olemosaic.orbitalia.org\/fr\/wp-json\/wp\/v2\/product"}],"about":[{"href":"https:\/\/olemosaic.orbitalia.org\/fr\/wp-json\/wp\/v2\/types\/product"}],"wp:featuredmedia":[{"embeddable":true,"href":"https:\/\/olemosaic.orbitalia.org\/fr\/wp-json\/wp\/v2\/media\/12089"}],"wp:attachment":[{"href":"https:\/\/olemosaic.orbitalia.org\/fr\/wp-json\/wp\/v2\/media?parent=32758"}],"wp:term":[{"taxonomy":"product_brand","embeddable":true,"href":"https:\/\/olemosaic.orbitalia.org\/fr\/wp-json\/wp\/v2\/product_brand?post=32758"},{"taxonomy":"product_cat","embeddable":true,"href":"https:\/\/olemosaic.orbitalia.org\/fr\/wp-json\/wp\/v2\/product_cat?post=32758"},{"taxonomy":"product_tag","embeddable":true,"href":"https:\/\/olemosaic.orbitalia.org\/fr\/wp-json\/wp\/v2\/product_tag?post=32758"}],"curies":[{"name":"wp","href":"https:\/\/api.w.org\/{rel}","templated":true}]}}