{"id":32757,"date":"2025-02-20T23:34:37","date_gmt":"2025-02-20T22:34:37","guid":{"rendered":"https:\/\/olemosaic.orbitalia.org\/producto\/vaso-de-ceramica-bailaora-beige\/"},"modified":"2025-07-25T18:43:08","modified_gmt":"2025-07-25T16:43:08","slug":"gobelet-en-ceramique-danseuse-flamenco-beige","status":"publish","type":"product","link":"https:\/\/olemosaic.orbitalia.org\/fr\/produit\/gobelet-en-ceramique-danseuse-flamenco-beige\/","title":{"rendered":"Gobelet en c\u00e9ramique. Danseuse de Flamenco. Beige."},"content":{"rendered":"<p>Ce gobelet en c\u00e9ramique, d\u00e9cor\u00e9 d&rsquo;une illustration vibrante de danseuses de flamenco, est un souvenir iconique de la riche culture espagnole. Son design dans les tons beiges offre la toile de fond parfaite pour faire ressortir les d\u00e9tails peints \u00e0 la main, o\u00f9 deux danseuses captivantes portent des costumes traditionnels orn\u00e9s de volants rouges et de touches de couleur. Les danseuses, entour\u00e9es de roses rouges exub\u00e9rantes, \u00e9voquent la passion et la ferveur de la danse flamenco, une expression artistique embl\u00e9matique de l&rsquo;Espagne.<\/p>\n<p>Le gobelet ne se distingue pas seulement par son design captivant, mais aussi par sa fonctionnalit\u00e9. Il comprend un couvercle rouge, id\u00e9al pour savourer vos boissons pr\u00e9f\u00e9r\u00e9es lors de vos d\u00e9placements, ce qui fait de ce produit une excellente option pour les touristes \u00e0 la recherche d&rsquo;un souvenir pratique et esth\u00e9tique. Le mot \u00ab\u00a0ESPA\u00d1A\u00a0\u00bb, imprim\u00e9 en lettres joyeuses, renforce son authenticit\u00e9 en tant que souvenir repr\u00e9sentatif du folklore espagnol, en faisant un choix id\u00e9al pour ceux qui souhaitent emporter un morceau de l&rsquo;essence de ce pays vibrant.<\/p>\n<p>Chez Ol\u00e9 Mosaic, nous nous sp\u00e9cialisons dans la distribution de souvenirs en gros, et ce gobelet en c\u00e9ramique est une pi\u00e8ce unique qui refl\u00e9tera la beaut\u00e9 de l&rsquo;Espagne dans chaque foyer. Parfait pour les boutiques de cadeaux touristiques, ce gobelet est un article que les visiteurs se rappelleront et ch\u00e9riront, symbolisant la richesse culturelle et l&rsquo;esprit festif de la tradition flamenca et espagnole.<\/p>\n","protected":false},"excerpt":{"rendered":"<p>Gobelet en c\u00e9ramique d\u00e9cor\u00e9 d&rsquo;une illustration color\u00e9e de danseuses de flamenco, repr\u00e9sentant la culture espagnole vibrante. Ce gobelet attrayant, dans les tons beiges, pr\u00e9sente des d\u00e9tails peints \u00e0 la main, avec deux danseuses v\u00eatues de costumes traditionnels et entour\u00e9es de roses rouges. Le produit comprend un couvercle rouge, id\u00e9al pour transporter des boissons, et le mot \u00ab\u00a0ESPA\u00d1A\u00a0\u00bb imprim\u00e9, refl\u00e9tant l&rsquo;essence du folklore espagnol \u00e0 chaque gorg\u00e9e.<\/p>\n","protected":false},"featured_media":7369,"template":"","meta":{"_acf_changed":false},"product_brand":[],"product_cat":[819],"product_tag":[585],"class_list":{"0":"post-32757","1":"product","2":"type-product","3":"status-publish","4":"has-post-thumbnail","6":"product_cat-verres","7":"product_tag-ceramique","8":"pa_motivo-danseurs","10":"first","11":"instock","12":"shipping-taxable","13":"product-type-simple"},"acf":[],"_links":{"self":[{"href":"https:\/\/olemosaic.orbitalia.org\/fr\/wp-json\/wp\/v2\/product\/32757","targetHints":{"allow":["GET"]}}],"collection":[{"href":"https:\/\/olemosaic.orbitalia.org\/fr\/wp-json\/wp\/v2\/product"}],"about":[{"href":"https:\/\/olemosaic.orbitalia.org\/fr\/wp-json\/wp\/v2\/types\/product"}],"wp:featuredmedia":[{"embeddable":true,"href":"https:\/\/olemosaic.orbitalia.org\/fr\/wp-json\/wp\/v2\/media\/7369"}],"wp:attachment":[{"href":"https:\/\/olemosaic.orbitalia.org\/fr\/wp-json\/wp\/v2\/media?parent=32757"}],"wp:term":[{"taxonomy":"product_brand","embeddable":true,"href":"https:\/\/olemosaic.orbitalia.org\/fr\/wp-json\/wp\/v2\/product_brand?post=32757"},{"taxonomy":"product_cat","embeddable":true,"href":"https:\/\/olemosaic.orbitalia.org\/fr\/wp-json\/wp\/v2\/product_cat?post=32757"},{"taxonomy":"product_tag","embeddable":true,"href":"https:\/\/olemosaic.orbitalia.org\/fr\/wp-json\/wp\/v2\/product_tag?post=32757"}],"curies":[{"name":"wp","href":"https:\/\/api.w.org\/{rel}","templated":true}]}}