{"id":32750,"date":"2025-02-20T22:34:37","date_gmt":"2025-02-20T22:34:37","guid":{"rendered":"https:\/\/olemosaic.orbitalia.org\/producto\/vaso-de-ceramica-toros-blanco\/"},"modified":"2025-07-25T20:07:35","modified_gmt":"2025-07-25T18:07:35","slug":"gobelet-en-ceramique-taureaux-blanc","status":"publish","type":"product","link":"https:\/\/olemosaic.orbitalia.org\/fr\/produit\/gobelet-en-ceramique-taureaux-blanc\/","title":{"rendered":"Gobelet en c\u00e9ramique. Taureaux. Blanc."},"content":{"rendered":"<p>Ce gobelet en c\u00e9ramique, d\u00e9cor\u00e9 de taureaux color\u00e9s, est un v\u00e9ritable hommage \u00e0 la vibrante culture espagnole. Sur un fond blanc \u00e9clatant, son design pr\u00e9sente une mosa\u00efque complexe qui capture l&rsquo;essence des f\u00eates traditionnelles : un taureau, repr\u00e9sent\u00e9 dans divers tons, se dresse avec force et majest\u00e9, accompagn\u00e9 d&rsquo;un soleil radieux qui \u00e9voque la chaleur du climat ib\u00e9rique. Des fleurs rouges ornent la base, apportant une touche de fra\u00eecheur et de joie, et symbolisent la passion de la culture espagnole.<\/p>\n<p>Le gobelet est parfait pour ceux qui souhaitent emporter avec eux un morceau d&rsquo;Espagne. Son couvercle bleu en fait un accessoire id\u00e9al pour savourer ses boissons pr\u00e9f\u00e9r\u00e9es n&rsquo;importe o\u00f9. Il n&rsquo;est pas seulement fonctionnel, mais aussi une pi\u00e8ce d\u00e9corative qui refl\u00e8te l&rsquo;art traditionnel de la mosa\u00efque, tr\u00e8s caract\u00e9ristique de la r\u00e9gion, et qui s\u00e9duira sans aucun doute les touristes qui appr\u00e9cient l&rsquo;authenticit\u00e9 de leurs souvenirs.<\/p>\n<p>Chez Ol\u00e9 Mosaic, nous nous consacrons \u00e0 la distribution de souvenirs en gros, proposant des produits qui repr\u00e9sentent la richesse culturelle de l&rsquo;Espagne. Ce gobelet en c\u00e9ramique, avec son design de taureaux et son symbolisme, est un excellent choix pour les boutiques de cadeaux touristiques cherchant \u00e0 offrir \u00e0 leurs clients des souvenirs authentiques et m\u00e9morables. Avec sa combinaison d&rsquo;art et de fonctionnalit\u00e9, c&rsquo;est un souvenir exceptionnel qui transformera chaque gorg\u00e9e en une c\u00e9l\u00e9bration de l&rsquo;h\u00e9ritage espagnol.<\/p>\n","protected":false},"excerpt":{"rendered":"<p>Gobelet en c\u00e9ramique d\u00e9cor\u00e9 de taureaux color\u00e9s dans un design vibrant qui c\u00e9l\u00e8bre la culture espagnole. Avec un fond blanc \u00e9clatant, le gobelet pr\u00e9sente une mosa\u00efque complexe avec des taureaux dans divers tons, ainsi qu&rsquo;un soleil radieux et des fleurs rouges \u00e9voquant l&rsquo;\u00e9nergie des f\u00eates traditionnelles. Comprend un couvercle bleu, id\u00e9al pour transporter vos boissons pr\u00e9f\u00e9r\u00e9es tout en profitant du style authentique qu&rsquo;il repr\u00e9sente.<\/p>\n","protected":false},"featured_media":8522,"template":"","meta":{"_acf_changed":false},"product_brand":[],"product_cat":[819],"product_tag":[530,585],"class_list":{"0":"post-32750","1":"product","2":"type-product","3":"status-publish","4":"has-post-thumbnail","6":"product_cat-verres","7":"product_tag-animaux","8":"product_tag-ceramique","9":"pa_motivo-taureaux","11":"first","12":"instock","13":"shipping-taxable","14":"product-type-simple"},"acf":[],"_links":{"self":[{"href":"https:\/\/olemosaic.orbitalia.org\/fr\/wp-json\/wp\/v2\/product\/32750","targetHints":{"allow":["GET"]}}],"collection":[{"href":"https:\/\/olemosaic.orbitalia.org\/fr\/wp-json\/wp\/v2\/product"}],"about":[{"href":"https:\/\/olemosaic.orbitalia.org\/fr\/wp-json\/wp\/v2\/types\/product"}],"wp:featuredmedia":[{"embeddable":true,"href":"https:\/\/olemosaic.orbitalia.org\/fr\/wp-json\/wp\/v2\/media\/8522"}],"wp:attachment":[{"href":"https:\/\/olemosaic.orbitalia.org\/fr\/wp-json\/wp\/v2\/media?parent=32750"}],"wp:term":[{"taxonomy":"product_brand","embeddable":true,"href":"https:\/\/olemosaic.orbitalia.org\/fr\/wp-json\/wp\/v2\/product_brand?post=32750"},{"taxonomy":"product_cat","embeddable":true,"href":"https:\/\/olemosaic.orbitalia.org\/fr\/wp-json\/wp\/v2\/product_cat?post=32750"},{"taxonomy":"product_tag","embeddable":true,"href":"https:\/\/olemosaic.orbitalia.org\/fr\/wp-json\/wp\/v2\/product_tag?post=32750"}],"curies":[{"name":"wp","href":"https:\/\/api.w.org\/{rel}","templated":true}]}}