{"id":32749,"date":"2025-02-20T22:34:37","date_gmt":"2025-02-20T22:34:37","guid":{"rendered":"https:\/\/olemosaic.orbitalia.org\/producto\/vaso-de-ceramica-mosaico-blanco\/"},"modified":"2025-07-25T18:52:44","modified_gmt":"2025-07-25T16:52:44","slug":"gobelet-en-ceramique-mosaique-blanc","status":"publish","type":"product","link":"https:\/\/olemosaic.orbitalia.org\/fr\/produit\/gobelet-en-ceramique-mosaique-blanc\/","title":{"rendered":"Gobelet en c\u00e9ramique. Mosa\u00efque. Blanc."},"content":{"rendered":"<p>Ce gobelet en c\u00e9ramique d\u00e9cor\u00e9 de mosa\u00efques color\u00e9es est un excellent exemple du riche h\u00e9ritage culturel espagnol, id\u00e9al pour savourer vos boissons pr\u00e9f\u00e9r\u00e9es. Son design vibrant pr\u00e9sente une vari\u00e9t\u00e9 de motifs traditionnels dans des tons bleus, rouges et jaunes, \u00e9voquant la beaut\u00e9 de l&rsquo;art de l&rsquo;azulejo qui orne de nombreuses villes du pays, particuli\u00e8rement l&rsquo;Andalousie et Valence. Fabriqu\u00e9 en c\u00e9ramique r\u00e9sistante, ce gobelet est non seulement attrayant mais aussi fonctionnel, ce qui en fait le souvenir parfait pour ceux qui recherchent une pi\u00e8ce authentique d&rsquo;Espagne.<\/p>\n<p>Le couvercle en silicone rouge ajoute une touche moderne et pratique, garantissant que votre boisson reste fra\u00eeche et s\u00e9curis\u00e9e lors de vos d\u00e9placements. Le gobelet, peint \u00e0 la main avec des d\u00e9tails complexes, capture l&rsquo;essence du design artisanal espagnol et devient un \u00e9l\u00e9ment d\u00e9coratif qui, en plus d&rsquo;\u00eatre utile, embellit n&rsquo;importe quel espace. Ce gobelet mosa\u00efque se distingue par sa capacit\u00e9 \u00e0 connecter l&rsquo;utilisateur \u00e0 la culture et \u00e0 l&rsquo;art local, \u00e9tant un cadeau unique et significatif. Chez Ol\u00e9 Mosaic, nous nous sp\u00e9cialisons dans la distribution de souvenirs en gros, proposant des produits qui c\u00e9l\u00e8brent la riche tradition espagnole. Ce gobelet en c\u00e9ramique est une option attrayante pour les boutiques de cadeaux touristiques cherchant \u00e0 authentifier leur offre avec des articles repr\u00e9sentatifs de grande valeur culturelle.<\/p>\n","protected":false},"excerpt":{"rendered":"<p>Gobelet en c\u00e9ramique d\u00e9cor\u00e9 de mosa\u00efques color\u00e9es, id\u00e9al pour savourer vos boissons pr\u00e9f\u00e9r\u00e9es. Son design pr\u00e9sente une vari\u00e9t\u00e9 de motifs traditionnels espagnols dans des tons bleus, rouges et jaunes, \u00e9voquant l&rsquo;art de l&rsquo;azulejo. Fabriqu\u00e9 en c\u00e9ramique r\u00e9sistante et accompagn\u00e9 d&rsquo;un couvercle en silicone rouge, ce gobelet allie fonctionnalit\u00e9 et esth\u00e9tique, en faisant un souvenir attrayant qui refl\u00e8te le riche h\u00e9ritage culturel de l&rsquo;Espagne.<\/p>\n","protected":false},"featured_media":9026,"template":"","meta":{"_acf_changed":false},"product_brand":[],"product_cat":[819],"product_tag":[585],"class_list":{"0":"post-32749","1":"product","2":"type-product","3":"status-publish","4":"has-post-thumbnail","6":"product_cat-verres","7":"product_tag-ceramique","8":"pa_motivo-mosaique","10":"first","11":"instock","12":"shipping-taxable","13":"product-type-simple"},"acf":[],"_links":{"self":[{"href":"https:\/\/olemosaic.orbitalia.org\/fr\/wp-json\/wp\/v2\/product\/32749","targetHints":{"allow":["GET"]}}],"collection":[{"href":"https:\/\/olemosaic.orbitalia.org\/fr\/wp-json\/wp\/v2\/product"}],"about":[{"href":"https:\/\/olemosaic.orbitalia.org\/fr\/wp-json\/wp\/v2\/types\/product"}],"wp:featuredmedia":[{"embeddable":true,"href":"https:\/\/olemosaic.orbitalia.org\/fr\/wp-json\/wp\/v2\/media\/9026"}],"wp:attachment":[{"href":"https:\/\/olemosaic.orbitalia.org\/fr\/wp-json\/wp\/v2\/media?parent=32749"}],"wp:term":[{"taxonomy":"product_brand","embeddable":true,"href":"https:\/\/olemosaic.orbitalia.org\/fr\/wp-json\/wp\/v2\/product_brand?post=32749"},{"taxonomy":"product_cat","embeddable":true,"href":"https:\/\/olemosaic.orbitalia.org\/fr\/wp-json\/wp\/v2\/product_cat?post=32749"},{"taxonomy":"product_tag","embeddable":true,"href":"https:\/\/olemosaic.orbitalia.org\/fr\/wp-json\/wp\/v2\/product_tag?post=32749"}],"curies":[{"name":"wp","href":"https:\/\/api.w.org\/{rel}","templated":true}]}}