{"id":32748,"date":"2025-02-20T23:34:37","date_gmt":"2025-02-20T22:34:37","guid":{"rendered":"https:\/\/olemosaic.orbitalia.org\/producto\/vaso-de-ceramica-salamandra-mallorca-beige\/"},"modified":"2025-07-25T18:43:10","modified_gmt":"2025-07-25T16:43:10","slug":"gobelet-en-ceramique-salamandre-majorque-beige","status":"publish","type":"product","link":"https:\/\/olemosaic.orbitalia.org\/fr\/produit\/gobelet-en-ceramique-salamandre-majorque-beige\/","title":{"rendered":"Gobelet en c\u00e9ramique. Salamandre. Majorque. Beige."},"content":{"rendered":"<p>Ce gobelet en c\u00e9ramique d\u00e9cor\u00e9 de salamandres color\u00e9es est un souvenir id\u00e9al pour \u00e9voquer la beaut\u00e9 de Majorque. Avec un ton beige doux, ce gobelet \u00e9l\u00e9gant est peint \u00e0 la main avec des illustrations vibrantes de salamandres affichant un style ludique et artistique, en faisant une pi\u00e8ce unique qui capture l&rsquo;essence de la faune locale. Les d\u00e9tails complexes des salamandres sont repr\u00e9sent\u00e9s dans des tons bleus, verts et rouges, offrant un contraste attrayant et plein de vie. La partie sup\u00e9rieure du gobelet est surmont\u00e9e d&rsquo;un couvercle en silicone rouge qui, en plus d&rsquo;ajouter une touche de couleur, offre une fonctionnalit\u00e9 pratique, id\u00e9ale pour transporter des boissons n&rsquo;importe o\u00f9. Le mot \u00ab\u00a0MALLORCA\u00a0\u00bb est imprim\u00e9 de mani\u00e8re pro\u00e9minente, renfor\u00e7ant sa connexion avec l&rsquo;\u00eele.<\/p>\n<p>Ce gobelet est plus qu&rsquo;un simple objet ; c&rsquo;est un rappel des temp\u00e9ratures chaudes et de la vie sauvage vibrante de Majorque. Les salamandres sont un symbole de la diversit\u00e9 \u00e9cologique de la r\u00e9gion, repr\u00e9sentant le riche h\u00e9ritage naturel que les visiteurs appr\u00e9cient tant. Chez Ol\u00e9 Mosaic, en tant que distributeurs de souvenirs en gros, nous proposons ce gobelet comme une excellente option pour les boutiques de cadeaux touristiques cherchant des articles authentiques et repr\u00e9sentatifs de Majorque. Avec son design attrayant et sa connexion culturelle, ce gobelet en c\u00e9ramique est un excellent souvenir qui ravit tant les touristes que les locaux.<\/p>\n","protected":false},"excerpt":{"rendered":"<p>Gobelet en c\u00e9ramique d\u00e9cor\u00e9 de salamandres color\u00e9es, id\u00e9al pour se souvenir de la beaut\u00e9 de Majorque. Ce gobelet \u00e9l\u00e9gant de ton beige pr\u00e9sente un design artisanal, peint \u00e0 la main, avec des illustrations d\u00e9taill\u00e9es de salamandres dans des tons vibrants, dispos\u00e9es de mani\u00e8re ludique. La partie sup\u00e9rieure est surmont\u00e9e d&rsquo;un couvercle en silicone rouge, ce qui le rend pratique et attrayant. Avec le mot \u00ab\u00a0MALLORCA\u00a0\u00bb imprim\u00e9, c&rsquo;est un souvenir parfait pour les amoureux de l&rsquo;\u00eele.<\/p>\n","protected":false},"featured_media":7364,"template":"","meta":{"_acf_changed":false},"product_brand":[],"product_cat":[819],"product_tag":[530,585],"class_list":{"0":"post-32748","1":"product","2":"type-product","3":"status-publish","4":"has-post-thumbnail","6":"product_cat-verres","7":"product_tag-animaux","8":"product_tag-ceramique","9":"pa_ciudad-mallorca","10":"pa_motivo-salamandres","11":"pa_pais-espana","13":"first","14":"instock","15":"shipping-taxable","16":"product-type-simple"},"acf":[],"_links":{"self":[{"href":"https:\/\/olemosaic.orbitalia.org\/fr\/wp-json\/wp\/v2\/product\/32748","targetHints":{"allow":["GET"]}}],"collection":[{"href":"https:\/\/olemosaic.orbitalia.org\/fr\/wp-json\/wp\/v2\/product"}],"about":[{"href":"https:\/\/olemosaic.orbitalia.org\/fr\/wp-json\/wp\/v2\/types\/product"}],"wp:featuredmedia":[{"embeddable":true,"href":"https:\/\/olemosaic.orbitalia.org\/fr\/wp-json\/wp\/v2\/media\/7364"}],"wp:attachment":[{"href":"https:\/\/olemosaic.orbitalia.org\/fr\/wp-json\/wp\/v2\/media?parent=32748"}],"wp:term":[{"taxonomy":"product_brand","embeddable":true,"href":"https:\/\/olemosaic.orbitalia.org\/fr\/wp-json\/wp\/v2\/product_brand?post=32748"},{"taxonomy":"product_cat","embeddable":true,"href":"https:\/\/olemosaic.orbitalia.org\/fr\/wp-json\/wp\/v2\/product_cat?post=32748"},{"taxonomy":"product_tag","embeddable":true,"href":"https:\/\/olemosaic.orbitalia.org\/fr\/wp-json\/wp\/v2\/product_tag?post=32748"}],"curies":[{"name":"wp","href":"https:\/\/api.w.org\/{rel}","templated":true}]}}