{"id":32730,"date":"2025-02-20T23:34:36","date_gmt":"2025-02-20T22:34:36","guid":{"rendered":"https:\/\/olemosaic.orbitalia.org\/producto\/vaso-de-ceramica-toro-beige\/"},"modified":"2025-07-25T18:51:10","modified_gmt":"2025-07-25T16:51:10","slug":"verre-en-ceramique-taureau-beige","status":"publish","type":"product","link":"https:\/\/olemosaic.orbitalia.org\/fr\/produit\/verre-en-ceramique-taureau-beige\/","title":{"rendered":"Verre en c\u00e9ramique. Taureau. Beige."},"content":{"rendered":"<p>Ce verre en c\u00e9ramique au design color\u00e9 de taureaux typiques d&rsquo;Espagne est une pi\u00e8ce vibrante qui repr\u00e9sente non seulement la riche tradition taurine du pays, mais constitue \u00e9galement un souvenir parfait pour ceux qui souhaitent emporter un petit morceau de la culture espagnole. Le verre, dans des tons beiges, pr\u00e9sente une s\u00e9rie de taureaux stylis\u00e9s dans des positions dynamiques, symbolisant la force et la majest\u00e9 de ces animaux embl\u00e9matiques. Les taureaux sont orn\u00e9s de mosa\u00efques dans une vari\u00e9t\u00e9 de couleurs, ce qui leur donne un effet visuel percutant et moderne. Sur le bord, le mot \u00ab\u00a0ESPA\u00d1A\u00a0\u00bb en lettres color\u00e9es ajoute une touche suppl\u00e9mentaire qui souligne l&rsquo;authenticit\u00e9 et la fiert\u00e9 nationale.<\/p>\n<p>Ce verre est id\u00e9al aussi bien pour un usage quotidien que pour l&rsquo;exposition, devenant un accessoire fonctionnel et d\u00e9coratif. La technique de peinture \u00e0 la main garantit non seulement l&rsquo;exclusivit\u00e9 de chaque produit, mais souligne \u00e9galement le caract\u00e8re artistique attendu d&rsquo;un souvenir repr\u00e9sentatif de l&rsquo;Espagne. Chez Ol\u00e9 Mosaic, nous nous sp\u00e9cialisons dans la distribution de souvenirs en gros, et ce verre en c\u00e9ramique est une option de choix pour les boutiques de cadeaux touristiques recherchant des produits qui refl\u00e8tent l&rsquo;essence culturelle de la r\u00e9gion. C&rsquo;est sans aucun doute un excellent choix pour ceux qui souhaitent c\u00e9l\u00e9brer la tradition avec un objet de qualit\u00e9 et de pertinence.<\/p>\n","protected":false},"excerpt":{"rendered":"<p>Verre en c\u00e9ramique avec un design color\u00e9 de taureaux typiques d&rsquo;Espagne. Ce verre attrayant, dans des tons beiges et d\u00e9cor\u00e9 de mosa\u00efques vibrantes, pr\u00e9sente des images stylis\u00e9es de taureaux en position dynamique, entour\u00e9es d&rsquo;un bord rouge et du mot \u00ab\u00a0ESPA\u00d1A\u00a0\u00bb. La technique de design artisanal, peinte \u00e0 la main, souligne le caract\u00e8re artistique du verre, en faisant un souvenir id\u00e9al pour les amateurs de la culture espagnole et de sa riche tradition taurine. Parfait aussi bien pour un usage quotidien que pour l&rsquo;exposition.<\/p>\n","protected":false},"featured_media":7368,"template":"","meta":{"_acf_changed":false},"product_brand":[],"product_cat":[819],"product_tag":[530,585],"class_list":{"0":"post-32730","1":"product","2":"type-product","3":"status-publish","4":"has-post-thumbnail","6":"product_cat-verres","7":"product_tag-animaux","8":"product_tag-ceramique","9":"pa_motivo-taureaux","11":"first","12":"instock","13":"shipping-taxable","14":"product-type-simple"},"acf":[],"_links":{"self":[{"href":"https:\/\/olemosaic.orbitalia.org\/fr\/wp-json\/wp\/v2\/product\/32730","targetHints":{"allow":["GET"]}}],"collection":[{"href":"https:\/\/olemosaic.orbitalia.org\/fr\/wp-json\/wp\/v2\/product"}],"about":[{"href":"https:\/\/olemosaic.orbitalia.org\/fr\/wp-json\/wp\/v2\/types\/product"}],"wp:featuredmedia":[{"embeddable":true,"href":"https:\/\/olemosaic.orbitalia.org\/fr\/wp-json\/wp\/v2\/media\/7368"}],"wp:attachment":[{"href":"https:\/\/olemosaic.orbitalia.org\/fr\/wp-json\/wp\/v2\/media?parent=32730"}],"wp:term":[{"taxonomy":"product_brand","embeddable":true,"href":"https:\/\/olemosaic.orbitalia.org\/fr\/wp-json\/wp\/v2\/product_brand?post=32730"},{"taxonomy":"product_cat","embeddable":true,"href":"https:\/\/olemosaic.orbitalia.org\/fr\/wp-json\/wp\/v2\/product_cat?post=32730"},{"taxonomy":"product_tag","embeddable":true,"href":"https:\/\/olemosaic.orbitalia.org\/fr\/wp-json\/wp\/v2\/product_tag?post=32730"}],"curies":[{"name":"wp","href":"https:\/\/api.w.org\/{rel}","templated":true}]}}