{"id":32726,"date":"2025-02-20T23:34:35","date_gmt":"2025-02-20T22:34:35","guid":{"rendered":"https:\/\/olemosaic.orbitalia.org\/producto\/tapon-de-ceramica-patio-madrid-blanco\/"},"modified":"2025-07-25T18:38:32","modified_gmt":"2025-07-25T16:38:32","slug":"bouchon-en-ceramique-patio-madrid-blanc","status":"publish","type":"product","link":"https:\/\/olemosaic.orbitalia.org\/fr\/produit\/bouchon-en-ceramique-patio-madrid-blanc\/","title":{"rendered":"Bouchon en c\u00e9ramique. Patio. Madrid. Blanc."},"content":{"rendered":"<p>Ce bouchon en c\u00e9ramique d\u00e9coratif est un v\u00e9ritable bijou inspir\u00e9 du folklore madril\u00e8ne vibrant, con\u00e7u pour ajouter une touche artistique \u00e0 vos vins. La pi\u00e8ce pr\u00e9sente un magnifique motif peint \u00e0 la main, mettant en sc\u00e8ne deux protagonistes de l&rsquo;art flamenco : une danseuse avec une impressionnante robe \u00e0 pois rouges et un artiste au chapeau. Cette rencontre festive se d\u00e9roule dans un patio color\u00e9 qui \u00e9voque la joie des c\u00e9l\u00e9brations madril\u00e8nes, entour\u00e9 de v\u00e9g\u00e9tation et d&rsquo;\u00e9l\u00e9ments floraux qui capturent l&rsquo;essence de la culture espagnole.<\/p>\n<p>La partie sup\u00e9rieure du bouchon met en avant le mot \u00ab\u00a0MADRID\u00a0\u00bb dans un style \u00e9l\u00e9gant, faisant de ce produit un souvenir repr\u00e9sentatif de la ville. Sa finition en c\u00e9ramique blanche garantit non seulement la durabilit\u00e9, mais offre \u00e9galement un contraste parfait pour les couleurs vibrantes des illustrations, cr\u00e9ant une pi\u00e8ce \u00e0 la fois fonctionnelle et d\u00e9corative.<\/p>\n<p>Id\u00e9al pour les touristes \u00e0 la recherche de souvenirs authentiques de Madrid, ce bouchon est l&rsquo;option parfaite pour ceux qui souhaitent emporter un morceau de la culture espagnole. Chez Ol\u00e9 Mosaic, nous sommes des distributeurs de souvenirs en c\u00e9ramique qui mettent en valeur la richesse du patrimoine culturel, garantissant que chaque produit soit le reflet de la tradition et de la qualit\u00e9. Ce bouchon en c\u00e9ramique est un excellent choix pour les boutiques de cadeaux touristiques cherchant \u00e0 proposer des produits authentiques et de haute qualit\u00e9.<\/p>\n","protected":false},"excerpt":{"rendered":"<p>Bouchon en c\u00e9ramique d\u00e9coratif, inspir\u00e9 du folklore madril\u00e8ne vibrant. Ce bouchon \u00e9l\u00e9gant pr\u00e9sente un design artisanal, peint \u00e0 la main, o\u00f9 une danseuse en robe \u00e0 pois rouges et un artiste au chapeau partagent un patio color\u00e9. Sur la partie sup\u00e9rieure, le mot \u00ab\u00a0MADRID\u00a0\u00bb se distingue dans un style \u00e9l\u00e9gant, entour\u00e9 de d\u00e9tails floraux qui \u00e9voquent l&rsquo;essence festive de la ville. Id\u00e9al pour conserver vos vins avec une touche artistique.<\/p>\n","protected":false},"featured_media":7979,"template":"","meta":{"_acf_changed":false},"product_brand":[],"product_cat":[825],"product_tag":[585],"class_list":{"0":"post-32726","1":"product","2":"type-product","3":"status-publish","4":"has-post-thumbnail","6":"product_cat-bouchons","7":"product_tag-ceramique","8":"pa_ciudad-madrid","9":"pa_motivo-cours-interieures","10":"pa_pais-espana","12":"first","13":"instock","14":"shipping-taxable","15":"product-type-simple"},"acf":[],"_links":{"self":[{"href":"https:\/\/olemosaic.orbitalia.org\/fr\/wp-json\/wp\/v2\/product\/32726","targetHints":{"allow":["GET"]}}],"collection":[{"href":"https:\/\/olemosaic.orbitalia.org\/fr\/wp-json\/wp\/v2\/product"}],"about":[{"href":"https:\/\/olemosaic.orbitalia.org\/fr\/wp-json\/wp\/v2\/types\/product"}],"wp:featuredmedia":[{"embeddable":true,"href":"https:\/\/olemosaic.orbitalia.org\/fr\/wp-json\/wp\/v2\/media\/7979"}],"wp:attachment":[{"href":"https:\/\/olemosaic.orbitalia.org\/fr\/wp-json\/wp\/v2\/media?parent=32726"}],"wp:term":[{"taxonomy":"product_brand","embeddable":true,"href":"https:\/\/olemosaic.orbitalia.org\/fr\/wp-json\/wp\/v2\/product_brand?post=32726"},{"taxonomy":"product_cat","embeddable":true,"href":"https:\/\/olemosaic.orbitalia.org\/fr\/wp-json\/wp\/v2\/product_cat?post=32726"},{"taxonomy":"product_tag","embeddable":true,"href":"https:\/\/olemosaic.orbitalia.org\/fr\/wp-json\/wp\/v2\/product_tag?post=32726"}],"curies":[{"name":"wp","href":"https:\/\/api.w.org\/{rel}","templated":true}]}}