{"id":32720,"date":"2025-02-20T23:34:35","date_gmt":"2025-02-20T22:34:35","guid":{"rendered":"https:\/\/olemosaic.orbitalia.org\/producto\/tapon-de-ceramica-salamandra-y-flores-mallorca-blanco\/"},"modified":"2025-07-25T18:47:47","modified_gmt":"2025-07-25T16:47:47","slug":"bouchon-en-ceramique-salamandre-et-fleurs-majorque-blanc","status":"publish","type":"product","link":"https:\/\/olemosaic.orbitalia.org\/fr\/produit\/bouchon-en-ceramique-salamandre-et-fleurs-majorque-blanc\/","title":{"rendered":"Bouchon en c\u00e9ramique. Salamandre et fleurs. Majorque. Blanc."},"content":{"rendered":"<p>Ce bouchon en c\u00e9ramique d\u00e9coratif est un charmant souvenir de Majorque qui allie art et fonctionnalit\u00e9 de mani\u00e8re exceptionnelle. Avec un design vibrant montrant une salamandre color\u00e9e et de jolies fleurs sur un fond blanc, cette pi\u00e8ce se distingue par sa palette de couleurs chaudes et brillantes, dans des tons rouges, verts, bleus et jaunes. La salamandre, symbole de la nature vibrante de l&rsquo;\u00eele, se tortille avec gr\u00e2ce, tandis que les fleurs ajoutent une touche de fra\u00eecheur, \u00e9voquant la beaut\u00e9 des paysages majorquins.<\/p>\n<p>Chaque bouchon est un chef-d&rsquo;\u0153uvre de c\u00e9ramique \u00e0 effet peint \u00e0 la main, ce qui garantit l&rsquo;authenticit\u00e9 et la singularit\u00e9 du produit. L&rsquo;inscription \u00ab\u00a0Mallorca\u00a0\u00bb sur le bouchon ne souligne pas seulement son origine, mais en fait \u00e9galement un souvenir parfait pour ceux qui cherchent \u00e0 emporter un morceau de cette \u00eele paradisiaque. Id\u00e9al pour fermer les bouteilles ou comme \u00e9l\u00e9ment d\u00e9coratif, ce bouchon apporte un air distinctif et m\u00e9diterran\u00e9en \u00e0 tout int\u00e9rieur.<\/p>\n<p>Dans le contexte culturel, ce bouchon repr\u00e9sente la riche tradition artisanale de Majorque, \u00e9tant un excellent souvenir qui capture l&rsquo;essence de la vie insulaire. Chez Ol\u00e9 Mosaic, en tant que grossiste de souvenirs, nous proposons des articles authentiques qui refl\u00e8tent l&rsquo;h\u00e9ritage culturel de l&rsquo;Espagne, ce qui fait de ce bouchon un choix id\u00e9al pour les boutiques de cadeaux touristiques souhaitant offrir des produits de haute qualit\u00e9 et de valeur culturelle.<\/p>\n","protected":false},"excerpt":{"rendered":"<p>Bouchon d\u00e9coratif en c\u00e9ramique, inspir\u00e9 de la culture majorquine. Ce bouchon original se distingue par son design color\u00e9 avec une salamandre et des fleurs sur une base blanche qui rehausse les couleurs vibrantes rouge, vert, bleu et jaune. La pi\u00e8ce, r\u00e9alis\u00e9e en c\u00e9ramique au design artisanal, peint \u00e0 la main, inclut l&rsquo;inscription &lsquo;Mallorca&rsquo;, fusionnant art et fonctionnalit\u00e9 pour sceller vos bouteilles avec une touche de style m\u00e9diterran\u00e9en. Id\u00e9al comme souvenir ou pour donner un air distinctif \u00e0 votre int\u00e9rieur.<\/p>\n","protected":false},"featured_media":8050,"template":"","meta":{"_acf_changed":false},"product_brand":[],"product_cat":[825],"product_tag":[530,585],"class_list":{"0":"post-32720","1":"product","2":"type-product","3":"status-publish","4":"has-post-thumbnail","6":"product_cat-bouchons","7":"product_tag-animaux","8":"product_tag-ceramique","9":"pa_ciudad-mallorca","10":"pa_motivo-salamandres","11":"pa_pais-espana","13":"first","14":"instock","15":"shipping-taxable","16":"product-type-simple"},"acf":[],"_links":{"self":[{"href":"https:\/\/olemosaic.orbitalia.org\/fr\/wp-json\/wp\/v2\/product\/32720","targetHints":{"allow":["GET"]}}],"collection":[{"href":"https:\/\/olemosaic.orbitalia.org\/fr\/wp-json\/wp\/v2\/product"}],"about":[{"href":"https:\/\/olemosaic.orbitalia.org\/fr\/wp-json\/wp\/v2\/types\/product"}],"wp:featuredmedia":[{"embeddable":true,"href":"https:\/\/olemosaic.orbitalia.org\/fr\/wp-json\/wp\/v2\/media\/8050"}],"wp:attachment":[{"href":"https:\/\/olemosaic.orbitalia.org\/fr\/wp-json\/wp\/v2\/media?parent=32720"}],"wp:term":[{"taxonomy":"product_brand","embeddable":true,"href":"https:\/\/olemosaic.orbitalia.org\/fr\/wp-json\/wp\/v2\/product_brand?post=32720"},{"taxonomy":"product_cat","embeddable":true,"href":"https:\/\/olemosaic.orbitalia.org\/fr\/wp-json\/wp\/v2\/product_cat?post=32720"},{"taxonomy":"product_tag","embeddable":true,"href":"https:\/\/olemosaic.orbitalia.org\/fr\/wp-json\/wp\/v2\/product_tag?post=32720"}],"curies":[{"name":"wp","href":"https:\/\/api.w.org\/{rel}","templated":true}]}}