{"id":32719,"date":"2025-02-20T22:34:34","date_gmt":"2025-02-20T22:34:34","guid":{"rendered":"https:\/\/olemosaic.orbitalia.org\/producto\/tapon-de-ceramica-toros-madrid-blanco\/"},"modified":"2025-07-25T18:53:32","modified_gmt":"2025-07-25T16:53:32","slug":"bouchon-en-ceramique-taureaux-madrid-blanc","status":"publish","type":"product","link":"https:\/\/olemosaic.orbitalia.org\/fr\/produit\/bouchon-en-ceramique-taureaux-madrid-blanc\/","title":{"rendered":"Bouchon en c\u00e9ramique. Taureaux. Madrid. Blanc."},"content":{"rendered":"<p>Ce bouchon d\u00e9coratif en c\u00e9ramique est un accessoire indispensable pour ceux qui souhaitent apporter un morceau de la riche culture madril\u00e8ne dans leur foyer. Avec un design vibrant repr\u00e9sentant un taureau, ce symbole embl\u00e9matique de Madrid prend vie dans une couleur blanche attrayante qui souligne les d\u00e9tails artistiques. La figure du taureau, inspir\u00e9e du c\u00e9l\u00e8bre art de la mosa\u00efque, est orn\u00e9e d&rsquo;une explosion de couleurs : des bleus vibrants, des rouges intenses, des verts frais et des jaunes radieux, qui \u00e9voquent l&rsquo;\u00e9nergie et la f\u00eate de la ville. Autour de lui, un design festif inclut des motifs floraux et un soleil radieux, cr\u00e9ant une atmosph\u00e8re joyeuse et dynamique.<\/p>\n<p>Le texte \u00ab\u00a0MADRID\u00a0\u00bb se d\u00e9tache sur la partie sup\u00e9rieure du bouchon, ajoutant une touche authentique qui en fait un souvenir repr\u00e9sentatif de la capitale espagnole. Ce bouchon n&rsquo;est pas seulement fonctionnel, mais il agit \u00e9galement comme une pi\u00e8ce d\u00e9corative rappelant la tauromachie et la tradition espagnole, c\u00e9l\u00e9brant le lien culturel et la passion qui entourent cette pratique. Chez Ol\u00e9 Mosaic, nous sommes fiers de proposer des souvenirs authentiques et de qualit\u00e9 en gros, et ce bouchon en c\u00e9ramique est une excellente option pour les boutiques de cadeaux touristiques \u00e0 la recherche de produits qui se distinguent par leur pertinence culturelle et leur design attrayant. Avec ce bouchon, les touristes peuvent emporter chez eux un fragment de Madrid, id\u00e9al comme souvenir qui durera dans le temps.<\/p>\n","protected":false},"excerpt":{"rendered":"<p>Bouchon en c\u00e9ramique d\u00e9coratif avec un design vibrant repr\u00e9sentant un taureau, symbole embl\u00e9matique de Madrid. Ce bouchon attrayant, de couleur blanche, pr\u00e9sente un motif color\u00e9 inspir\u00e9 de l&rsquo;art de la mosa\u00efque, avec des d\u00e9tails en bleu, rouge, vert et jaune qui compl\u00e8tent la figure du taureau dans une ambiance festive. Le texte \u00ab\u00a0MADRID\u00a0\u00bb se d\u00e9tache, ajoutant une touche authentique \u00e0 cet accessoire id\u00e9al pour se souvenir de la richesse culturelle de la ville.<\/p>\n","protected":false},"featured_media":8613,"template":"","meta":{"_acf_changed":false},"product_brand":[],"product_cat":[825],"product_tag":[530,585],"class_list":{"0":"post-32719","1":"product","2":"type-product","3":"status-publish","4":"has-post-thumbnail","6":"product_cat-bouchons","7":"product_tag-animaux","8":"product_tag-ceramique","9":"pa_ciudad-madrid","10":"pa_motivo-taureaux","11":"pa_pais-espana","13":"first","14":"instock","15":"shipping-taxable","16":"product-type-simple"},"acf":[],"_links":{"self":[{"href":"https:\/\/olemosaic.orbitalia.org\/fr\/wp-json\/wp\/v2\/product\/32719","targetHints":{"allow":["GET"]}}],"collection":[{"href":"https:\/\/olemosaic.orbitalia.org\/fr\/wp-json\/wp\/v2\/product"}],"about":[{"href":"https:\/\/olemosaic.orbitalia.org\/fr\/wp-json\/wp\/v2\/types\/product"}],"wp:featuredmedia":[{"embeddable":true,"href":"https:\/\/olemosaic.orbitalia.org\/fr\/wp-json\/wp\/v2\/media\/8613"}],"wp:attachment":[{"href":"https:\/\/olemosaic.orbitalia.org\/fr\/wp-json\/wp\/v2\/media?parent=32719"}],"wp:term":[{"taxonomy":"product_brand","embeddable":true,"href":"https:\/\/olemosaic.orbitalia.org\/fr\/wp-json\/wp\/v2\/product_brand?post=32719"},{"taxonomy":"product_cat","embeddable":true,"href":"https:\/\/olemosaic.orbitalia.org\/fr\/wp-json\/wp\/v2\/product_cat?post=32719"},{"taxonomy":"product_tag","embeddable":true,"href":"https:\/\/olemosaic.orbitalia.org\/fr\/wp-json\/wp\/v2\/product_tag?post=32719"}],"curies":[{"name":"wp","href":"https:\/\/api.w.org\/{rel}","templated":true}]}}