{"id":32716,"date":"2025-02-20T22:34:34","date_gmt":"2025-02-20T22:34:34","guid":{"rendered":"https:\/\/olemosaic.orbitalia.org\/producto\/tapon-de-ceramica-flores-barcelona-blanco\/"},"modified":"2025-07-25T19:56:49","modified_gmt":"2025-07-25T17:56:49","slug":"bouchon-en-ceramique-fleurs-barcelone-blanc","status":"publish","type":"product","link":"https:\/\/olemosaic.orbitalia.org\/fr\/produit\/bouchon-en-ceramique-fleurs-barcelone-blanc\/","title":{"rendered":"Bouchon en c\u00e9ramique. Fleurs. Barcelone. Blanc."},"content":{"rendered":"<p>Ce bouchon en c\u00e9ramique d\u00e9cor\u00e9 est un souvenir attrayant de Barcelone qui capture l&rsquo;essence vibrante et artistique de la ville embl\u00e9matique. Son design pr\u00e9sente un couvercle blanc avec un motif central frappant : une fleur rouge entour\u00e9e de carreaux color\u00e9s dans les tons bleu, jaune et orange, \u00e9voquant la c\u00e9l\u00e8bre \u0153uvre de mosa\u00efque qui orne de nombreux b\u00e2timents de Gaud\u00ed et d&rsquo;autres artistes locaux. La base en li\u00e8ge garantit une \u00e9tanch\u00e9it\u00e9 parfaite pour les bouteilles, faisant de ce bouchon un accessoire fonctionnel id\u00e9al pour tout int\u00e9rieur.<\/p>\n<p>Ce bouchon en c\u00e9ramique ne sert pas seulement de fermeture pratique pour vos bouteilles de vin ou d&rsquo;huile, mais c&rsquo;est aussi une pi\u00e8ce d\u00e9corative qui ajoute une touche distinctive \u00e0 toute cuisine ou salle \u00e0 manger. Sa beaut\u00e9 inspirante et son lien avec la riche tradition artistique de Barcelone en font un souvenir repr\u00e9sentatif de la ville, une excellente option pour les touristes \u00e0 la recherche d&rsquo;un morceau de la culture catalane \u00e0 emporter chez eux.<\/p>\n<p>Chez Ol\u00e9 Mosaic, nous nous sp\u00e9cialisons dans la distribution de souvenirs en gros, offrant des produits authentiques qui c\u00e9l\u00e8brent l&rsquo;h\u00e9ritage culturel de leurs r\u00e9gions. Ce bouchon en c\u00e9ramique est un choix id\u00e9al pour les boutiques de cadeaux touristiques cherchant \u00e0 proposer des articles uniques et de qualit\u00e9. Avec son charme et sa fonctionnalit\u00e9, c&rsquo;est un souvenir m\u00e9morable qui ravira tout visiteur de Barcelone.<\/p>\n","protected":false},"excerpt":{"rendered":"<p>Bouchon en c\u00e9ramique d\u00e9cor\u00e9 d&rsquo;un motif floral vibrant, inspir\u00e9 de la c\u00e9l\u00e8bre \u0153uvre de mosa\u00efque de Barcelone. Ce bouchon attrayant pr\u00e9sente une base en li\u00e8ge, avec un couvercle blanc affichant une fleur rouge au centre, entour\u00e9e de carreaux color\u00e9s dans les tons bleu, jaune et orange. Parfait pour sceller les bouteilles, ce souvenir capture l&rsquo;essence artistique et color\u00e9e de la cit\u00e9 comtale, ajoutant une touche distinctive \u00e0 tout int\u00e9rieur.<\/p>\n","protected":false},"featured_media":9079,"template":"","meta":{"_acf_changed":false},"product_brand":[],"product_cat":[825],"product_tag":[585],"class_list":{"0":"post-32716","1":"product","2":"type-product","3":"status-publish","4":"has-post-thumbnail","6":"product_cat-bouchons","7":"product_tag-ceramique","8":"pa_ciudad-barcelona","9":"pa_motivo-fleurs","10":"pa_pais-espana","12":"first","13":"instock","14":"shipping-taxable","15":"product-type-simple"},"acf":[],"_links":{"self":[{"href":"https:\/\/olemosaic.orbitalia.org\/fr\/wp-json\/wp\/v2\/product\/32716","targetHints":{"allow":["GET"]}}],"collection":[{"href":"https:\/\/olemosaic.orbitalia.org\/fr\/wp-json\/wp\/v2\/product"}],"about":[{"href":"https:\/\/olemosaic.orbitalia.org\/fr\/wp-json\/wp\/v2\/types\/product"}],"wp:featuredmedia":[{"embeddable":true,"href":"https:\/\/olemosaic.orbitalia.org\/fr\/wp-json\/wp\/v2\/media\/9079"}],"wp:attachment":[{"href":"https:\/\/olemosaic.orbitalia.org\/fr\/wp-json\/wp\/v2\/media?parent=32716"}],"wp:term":[{"taxonomy":"product_brand","embeddable":true,"href":"https:\/\/olemosaic.orbitalia.org\/fr\/wp-json\/wp\/v2\/product_brand?post=32716"},{"taxonomy":"product_cat","embeddable":true,"href":"https:\/\/olemosaic.orbitalia.org\/fr\/wp-json\/wp\/v2\/product_cat?post=32716"},{"taxonomy":"product_tag","embeddable":true,"href":"https:\/\/olemosaic.orbitalia.org\/fr\/wp-json\/wp\/v2\/product_tag?post=32716"}],"curies":[{"name":"wp","href":"https:\/\/api.w.org\/{rel}","templated":true}]}}