{"id":32709,"date":"2025-02-20T22:34:34","date_gmt":"2025-02-20T22:34:34","guid":{"rendered":"https:\/\/olemosaic.orbitalia.org\/producto\/tapon-de-ceramica-valencia-blanco\/"},"modified":"2025-07-25T18:43:40","modified_gmt":"2025-07-25T16:43:40","slug":"bouchon-en-ceramique-valence-blanc","status":"publish","type":"product","link":"https:\/\/olemosaic.orbitalia.org\/fr\/produit\/bouchon-en-ceramique-valence-blanc\/","title":{"rendered":"Bouchon en c\u00e9ramique. Valence. Blanc."},"content":{"rendered":"<p>Ce bouchon en c\u00e9ramique, d\u00e9cor\u00e9 d&rsquo;une repr\u00e9sentation vibrante de Valence, est un souvenir embl\u00e9matique qui capture l&rsquo;essence de cette belle ville. Son design color\u00e9 pr\u00e9sente une illustration de monuments embl\u00e9matiques tels que la Cit\u00e9 des Arts et des Sciences et l&rsquo;historique Loge de la Soie, tous deux recr\u00e9\u00e9s avec pr\u00e9cision et dans des tons vifs qui ressortent sur un fond blanc, apportant luminosit\u00e9 et fra\u00eecheur \u00e0 l&rsquo;objet. Le nom \u00ab\u00a0Valence\u00a0\u00bb se d\u00e9tache en lettres frappantes, faisant de ce bouchon un rappel distinctif de la riche culture et de l&rsquo;architecture de la r\u00e9gion.<\/p>\n<p>Fabriqu\u00e9 avec un corps en li\u00e8ge, ce bouchon est fonctionnel et pratique, id\u00e9al pour boucher les bouteilles et garder leur contenu frais, tout en devenant un objet d\u00e9coratif attrayant. Son design artistique en fait un excellent sujet de conversation dans n&rsquo;importe quel foyer, transportant ceux qui l&rsquo;observent dans les rues ensoleill\u00e9es de Valence. Ce bouchon est plus qu&rsquo;un simple article de cuisine ; il repr\u00e9sente une connexion culturelle notable avec la ville, rappelant aux touristes la majest\u00e9 de son patrimoine.<\/p>\n<p>Chez Ol\u00e9 Mosaic, nous nous sp\u00e9cialisons dans la distribution de souvenirs en gros, offrant des produits authentiques qui refl\u00e8tent l&rsquo;identit\u00e9 de chaque destination. Ce bouchon en c\u00e9ramique est une option parfaite pour les boutiques de cadeaux touristiques \u00e0 la recherche d&rsquo;articles uniques et de qualit\u00e9. Un souvenir de Valence qui se d\u00e9marque, id\u00e9al pour ceux qui souhaitent emporter un morceau de cette ville merveilleuse.<\/p>\n","protected":false},"excerpt":{"rendered":"<p>Bouchon en c\u00e9ramique d\u00e9cor\u00e9 d&rsquo;une repr\u00e9sentation vibrante de Valence. Ce bouchon \u00e9l\u00e9gant pr\u00e9sente un design color\u00e9 avec des illustrations de monuments embl\u00e9matiques, tels que la Cit\u00e9 des Arts et des Sciences et la Loge de la Soie, sur un fond blanc qui rehausse sa beaut\u00e9. De plus, il arbore le nom \u00ab\u00a0Valence\u00a0\u00bb en lettres frappantes, compl\u00e9tant son attrait artistique. Fabriqu\u00e9 avec un corps en li\u00e8ge, c&rsquo;est une pi\u00e8ce fonctionnelle qui sert \u00e9galement de souvenir distingu\u00e9.<\/p>\n","protected":false},"featured_media":9893,"template":"","meta":{"_acf_changed":false},"product_brand":[],"product_cat":[825],"product_tag":[585],"class_list":{"0":"post-32709","1":"product","2":"type-product","3":"status-publish","4":"has-post-thumbnail","6":"product_cat-bouchons","7":"product_tag-ceramique","8":"pa_ciudad-valencia","9":"pa_pais-espana","11":"first","12":"instock","13":"shipping-taxable","14":"product-type-simple"},"acf":[],"_links":{"self":[{"href":"https:\/\/olemosaic.orbitalia.org\/fr\/wp-json\/wp\/v2\/product\/32709","targetHints":{"allow":["GET"]}}],"collection":[{"href":"https:\/\/olemosaic.orbitalia.org\/fr\/wp-json\/wp\/v2\/product"}],"about":[{"href":"https:\/\/olemosaic.orbitalia.org\/fr\/wp-json\/wp\/v2\/types\/product"}],"wp:featuredmedia":[{"embeddable":true,"href":"https:\/\/olemosaic.orbitalia.org\/fr\/wp-json\/wp\/v2\/media\/9893"}],"wp:attachment":[{"href":"https:\/\/olemosaic.orbitalia.org\/fr\/wp-json\/wp\/v2\/media?parent=32709"}],"wp:term":[{"taxonomy":"product_brand","embeddable":true,"href":"https:\/\/olemosaic.orbitalia.org\/fr\/wp-json\/wp\/v2\/product_brand?post=32709"},{"taxonomy":"product_cat","embeddable":true,"href":"https:\/\/olemosaic.orbitalia.org\/fr\/wp-json\/wp\/v2\/product_cat?post=32709"},{"taxonomy":"product_tag","embeddable":true,"href":"https:\/\/olemosaic.orbitalia.org\/fr\/wp-json\/wp\/v2\/product_tag?post=32709"}],"curies":[{"name":"wp","href":"https:\/\/api.w.org\/{rel}","templated":true}]}}