{"id":32706,"date":"2025-02-20T22:34:33","date_gmt":"2025-02-20T22:34:33","guid":{"rendered":"https:\/\/olemosaic.orbitalia.org\/producto\/tapon-de-ceramica-salamandra-barcelona-beige\/"},"modified":"2025-07-25T18:38:39","modified_gmt":"2025-07-25T16:38:39","slug":"bouchon-en-ceramique-salamandre-barcelone-beige","status":"publish","type":"product","link":"https:\/\/olemosaic.orbitalia.org\/fr\/produit\/bouchon-en-ceramique-salamandre-barcelone-beige\/","title":{"rendered":"Bouchon en c\u00e9ramique. Salamandre. Barcelone. Beige."},"content":{"rendered":"<p>Ce bouchon en c\u00e9ramique, d\u00e9cor\u00e9 d&rsquo;une salamandre color\u00e9e, est un souvenir ing\u00e9nieux de Barcelone qui capture l&rsquo;essence vibrante de la ville. Inspir\u00e9 par le c\u00e9l\u00e8bre art de la mosa\u00efque qui orne ses rues, ce produit pr\u00e9sente un design joyeux et frappant, avec une salamandre multicolore qui se distingue dans des tons bleus, verts et jaunes. Entour\u00e9e de fleurs rouges et vertes, l&rsquo;illustration est situ\u00e9e sur un fond blanc, cr\u00e9ant un contraste visuel attrayant. Le bord beige du bouchon ajoute une touche d&rsquo;\u00e9l\u00e9gance, compl\u00e9tant son graphique exub\u00e9rant.<\/p>\n<p>Fonctionnel et esth\u00e9tique, ce bouchon n&rsquo;est pas seulement id\u00e9al pour sceller les bouteilles, mais il transforme \u00e9galement tout r\u00e9cipient en une pi\u00e8ce d\u00e9corative qui \u00e9voque les couleurs et la cr\u00e9ativit\u00e9 de l&rsquo;architecture barcelonaise. La salamandre est un symbole qui a \u00e9galement \u00e9t\u00e9 adopt\u00e9 dans la c\u00e9l\u00e8bre \u0153uvre d&rsquo;Antoni Gaud\u00ed, ce qui renforce sa connexion culturelle avec la ville. En tant que souvenir repr\u00e9sentatif, ce bouchon en c\u00e9ramique est un excellent cadeau pour les touristes qui cherchent \u00e0 se souvenir de leur visite dans la capitale catalane avec un produit authentique et de qualit\u00e9.<\/p>\n<p>Chez Ol\u00e9 Mosaic, sp\u00e9cialistes de la distribution de souvenirs en gros, nous proposons ce bouchon en c\u00e9ramique comme une option incontournable pour les boutiques de cadeaux touristiques souhaitant offrir des articles qui c\u00e9l\u00e8brent la riche culture espagnole. Acqu\u00e9rir ce bouchon est un moyen parfait de ramener un morceau de Barcelone chez soi et un rappel visuel de sa beaut\u00e9.<\/p>\n","protected":false},"excerpt":{"rendered":"<p>Bouchon en c\u00e9ramique d\u00e9cor\u00e9 d&rsquo;une salamandre color\u00e9e, inspir\u00e9 de l&rsquo;art de la mosa\u00efque de Barcelone. Ce produit pr\u00e9sente un design vibrant avec une salamandre dans les tons bleus, verts et jaunes, entour\u00e9e de fleurs rouges et vertes sur un fond blanc. Le bord du bouchon est d&rsquo;une couleur beige attrayante. En plus d&rsquo;\u00eatre fonctionnelle, la pi\u00e8ce ajoute une touche distinctive et culturelle \u00e0 n&rsquo;importe quelle bouteille, en faisant le souvenir parfait de la ville.<\/p>\n","protected":false},"featured_media":7553,"template":"","meta":{"_acf_changed":false},"product_brand":[],"product_cat":[825],"product_tag":[530,585],"class_list":{"0":"post-32706","1":"product","2":"type-product","3":"status-publish","4":"has-post-thumbnail","6":"product_cat-bouchons","7":"product_tag-animaux","8":"product_tag-ceramique","9":"pa_ciudad-barcelona","10":"pa_motivo-salamandres","11":"pa_pais-espana","13":"first","14":"instock","15":"shipping-taxable","16":"product-type-simple"},"acf":[],"_links":{"self":[{"href":"https:\/\/olemosaic.orbitalia.org\/fr\/wp-json\/wp\/v2\/product\/32706","targetHints":{"allow":["GET"]}}],"collection":[{"href":"https:\/\/olemosaic.orbitalia.org\/fr\/wp-json\/wp\/v2\/product"}],"about":[{"href":"https:\/\/olemosaic.orbitalia.org\/fr\/wp-json\/wp\/v2\/types\/product"}],"wp:featuredmedia":[{"embeddable":true,"href":"https:\/\/olemosaic.orbitalia.org\/fr\/wp-json\/wp\/v2\/media\/7553"}],"wp:attachment":[{"href":"https:\/\/olemosaic.orbitalia.org\/fr\/wp-json\/wp\/v2\/media?parent=32706"}],"wp:term":[{"taxonomy":"product_brand","embeddable":true,"href":"https:\/\/olemosaic.orbitalia.org\/fr\/wp-json\/wp\/v2\/product_brand?post=32706"},{"taxonomy":"product_cat","embeddable":true,"href":"https:\/\/olemosaic.orbitalia.org\/fr\/wp-json\/wp\/v2\/product_cat?post=32706"},{"taxonomy":"product_tag","embeddable":true,"href":"https:\/\/olemosaic.orbitalia.org\/fr\/wp-json\/wp\/v2\/product_tag?post=32706"}],"curies":[{"name":"wp","href":"https:\/\/api.w.org\/{rel}","templated":true}]}}