{"id":32689,"date":"2025-02-20T23:34:33","date_gmt":"2025-02-20T22:34:33","guid":{"rendered":"https:\/\/olemosaic.orbitalia.org\/producto\/tapon-de-ceramica-salamandra-y-flores-barcelona-blanco-2\/"},"modified":"2025-07-25T20:12:00","modified_gmt":"2025-07-25T18:12:00","slug":"bouchon-en-ceramique-salamandre-et-fleurs-barcelone-blanc-2","status":"publish","type":"product","link":"https:\/\/olemosaic.orbitalia.org\/fr\/produit\/bouchon-en-ceramique-salamandre-et-fleurs-barcelone-blanc-2\/","title":{"rendered":"Bouchon en c\u00e9ramique. Salamandre et fleurs. Mosa\u00efque. Barcelone. Blanc."},"content":{"rendered":"<p>Ce bouchon en c\u00e9ramique, avec son design vibrant de salamandre et de fleurs, est un hommage au style embl\u00e9matique de Barcelone, une ville d\u00e9bordante de culture et d&rsquo;art. Avec sa finition blanche, ce bouchon se distingue non seulement par sa fonctionnalit\u00e9, mais aussi par son caract\u00e8re d\u00e9coratif. La salamandre, recr\u00e9\u00e9e en mosa\u00efques complexes de couleurs, pr\u00e9sente des tons vifs qui rayonnent de joie et de cr\u00e9ativit\u00e9, caract\u00e9ristiques fondamentales de l&rsquo;architecture moderniste de la ville, inspir\u00e9e notamment par le c\u00e9l\u00e8bre artiste Antoni Gaud\u00ed. En compl\u00e9ment du design, les \u00e9l\u00e9ments floraux enrichissent son esth\u00e9tique, faisant de cette pi\u00e8ce un reflet de l&rsquo;environnement color\u00e9 de Barcelone.<\/p>\n<p>Le mot \u00ab Barcelone \u00bb est \u00e9l\u00e9gamment imprim\u00e9, renfor\u00e7ant son authenticit\u00e9 en tant que souvenir et en faisant un rappel inoubliable pour ceux qui visitent la ville. Ce bouchon n&rsquo;est pas seulement une excellente option pour les amateurs de vin, il sert \u00e9galement de charmant ornement pour n&rsquo;importe quel foyer, fusionnant art et fonctionnalit\u00e9 en un seul objet. Nous proposons des bouchons en c\u00e9ramique de haute qualit\u00e9 en gros chez Ol\u00e9 Mosaic, ce qui en fait un produit id\u00e9al pour les boutiques de cadeaux touristiques \u00e0 la recherche de souvenirs uniques et repr\u00e9sentatifs de la culture catalane. D\u00e9marquez-vous de la concurrence en offrant \u00e0 vos clients un article qui \u00e9voque l&rsquo;esprit vibrant de Barcelone.<\/p>\n","protected":false},"excerpt":{"rendered":"<p>Bouchon en c\u00e9ramique au design vibrant de salamandre et de fleurs, inspir\u00e9 du style embl\u00e9matique de Barcelone. Ce bouchon original pr\u00e9sente une finition blanche avec des d\u00e9tails multicolores, incluant une salamandre artisanale qui se distingue par sa mosa\u00efque complexe. Avec le mot \u00ab Barcelone \u00bb \u00e9l\u00e9gamment imprim\u00e9, cet article allie fonctionnalit\u00e9 et art, constituant une pi\u00e8ce id\u00e9ale pour les amateurs de culture catalane et un charmant souvenir.<\/p>\n","protected":false},"featured_media":8089,"template":"","meta":{"_acf_changed":false},"product_brand":[],"product_cat":[825],"product_tag":[530,585],"class_list":{"0":"post-32689","1":"product","2":"type-product","3":"status-publish","4":"has-post-thumbnail","6":"product_cat-bouchons","7":"product_tag-animaux","8":"product_tag-ceramique","9":"pa_ciudad-barcelona","10":"pa_motivo-salamandres","11":"pa_pais-espana","13":"first","14":"instock","15":"shipping-taxable","16":"product-type-simple"},"acf":[],"_links":{"self":[{"href":"https:\/\/olemosaic.orbitalia.org\/fr\/wp-json\/wp\/v2\/product\/32689","targetHints":{"allow":["GET"]}}],"collection":[{"href":"https:\/\/olemosaic.orbitalia.org\/fr\/wp-json\/wp\/v2\/product"}],"about":[{"href":"https:\/\/olemosaic.orbitalia.org\/fr\/wp-json\/wp\/v2\/types\/product"}],"wp:featuredmedia":[{"embeddable":true,"href":"https:\/\/olemosaic.orbitalia.org\/fr\/wp-json\/wp\/v2\/media\/8089"}],"wp:attachment":[{"href":"https:\/\/olemosaic.orbitalia.org\/fr\/wp-json\/wp\/v2\/media?parent=32689"}],"wp:term":[{"taxonomy":"product_brand","embeddable":true,"href":"https:\/\/olemosaic.orbitalia.org\/fr\/wp-json\/wp\/v2\/product_brand?post=32689"},{"taxonomy":"product_cat","embeddable":true,"href":"https:\/\/olemosaic.orbitalia.org\/fr\/wp-json\/wp\/v2\/product_cat?post=32689"},{"taxonomy":"product_tag","embeddable":true,"href":"https:\/\/olemosaic.orbitalia.org\/fr\/wp-json\/wp\/v2\/product_tag?post=32689"}],"curies":[{"name":"wp","href":"https:\/\/api.w.org\/{rel}","templated":true}]}}