{"id":32688,"date":"2025-02-20T22:34:33","date_gmt":"2025-02-20T22:34:33","guid":{"rendered":"https:\/\/olemosaic.orbitalia.org\/producto\/tapon-de-ceramica-mosaico-blanco\/"},"modified":"2025-07-25T18:38:38","modified_gmt":"2025-07-25T16:38:38","slug":"bouchon-en-ceramique-mosaique-blanc","status":"publish","type":"product","link":"https:\/\/olemosaic.orbitalia.org\/fr\/produit\/bouchon-en-ceramique-mosaique-blanc\/","title":{"rendered":"Bouchon en c\u00e9ramique. Mosa\u00efque. Blanc."},"content":{"rendered":"<p>Ce bouchon en c\u00e9ramique au design de mosa\u00efque color\u00e9e est un d\u00e9tail distinctif qui rehausse la pr\u00e9sentation de vos vins. Fabriqu\u00e9 en c\u00e9ramique de haute qualit\u00e9, sa partie sup\u00e9rieure pr\u00e9sente un amalgame captivant de motifs en rouge, bleu et orange, \u00e9voquant le style traditionnel de la c\u00e9ramique espagnole qui perdure depuis des si\u00e8cles. Chaque pi\u00e8ce est unique et orne sa surface de formes complexes rappelant les mosa\u00efques qui d\u00e9corent l&rsquo;architecture historique de l&rsquo;Espagne, comme les azulejos de l&rsquo;Alhambra ou ceux des patios andalous.<\/p>\n<p>Le contraste entre l&rsquo;\u00e9mail brillant de la partie sup\u00e9rieure et le li\u00e8ge naturel de la base souligne non seulement son \u00e9l\u00e9gance, mais assure \u00e9galement une fermeture herm\u00e9tique parfaite pour pr\u00e9server la fra\u00eecheur de n&rsquo;importe quel vin. Ce bouchon n&rsquo;est pas seulement fonctionnel, il repr\u00e9sente aussi un souvenir authentique et repr\u00e9sentatif de la riche culture ib\u00e9rique, id\u00e9al pour ceux qui souhaitent ramener un morceau d&rsquo;Espagne chez eux.<\/p>\n<p>Chez Ol\u00e9 Mosaic, nous sommes sp\u00e9cialis\u00e9s dans la distribution de souvenirs en gros, et ce bouchon en c\u00e9ramique est une excellente option pour les boutiques de cadeaux touristiques souhaitant proposer des produits mettant en valeur l&rsquo;artisanat et la tradition espagnols. C&rsquo;est un cadeau id\u00e9al pour les amateurs de vin et de culture, devenant un souvenir durable et significatif de leur visite en Espagne.<\/p>\n","protected":false},"excerpt":{"rendered":"<p>Bouchon en c\u00e9ramique au design de mosa\u00efque color\u00e9e, id\u00e9al pour parfaire la pr\u00e9sentation de vos vins. Ce bouchon \u00e9l\u00e9gant se distingue par son attrait visuel, avec une combinaison de motifs en rouge, bleu et orange \u00e9voquant le style traditionnel de la c\u00e9ramique espagnole. Sa partie sup\u00e9rieure \u00e9maill\u00e9e contraste avec le li\u00e8ge naturel, apportant une touche de sophistication et d&rsquo;authenticit\u00e9 \u00e0 chaque bouteille. Parfait comme souvenir ou cadeau pour les amoureux de la culture ib\u00e9rique.<\/p>\n","protected":false},"featured_media":9034,"template":"","meta":{"_acf_changed":false},"product_brand":[],"product_cat":[825],"product_tag":[585],"class_list":{"0":"post-32688","1":"product","2":"type-product","3":"status-publish","4":"has-post-thumbnail","6":"product_cat-bouchons","7":"product_tag-ceramique","8":"pa_motivo-mosaique","10":"first","11":"instock","12":"shipping-taxable","13":"product-type-simple"},"acf":[],"_links":{"self":[{"href":"https:\/\/olemosaic.orbitalia.org\/fr\/wp-json\/wp\/v2\/product\/32688","targetHints":{"allow":["GET"]}}],"collection":[{"href":"https:\/\/olemosaic.orbitalia.org\/fr\/wp-json\/wp\/v2\/product"}],"about":[{"href":"https:\/\/olemosaic.orbitalia.org\/fr\/wp-json\/wp\/v2\/types\/product"}],"wp:featuredmedia":[{"embeddable":true,"href":"https:\/\/olemosaic.orbitalia.org\/fr\/wp-json\/wp\/v2\/media\/9034"}],"wp:attachment":[{"href":"https:\/\/olemosaic.orbitalia.org\/fr\/wp-json\/wp\/v2\/media?parent=32688"}],"wp:term":[{"taxonomy":"product_brand","embeddable":true,"href":"https:\/\/olemosaic.orbitalia.org\/fr\/wp-json\/wp\/v2\/product_brand?post=32688"},{"taxonomy":"product_cat","embeddable":true,"href":"https:\/\/olemosaic.orbitalia.org\/fr\/wp-json\/wp\/v2\/product_cat?post=32688"},{"taxonomy":"product_tag","embeddable":true,"href":"https:\/\/olemosaic.orbitalia.org\/fr\/wp-json\/wp\/v2\/product_tag?post=32688"}],"curies":[{"name":"wp","href":"https:\/\/api.w.org\/{rel}","templated":true}]}}