{"id":32687,"date":"2025-02-20T23:34:33","date_gmt":"2025-02-20T22:34:33","guid":{"rendered":"https:\/\/olemosaic.orbitalia.org\/producto\/casa-batllo-figura-de-resina-de-8-cm-pintada-a-mano\/"},"modified":"2025-07-25T19:46:55","modified_gmt":"2025-07-25T17:46:55","slug":"casa-batllo-figurine-en-resine-de-8-cm-peinte-a-la-main","status":"publish","type":"product","link":"https:\/\/olemosaic.orbitalia.org\/fr\/produit\/casa-batllo-figurine-en-resine-de-8-cm-peinte-a-la-main\/","title":{"rendered":"Casa Batll\u00f3. Figurine en mosa\u00efque de 8 cm."},"content":{"rendered":"<p>Ce souvenir, la figurine en r\u00e9sine de l&#8217;embl\u00e9matique Casa Batll\u00f3, est une pi\u00e8ce incontournable pour tout amateur d&rsquo;architecture moderniste. Avec ses 8 cm de hauteur, cette figurine artisanale est m\u00e9ticuleusement peinte \u00e0 la main pour capturer chaque d\u00e9tail de cet \u00e9difice iconique con\u00e7u par Antoni Gaud\u00ed. La repr\u00e9sentation inclut les balcons ondul\u00e9s caract\u00e9ristiques et le toit vibrant qui ont fait de la Casa Batll\u00f3 un symbole de la cr\u00e9ativit\u00e9 catalane. Les couleurs vibrantes \u2014 allant des verts et bleus exub\u00e9rants aux touches captivantes de rouge et de jaune \u2014 rehaussent la beaut\u00e9 du design, rendant chaque figurine unique et pleine de vie.<\/p>\n<p>Cet article n&rsquo;est pas seulement une repr\u00e9sentation visuelle du chef-d&rsquo;\u0153uvre architectural situ\u00e9 au c\u0153ur de Barcelone, mais aussi un souvenir culturel qui \u00e9voque l&rsquo;essence m\u00eame de la ville. C&rsquo;est une excellente option pour les touristes qui souhaitent emporter un morceau du riche patrimoine architectural barcelonais. Chez Ol\u00e9 Mosaic, nous sommes fiers de proposer ce souvenir et d&rsquo;autres de qualit\u00e9 en gros, id\u00e9al pour les boutiques de cadeaux touristiques souhaitant surprendre leurs clients avec des produits authentiques. Dot\u00e9e d&rsquo;un charme particulier et d&rsquo;une valeur culturelle significative, cette figurine de la Casa Batll\u00f3 est, sans aucun doute, un souvenir remarquable qui ne devrait pas manquer dans votre collection.<\/p>\n","protected":false},"excerpt":{"rendered":"<p>Figurine de 8 cm repr\u00e9sentant l&#8217;embl\u00e9matique Casa Batll\u00f3 de Barcelone. Cette pi\u00e8ce artisanale, au design soign\u00e9 et peinte \u00e0 la main, capture en d\u00e9tail les balcons iconiques et le toit color\u00e9 du c\u00e9l\u00e8bre \u00e9difice con\u00e7u par Antoni Gaud\u00ed. Les couleurs vibrantes, allant du vert et du bleu aux touches de rouge et de jaune, refl\u00e8tent la cr\u00e9ativit\u00e9 de l&rsquo;architecte moderniste, faisant de cette figurine un souvenir id\u00e9al qui \u00e9voque la beaut\u00e9 unique de l&rsquo;architecture catalane.<\/p>\n","protected":false},"featured_media":6856,"template":"","meta":{"_acf_changed":false},"product_brand":[],"product_cat":[540],"product_tag":[],"class_list":{"0":"post-32687","1":"product","2":"type-product","3":"status-publish","4":"has-post-thumbnail","6":"product_cat-chiffres","7":"pa_ciudad-barcelona","8":"pa_motivo-casa-batllo","9":"pa_pais-espana","11":"first","12":"instock","13":"shipping-taxable","14":"product-type-simple"},"acf":[],"_links":{"self":[{"href":"https:\/\/olemosaic.orbitalia.org\/fr\/wp-json\/wp\/v2\/product\/32687","targetHints":{"allow":["GET"]}}],"collection":[{"href":"https:\/\/olemosaic.orbitalia.org\/fr\/wp-json\/wp\/v2\/product"}],"about":[{"href":"https:\/\/olemosaic.orbitalia.org\/fr\/wp-json\/wp\/v2\/types\/product"}],"wp:featuredmedia":[{"embeddable":true,"href":"https:\/\/olemosaic.orbitalia.org\/fr\/wp-json\/wp\/v2\/media\/6856"}],"wp:attachment":[{"href":"https:\/\/olemosaic.orbitalia.org\/fr\/wp-json\/wp\/v2\/media?parent=32687"}],"wp:term":[{"taxonomy":"product_brand","embeddable":true,"href":"https:\/\/olemosaic.orbitalia.org\/fr\/wp-json\/wp\/v2\/product_brand?post=32687"},{"taxonomy":"product_cat","embeddable":true,"href":"https:\/\/olemosaic.orbitalia.org\/fr\/wp-json\/wp\/v2\/product_cat?post=32687"},{"taxonomy":"product_tag","embeddable":true,"href":"https:\/\/olemosaic.orbitalia.org\/fr\/wp-json\/wp\/v2\/product_tag?post=32687"}],"curies":[{"name":"wp","href":"https:\/\/api.w.org\/{rel}","templated":true}]}}