{"id":32669,"date":"2025-02-20T23:34:31","date_gmt":"2025-02-20T22:34:31","guid":{"rendered":"https:\/\/olemosaic.orbitalia.org\/producto\/4-bols-de-coco-de-13-x-6-cm-animales-del-mar-barcelona\/"},"modified":"2025-07-25T18:55:32","modified_gmt":"2025-07-25T16:55:32","slug":"4-bols-en-noix-de-coco-de-13-x-6-cm-animaux-marins-barcelone","status":"publish","type":"product","link":"https:\/\/olemosaic.orbitalia.org\/fr\/produit\/4-bols-en-noix-de-coco-de-13-x-6-cm-animaux-marins-barcelone\/","title":{"rendered":"4 Bols en noix de coco de 13 x 6 cm. Animaux marins. Barcelone."},"content":{"rendered":"<p>Cet ensemble de quatre bols en c\u00e9ramique peints \u00e0 la main est une repr\u00e9sentation authentique de la cr\u00e9ativit\u00e9 et de l&rsquo;atmosph\u00e8re color\u00e9e de Barcelone. Chaque bol pr\u00e9sente une mosa\u00efque vibrante combinant des tons roses, bleus et jaunes, \u00e9voquant les fa\u00e7ades color\u00e9es des b\u00e2timents modernistes de la ville. D\u00e9cor\u00e9s de motifs marins tels qu&rsquo;un dauphin, une tortue et un hippocampe, ces bols ne sont pas seulement fonctionnels, mais servent \u00e9galement de magnifique pi\u00e8ce d\u00e9corative refl\u00e9tant la vie m\u00e9diterran\u00e9enne.<\/p>\n<p>La finition brillante d\u00e9licate de chaque bol souligne les d\u00e9tails des illustrations, rendant chaque pi\u00e8ce unique et sp\u00e9ciale. Avec un design qui int\u00e8gre harmonieusement des \u00e9l\u00e9ments de la faune marine, ces bols sont id\u00e9aux pour pr\u00e9senter des ap\u00e9ritifs, servir des salades ou simplement comme \u00e9l\u00e9ment d\u00e9coratif attrayant dans n&rsquo;importe quelle maison.<\/p>\n<p>Produits selon des techniques traditionnelles, ces bols sont plus que de simples ustensiles de cuisine ; ils sont un souvenir culturel qui relie les visiteurs au riche patrimoine de Barcelone. Parfaits comme souvenirs de la ville, ils constituent une excellente option pour les boutiques de cadeaux touristiques \u00e0 la recherche de produits authentiques et attrayants. Chez Ol\u00e9 Mosaic, votre grossiste en souvenirs artisanaux, nous garantissons la qualit\u00e9 et l&rsquo;authenticit\u00e9 de chaque pi\u00e8ce de ce charmant ensemble de bols en c\u00e9ramique, id\u00e9al pour ceux qui souhaitent apporter un morceau de la culture m\u00e9diterran\u00e9enne dans leur foyer.<\/p>\n","protected":false},"excerpt":{"rendered":"<p>Ensemble de quatre bols en c\u00e9ramique peints \u00e0 la main, inspir\u00e9s par l&rsquo;atmosph\u00e8re vibrante de Barcelone. Chaque bol pr\u00e9sente une mosa\u00efque color\u00e9e combinant des tons roses, bleus et jaunes, encadrant des motifs marins tels qu&rsquo;un dauphin, une tortue et un hippocampe. Avec une finition brillante d\u00e9licate, ces bols ne sont pas seulement fonctionnels, mais aussi un \u00e9l\u00e9ment d\u00e9coratif qui refl\u00e8te la richesse culturelle de la ville. Ils sont id\u00e9aux pour ajouter une touche m\u00e9diterran\u00e9enne \u00e0 n&rsquo;importe quel foyer.<\/p>\n","protected":false},"featured_media":13824,"template":"","meta":{"_acf_changed":false},"product_brand":[],"product_cat":[521],"product_tag":[530],"class_list":{"0":"post-32669","1":"product","2":"type-product","3":"status-publish","4":"has-post-thumbnail","6":"product_cat-bols","7":"product_tag-animaux","8":"pa_ciudad-barcelona","9":"pa_motivo-animaux-marins","10":"pa_pais-espana","12":"first","13":"instock","14":"shipping-taxable","15":"product-type-simple"},"acf":[],"_links":{"self":[{"href":"https:\/\/olemosaic.orbitalia.org\/fr\/wp-json\/wp\/v2\/product\/32669","targetHints":{"allow":["GET"]}}],"collection":[{"href":"https:\/\/olemosaic.orbitalia.org\/fr\/wp-json\/wp\/v2\/product"}],"about":[{"href":"https:\/\/olemosaic.orbitalia.org\/fr\/wp-json\/wp\/v2\/types\/product"}],"wp:featuredmedia":[{"embeddable":true,"href":"https:\/\/olemosaic.orbitalia.org\/fr\/wp-json\/wp\/v2\/media\/13824"}],"wp:attachment":[{"href":"https:\/\/olemosaic.orbitalia.org\/fr\/wp-json\/wp\/v2\/media?parent=32669"}],"wp:term":[{"taxonomy":"product_brand","embeddable":true,"href":"https:\/\/olemosaic.orbitalia.org\/fr\/wp-json\/wp\/v2\/product_brand?post=32669"},{"taxonomy":"product_cat","embeddable":true,"href":"https:\/\/olemosaic.orbitalia.org\/fr\/wp-json\/wp\/v2\/product_cat?post=32669"},{"taxonomy":"product_tag","embeddable":true,"href":"https:\/\/olemosaic.orbitalia.org\/fr\/wp-json\/wp\/v2\/product_tag?post=32669"}],"curies":[{"name":"wp","href":"https:\/\/api.w.org\/{rel}","templated":true}]}}