{"id":32668,"date":"2025-02-20T23:34:31","date_gmt":"2025-02-20T22:34:31","guid":{"rendered":"https:\/\/olemosaic.orbitalia.org\/producto\/4-bols-de-coco-de-13-x-6-cm-bailaora-3\/"},"modified":"2025-07-25T18:51:19","modified_gmt":"2025-07-25T16:51:19","slug":"4-bols-en-noix-de-coco-de-13-x-6-cm-danseuse-flamenco-3","status":"publish","type":"product","link":"https:\/\/olemosaic.orbitalia.org\/fr\/produit\/4-bols-en-noix-de-coco-de-13-x-6-cm-danseuse-flamenco-3\/","title":{"rendered":"4 Bols en noix de coco de 13 x 6 cm. Danseuse de Flamenco. Mosa\u00efque."},"content":{"rendered":"<p>Ce jeu de quatre bols en noix de coco, de 13 x 6 cm chacun, est un exemple exquis de la passion et de l&rsquo;art du flamenco, id\u00e9al pour ceux qui recherchent des souvenirs authentiques d&rsquo;Espagne. Chaque bol a \u00e9t\u00e9 soigneusement peint \u00e0 la main avec un design vibrant combinant des couleurs telles que le bleu, le rouge, l&rsquo;orange et le rose. La figure d&rsquo;une danseuse de flamenco se d\u00e9tache sur chaque pi\u00e8ce, capturant l&rsquo;\u00e9l\u00e9gance et le mouvement de cette danse traditionnelle espagnole. Le d\u00e9tail complexe du design en mosa\u00efque qui entoure la danseuse ajoute une touche artistique et contemporaine, fusionnant tradition et modernit\u00e9.<\/p>\n<p>Ces bols ne sont pas seulement des \u00e9l\u00e9ments d\u00e9coratifs, mais ils sont aussi fonctionnels, parfaits pour servir des tapas ou comme r\u00e9cipients pour de petits objets d\u00e9coratifs. Leur authenticit\u00e9 en tant que souvenir d&rsquo;Espagne r\u00e9side dans leur lien culturel avec le riche h\u00e9ritage du flamenco, une expression artistique qui refl\u00e8te l&rsquo;histoire et la passion du peuple espagnol. Chez Ol\u00e9 Mosaic, nous distribuons des souvenirs de qualit\u00e9 en gros, et ces bols en noix de coco sont une excellente option pour les boutiques de cadeaux touristiques qui cherchent \u00e0 offrir des produits repr\u00e9sentatifs et artisanaux de la culture espagnole. Avec chaque bol, les touristes peuvent emporter un petit morceau de l&rsquo;essence flamande, transformant un simple objet en un souvenir plein de sens.<\/p>\n","protected":false},"excerpt":{"rendered":"<p>Bols en noix de coco de 13 x 6 cm, con\u00e7us avec l&rsquo;\u00e9l\u00e9gante figure d&rsquo;une danseuse de flamenco. Chaque bol pr\u00e9sente une couleur vibrante, avec une finition artisanale peinte \u00e0 la main, qui met en valeur des motifs artistiques dans les tons bleu, rouge, orange et rose. La d\u00e9coration comprend un design complexe de mosa\u00efque qui encadre la danseuse en mouvement, capturant l&rsquo;essence du flamenco. Parfaits comme \u00e9l\u00e9ment d\u00e9coratif ou fonctionnel, ces bols fusionnent tradition et modernit\u00e9 avec style.<\/p>\n","protected":false},"featured_media":13823,"template":"","meta":{"_acf_changed":false},"product_brand":[],"product_cat":[521],"product_tag":[],"class_list":{"0":"post-32668","1":"product","2":"type-product","3":"status-publish","4":"has-post-thumbnail","6":"product_cat-bols","7":"pa_motivo-danseurs","9":"first","10":"instock","11":"shipping-taxable","12":"product-type-simple"},"acf":[],"_links":{"self":[{"href":"https:\/\/olemosaic.orbitalia.org\/fr\/wp-json\/wp\/v2\/product\/32668","targetHints":{"allow":["GET"]}}],"collection":[{"href":"https:\/\/olemosaic.orbitalia.org\/fr\/wp-json\/wp\/v2\/product"}],"about":[{"href":"https:\/\/olemosaic.orbitalia.org\/fr\/wp-json\/wp\/v2\/types\/product"}],"wp:featuredmedia":[{"embeddable":true,"href":"https:\/\/olemosaic.orbitalia.org\/fr\/wp-json\/wp\/v2\/media\/13823"}],"wp:attachment":[{"href":"https:\/\/olemosaic.orbitalia.org\/fr\/wp-json\/wp\/v2\/media?parent=32668"}],"wp:term":[{"taxonomy":"product_brand","embeddable":true,"href":"https:\/\/olemosaic.orbitalia.org\/fr\/wp-json\/wp\/v2\/product_brand?post=32668"},{"taxonomy":"product_cat","embeddable":true,"href":"https:\/\/olemosaic.orbitalia.org\/fr\/wp-json\/wp\/v2\/product_cat?post=32668"},{"taxonomy":"product_tag","embeddable":true,"href":"https:\/\/olemosaic.orbitalia.org\/fr\/wp-json\/wp\/v2\/product_tag?post=32668"}],"curies":[{"name":"wp","href":"https:\/\/api.w.org\/{rel}","templated":true}]}}