{"id":32667,"date":"2025-02-20T23:34:31","date_gmt":"2025-02-20T22:34:31","guid":{"rendered":"https:\/\/olemosaic.orbitalia.org\/producto\/4-bols-de-coco-de-13-x-6-cm-abanico-2\/"},"modified":"2025-07-25T20:26:55","modified_gmt":"2025-07-25T18:26:55","slug":"4-bols-en-noix-de-coco-de-13-x-6-cm-eventail-2","status":"publish","type":"product","link":"https:\/\/olemosaic.orbitalia.org\/fr\/produit\/4-bols-en-noix-de-coco-de-13-x-6-cm-eventail-2\/","title":{"rendered":"4 Bols en noix de coco de 13 x 6 cm. \u00c9ventail."},"content":{"rendered":"<p>Cet ensemble de quatre bols en noix de coco peints \u00e0 la main est une c\u00e9l\u00e9bration de la culture espagnole vibrante, id\u00e9al pour ceux qui recherchent un souvenir authentique et color\u00e9. Chaque bol mesure 13 x 6 cm et pr\u00e9sente un design unique int\u00e9grant de d\u00e9licats motifs d&rsquo;\u00e9ventails, \u00e9voquant la passion et l&rsquo;art du flamenco. Les bols sont disponibles dans une palette de couleurs attrayante : bleu, rouge, orange et rose, chacun orn\u00e9 de d\u00e9tails simulant le trencad\u00eds, une technique typique de la c\u00e9ramique espagnole qui combine des pi\u00e8ces de couleurs vives.<\/p>\n<p>Leur utilisation est polyvalente, car ils sont parfaits pour servir des ap\u00e9ritifs lors de tout \u00e9v\u00e9nement social ou simplement comme \u00e9l\u00e9ments d\u00e9coratifs qui ajoutent une touche joyeuse \u00e0 n&rsquo;importe quelle table. Les d\u00e9tails peints \u00e0 la main sur chaque bol garantissent qu&rsquo;il n&rsquo;y a pas deux pi\u00e8ces identiques, ce qui souligne leur authenticit\u00e9 et leur lien avec l&rsquo;art local. Cet ensemble ne fonctionne pas seulement comme un objet quotidien pratique, mais agit \u00e9galement comme un souvenir culturel repr\u00e9sentatif de l&rsquo;Espagne, id\u00e9al pour les touristes qui souhaitent ramener un morceau de la culture andalouse chez eux.<\/p>\n<p>Chez Ol\u00e9 Mosaic, nous nous sp\u00e9cialisons dans la distribution de souvenirs en gros, et cet ensemble de bols en noix de coco est une excellente option pour les boutiques de cadeaux touristiques \u00e0 la recherche de produits de qualit\u00e9 et de pertinence culturelle. En choisissant ces magnifiques bols, les clients n&rsquo;acqui\u00e8rent pas seulement un produit esth\u00e9tiquement attrayant, mais aussi une pi\u00e8ce qui raconte une histoire riche en traditions et en couleurs.<\/p>\n","protected":false},"excerpt":{"rendered":"<p>Bols en noix de coco de 13 x 6 cm d\u00e9cor\u00e9s de motifs d&rsquo;\u00e9ventails. Cet ensemble color\u00e9 comprend quatre bols dans les tons bleu, rouge, orange et rose, parfaits pour servir des ap\u00e9ritifs ou comme \u00e9l\u00e9ments d\u00e9coratifs. Chaque bol pr\u00e9sente un design artisanal, peint \u00e0 la main, avec des d\u00e9tails simulant le trencad\u00eds, \u00e9voquant la couleur et la joie de la culture espagnole. Id\u00e9als pour ajouter une touche vibrante \u00e0 n&rsquo;importe quelle table ou comme cadeau original.<\/p>\n","protected":false},"featured_media":13822,"template":"","meta":{"_acf_changed":false},"product_brand":[],"product_cat":[521],"product_tag":[],"class_list":{"0":"post-32667","1":"product","2":"type-product","3":"status-publish","4":"has-post-thumbnail","6":"product_cat-bols","8":"first","9":"instock","10":"shipping-taxable","11":"product-type-simple"},"acf":[],"_links":{"self":[{"href":"https:\/\/olemosaic.orbitalia.org\/fr\/wp-json\/wp\/v2\/product\/32667","targetHints":{"allow":["GET"]}}],"collection":[{"href":"https:\/\/olemosaic.orbitalia.org\/fr\/wp-json\/wp\/v2\/product"}],"about":[{"href":"https:\/\/olemosaic.orbitalia.org\/fr\/wp-json\/wp\/v2\/types\/product"}],"wp:featuredmedia":[{"embeddable":true,"href":"https:\/\/olemosaic.orbitalia.org\/fr\/wp-json\/wp\/v2\/media\/13822"}],"wp:attachment":[{"href":"https:\/\/olemosaic.orbitalia.org\/fr\/wp-json\/wp\/v2\/media?parent=32667"}],"wp:term":[{"taxonomy":"product_brand","embeddable":true,"href":"https:\/\/olemosaic.orbitalia.org\/fr\/wp-json\/wp\/v2\/product_brand?post=32667"},{"taxonomy":"product_cat","embeddable":true,"href":"https:\/\/olemosaic.orbitalia.org\/fr\/wp-json\/wp\/v2\/product_cat?post=32667"},{"taxonomy":"product_tag","embeddable":true,"href":"https:\/\/olemosaic.orbitalia.org\/fr\/wp-json\/wp\/v2\/product_tag?post=32667"}],"curies":[{"name":"wp","href":"https:\/\/api.w.org\/{rel}","templated":true}]}}